{"id":545109,"date":"2025-09-05T18:09:58","date_gmt":"2025-09-05T15:09:58","guid":{"rendered":"https:\/\/staging.nbg.eu\/product\/muzzle-break-vanward-pro-break-for-qd55\/"},"modified":"2025-10-01T10:24:04","modified_gmt":"2025-10-01T07:24:04","slug":"magpul-butt-pad-tar-rubberr-070","status":"publish","type":"product","link":"https:\/\/staging.nbg.eu\/mt\/product\/magpul-butt-pad-tar-rubberr-070\/","title":{"rendered":"Magpul &#8211; Butt-Pad tar-Rubberr &#8211; 0.70&#8243;"},"content":{"rendered":"<div class=\"product-description\">\n<h2>Muzzle Break Vanward Pro-Break g\u0127al QD55<\/h2>\n<p>Il-Vanward Pro-Brake huwa ver\u017cjoni tal-Fafnir ta&#8217; Salamander Tactical. Dan il-muzzle brake joffri:<\/p>\n<ul>\n<li>Tnaqqis tar-recoil ta&#8217; 78% (ittestjat minn Vaapentidingen)<\/li>\n<li>Integrazzjoni mal-silencer Vanward QD55<\/li>\n<li>Immuntar u indi\u010bjar b&#8217;lock nut inklu\u017ca<\/li>\n<li>Pi\u017c ta&#8217; 174 gramma<\/li>\n<\/ul>\n<p>Jibbilan\u010bja kaxxa waqt tir ta&#8217; kalibru 6.5&#215;47. G\u0127al sparaturi ta&#8217; pre\u010bi\u017cjoni li jridu prestazzjoni u kompatibbilt\u00e0 ma&#8217; silencer. Il-Vanward Pro-Brake huwa disponibbli issa.<\/p>\n<\/div>\n","protected":false},"excerpt":{"rendered":"<p>Brejk tar-ri\u010bevitur avvanzat g\u0127al QD55, tnaqqis ta&#8217; 78%. Kompatibbli mas-silencer.<\/p>\n","protected":false},"featured_media":498979,"template":"","meta":{"_acf_changed":false},"product_brand":[],"product_cat":[642,872,643,1703],"product_tag":[],"class_list":{"0":"post-545109","1":"product","2":"type-product","3":"status-publish","4":"has-post-thumbnail","6":"product_cat-rifle-mt","7":"product_cat-rifle-suppressors-mt","8":"product_cat-rifle-parts-mt","9":"product_cat-suppressor-accessories-mt","11":"first","12":"outofstock","13":"taxable","14":"shipping-taxable","15":"product-type-simple"},"acf":[],"_links":{"self":[{"href":"https:\/\/staging.nbg.eu\/mt\/wp-json\/wp\/v2\/product\/545109","targetHints":{"allow":["GET"]}}],"collection":[{"href":"https:\/\/staging.nbg.eu\/mt\/wp-json\/wp\/v2\/product"}],"about":[{"href":"https:\/\/staging.nbg.eu\/mt\/wp-json\/wp\/v2\/types\/product"}],"wp:featuredmedia":[{"embeddable":true,"href":"https:\/\/staging.nbg.eu\/mt\/wp-json\/wp\/v2\/media\/498979"}],"wp:attachment":[{"href":"https:\/\/staging.nbg.eu\/mt\/wp-json\/wp\/v2\/media?parent=545109"}],"wp:term":[{"taxonomy":"product_brand","embeddable":true,"href":"https:\/\/staging.nbg.eu\/mt\/wp-json\/wp\/v2\/product_brand?post=545109"},{"taxonomy":"product_cat","embeddable":true,"href":"https:\/\/staging.nbg.eu\/mt\/wp-json\/wp\/v2\/product_cat?post=545109"},{"taxonomy":"product_tag","embeddable":true,"href":"https:\/\/staging.nbg.eu\/mt\/wp-json\/wp\/v2\/product_tag?post=545109"}],"curies":[{"name":"wp","href":"https:\/\/api.w.org\/{rel}","templated":true}]}}