{"id":540838,"date":"2025-09-05T18:09:45","date_gmt":"2025-09-05T15:09:45","guid":{"rendered":"https:\/\/staging.nbg.eu\/product\/bullet-berger-cal-6-5-creedmoor-elite-hunter-140gr-100pcs\/"},"modified":"2025-09-30T17:22:37","modified_gmt":"2025-09-30T14:22:37","slug":"pakkett-taz-zaqq-two-4-gal-plate-carriers","status":"publish","type":"product","link":"https:\/\/staging.nbg.eu\/mt\/product\/pakkett-taz-zaqq-two-4-gal-plate-carriers\/","title":{"rendered":"Pakkett ta\u017c-\u017baqq Two-4 g\u0127al Plate Carriers"},"content":{"rendered":"<h2>Balla Berger cal. 6.5 Creedmoor Elite Hunter 140gr.\/100pcs.<\/h2>\n<p>Balla ta&#8217; Berger 6.5 Creedmoor 140 Grain Elite Hunter g\u0127al ka\u010b\u010ba ta&#8217; annimali ta&#8217; daqs medju. Din il-balla toffri:<\/p>\n<ul>\n<li><strong>Konsistenza:<\/strong> Tu\u017ca J4 Precision Bullet Jackets b&#8217;Total Indicated Runout (TIR) ta&#8217; +\/-.0003&#8243;<\/li>\n<li><strong>Ogive Ibrida:<\/strong> Tg\u0127aqqad forom ta&#8217; mnie\u0127er tangenti u secant<\/li>\n<li><strong>Qalba Konsistenti:<\/strong> Tne\u0127\u0127i l-b\u017conn ta&#8217; g\u0127a\u017cla tal-pi\u017c<\/li>\n<li><strong>Disinn ta&#8217; Denb tad-Dg\u0127ajsa:<\/strong> Jag\u0127ti vanta\u0121\u0121 ajrudinamiku f&#8217;distanzi itwal<\/li>\n<li><strong>J4 Hunting Jacket:<\/strong> Jippermetti penetrazzjoni ta&#8217; 2-3&#8243; qabel espansjoni rapida<\/li>\n<\/ul>\n<p>Tajba g\u0127all-isparar kompetittiv u l-ka\u010b\u010ba. Il-6.5 Creedmoor Elite Hunter g\u0127andha ballistika esterna, prestazzjoni terminali, u recoil. B&#8217;G1 BC ta&#8217; 0.606 u velo\u010bit\u00e0 tal-muzzle ta&#8217; 2750 fps, din il-munizzjon tag\u0127ti pre\u010bi\u017cjoni f&#8217;distanzi twal.<\/p>\n<p>Spe\u010bifikazzjonijiet:<\/p>\n<ul>\n<li>Pi\u017c: 140 Grain<\/li>\n<li>G7 BC: 0.31<\/li>\n<li>Twist Minimu: 1:8&#8243; jew aktar mg\u0127a\u0121\u0121el<\/li>\n<li>COAL Massimu: 2.825&#8243;<\/li>\n<li>Ener\u0121ija tal-Muzzle: 2351 ft-lb<\/li>\n<\/ul>\n<p>Ag\u0127\u017cel l-Elite Hunter ta&#8217; Berger g\u0127all-ka\u010b\u010ba jew isparar kompetittiv tieg\u0127ek li jmiss.<\/p>\n","protected":false},"excerpt":{"rendered":"<p>Elite Hunter 6.5 Creedmoor: Balla pre\u010bi\u017ca u affidabbli ta&#8217; 140gr g\u0127all-ka\u010b\u010ba ta&#8217; annimali ta&#8217; daqs medju.<\/p>\n","protected":false},"featured_media":498854,"template":"","meta":{"_acf_changed":false},"product_brand":[],"product_cat":[1475,1076],"product_tag":[],"class_list":{"0":"post-540838","1":"product","2":"type-product","3":"status-publish","4":"has-post-thumbnail","6":"product_cat-ammunition-mt","7":"product_cat-reloading-mt","9":"first","10":"instock","11":"taxable","12":"shipping-taxable","13":"product-type-simple"},"acf":[],"_links":{"self":[{"href":"https:\/\/staging.nbg.eu\/mt\/wp-json\/wp\/v2\/product\/540838","targetHints":{"allow":["GET"]}}],"collection":[{"href":"https:\/\/staging.nbg.eu\/mt\/wp-json\/wp\/v2\/product"}],"about":[{"href":"https:\/\/staging.nbg.eu\/mt\/wp-json\/wp\/v2\/types\/product"}],"wp:featuredmedia":[{"embeddable":true,"href":"https:\/\/staging.nbg.eu\/mt\/wp-json\/wp\/v2\/media\/498854"}],"wp:attachment":[{"href":"https:\/\/staging.nbg.eu\/mt\/wp-json\/wp\/v2\/media?parent=540838"}],"wp:term":[{"taxonomy":"product_brand","embeddable":true,"href":"https:\/\/staging.nbg.eu\/mt\/wp-json\/wp\/v2\/product_brand?post=540838"},{"taxonomy":"product_cat","embeddable":true,"href":"https:\/\/staging.nbg.eu\/mt\/wp-json\/wp\/v2\/product_cat?post=540838"},{"taxonomy":"product_tag","embeddable":true,"href":"https:\/\/staging.nbg.eu\/mt\/wp-json\/wp\/v2\/product_tag?post=540838"}],"curies":[{"name":"wp","href":"https:\/\/api.w.org\/{rel}","templated":true}]}}