{"id":54060,"date":"2024-03-02T10:05:47","date_gmt":"2024-09-13T12:58:10","guid":{"rendered":"https:\/\/staging.nbg.eu\/product\/bore-tech-proof-positive-shotgun-jag-12-16-20-ga\/"},"modified":"2024-09-13T12:59:07","modified_gmt":"2024-09-13T12:59:07","slug":"bore-tech-proof-positive-shotgun-jag-121620-ga","status":"publish","type":"product","link":"https:\/\/staging.nbg.eu\/mt\/product\/bore-tech-proof-positive-shotgun-jag-121620-ga\/","title":{"rendered":"Bore Tech Proof-Positive Shotgun Jag (12\/16\/20 GA)"},"content":{"rendered":"<div class=\"product-description\">\n<h2>Bore Tech Jag g\u0127all-Xkubetta (12\/16\/20 GA)<\/h2>\n<p>Jag g\u0127at-tindif tax-xkubetta minn Bore Tech. Karatteristi\u010bi:<\/p>\n<ul>\n<li>4 petali flessibbli g\u0127al konformit\u00e0 mal-kanna<\/li>\n<li>Mag\u0127mul minn najlon re\u017cistenti<\/li>\n<li>Jista&#8217; jg\u0127addi minn tubi tal-choke<\/li>\n<li>Jaqbel ma&#8217; vireg bil-kamin standard 5\/16-27<\/li>\n<\/ul>\n<p>G\u0127al manutenzjoni tax-xkubetta. Utli g\u0127al dawk li ju\u017caw ix-xkubetta.<\/p>\n<p><strong>Prezz: \u20ac14.99<\/strong><\/p>\n<\/div>\n","protected":false},"excerpt":{"rendered":"<p>Jag flessibbli b&#8217;4 petali g\u0127al tindif effi\u010bjenti tal-xkubetta. Kompatibbli mal-choke.<\/p>\n","protected":false},"featured_media":54061,"template":"","meta":{"_acf_changed":false},"product_brand":[11160],"product_cat":[1433,1434],"product_tag":[],"class_list":{"0":"post-54060","1":"product","2":"type-product","3":"status-publish","4":"has-post-thumbnail","6":"product_brand-boretech","7":"product_cat-brushes-mt","8":"product_cat-maintenance-mt","10":"first","11":"instock","12":"taxable","13":"shipping-taxable","14":"purchasable","15":"product-type-variable","16":"wvs-archive-product-wrapper"},"acf":[],"_links":{"self":[{"href":"https:\/\/staging.nbg.eu\/mt\/wp-json\/wp\/v2\/product\/54060","targetHints":{"allow":["GET"]}}],"collection":[{"href":"https:\/\/staging.nbg.eu\/mt\/wp-json\/wp\/v2\/product"}],"about":[{"href":"https:\/\/staging.nbg.eu\/mt\/wp-json\/wp\/v2\/types\/product"}],"wp:featuredmedia":[{"embeddable":true,"href":"https:\/\/staging.nbg.eu\/mt\/wp-json\/wp\/v2\/media\/54061"}],"wp:attachment":[{"href":"https:\/\/staging.nbg.eu\/mt\/wp-json\/wp\/v2\/media?parent=54060"}],"wp:term":[{"taxonomy":"product_brand","embeddable":true,"href":"https:\/\/staging.nbg.eu\/mt\/wp-json\/wp\/v2\/product_brand?post=54060"},{"taxonomy":"product_cat","embeddable":true,"href":"https:\/\/staging.nbg.eu\/mt\/wp-json\/wp\/v2\/product_cat?post=54060"},{"taxonomy":"product_tag","embeddable":true,"href":"https:\/\/staging.nbg.eu\/mt\/wp-json\/wp\/v2\/product_tag?post=54060"}],"curies":[{"name":"wp","href":"https:\/\/api.w.org\/{rel}","templated":true}]}}