{"id":538321,"date":"2025-09-05T17:34:38","date_gmt":"2025-09-05T14:34:38","guid":{"rendered":"https:\/\/staging.nbg.eu\/product\/pistol-cz-shadow-2-orange-cal-9h19\/"},"modified":"2025-09-30T12:41:32","modified_gmt":"2025-09-30T09:41:32","slug":"molla-ta-rikoil-kmr-45-extra-extrasoft-8","status":"publish","type":"product","link":"https:\/\/staging.nbg.eu\/mt\/product\/molla-ta-rikoil-kmr-45-extra-extrasoft-8\/","title":{"rendered":"MOLLA TA&#8217; RIKOIL KMR 4,5&#8243; EXTRA EXTRASOFT (8)"},"content":{"rendered":"<div class=\"product-description\">\n<h2>CZ Shadow 2 Orange<\/h2>\n<p>CZ Shadow 2 Orange hija pistola ddisinjata g\u0127al sparaturi kompetittivi u entu\u017cjasti.<\/p>\n<h2>Pre\u010bi\u017cjoni<\/h2>\n<ul>\n<li>Barrel bushing imqabbad fil-fabbrika<\/li>\n<li>Trigger a\u0121\u0121ustat fil-fabbrika<\/li>\n<li>Slide u frame imqabbdin bl-idejn<\/li>\n<\/ul>\n<h2>Disinn<\/h2>\n<ul>\n<li>Grips u ba\u017cijiet tal-magazine spe\u010bifi\u010bi<\/li>\n<li>Buttuna tal-\u0127ru\u0121 tal-magazine prominenti<\/li>\n<li>Buttuna tal-\u0127ru\u0121 tal-magazine esti\u017ca u a\u0121\u0121ustabbli<\/li>\n<\/ul>\n<h2>Kostruzzjoni<\/h2>\n<ul>\n<li>Finitura nitride<\/li>\n<li>Polycoat iswed addizzjonali fuq il-frame tal-azzar<\/li>\n<li>Grips tal-aluminju rqaq b&#8217;checkering estensiv<\/li>\n<\/ul>\n<h2>Sistema ta&#8217; Mira<\/h2>\n<ul>\n<li>Mira ta&#8217; quddiem b&#8217;fibra ottika<\/li>\n<li>Mira ta&#8217; wara HAJO a\u0121\u0121ustabbli<\/li>\n<\/ul>\n<h2>Spe\u010bifikazzjonijiet Ewlenin<\/h2>\n<ul>\n<li>Kamera: 9mm Luger<\/li>\n<li>Kapa\u010bit\u00e0 tal-Magazine: 17+1 tiri<\/li>\n<li>Materjal tal-Frame: Azzar<\/li>\n<li>Mekkani\u017cmu tat-Trigger: SA\/DA<\/li>\n<li>Kanna: Cold Hammer Forged, 4.89 pulzieri<\/li>\n<li>Pi\u017c: 46.5 uqijiet<\/li>\n<li>Tul Totali: 8.53 pulzieri<\/li>\n<\/ul>\n<p>Is-CZ Shadow 2 Orange hija pistola kompetittiva b&#8217;pre\u010bi\u017cjoni mtejba, karatteristi\u010bi personalizzabbli, u kostruzzjoni robusta.<\/p>\n<\/div>\n","protected":false},"excerpt":{"rendered":"<p>Pistola ta&#8217; 9mm iddisinjata bi pre\u010bi\u017cjoni g\u0127al sparaturi kompetittivi. Prestazzjoni ta&#8217; livell g\u0127oli.<\/p>\n","protected":false},"featured_media":497139,"template":"","meta":{"_acf_changed":false},"product_brand":[],"product_cat":[2177,2254],"product_tag":[],"class_list":{"0":"post-538321","1":"product","2":"type-product","3":"status-publish","4":"has-post-thumbnail","6":"product_cat-pistol-mt","7":"product_cat-pistols-mt","9":"first","10":"instock","11":"taxable","12":"shipping-taxable","13":"purchasable","14":"product-type-simple"},"acf":[],"_links":{"self":[{"href":"https:\/\/staging.nbg.eu\/mt\/wp-json\/wp\/v2\/product\/538321","targetHints":{"allow":["GET"]}}],"collection":[{"href":"https:\/\/staging.nbg.eu\/mt\/wp-json\/wp\/v2\/product"}],"about":[{"href":"https:\/\/staging.nbg.eu\/mt\/wp-json\/wp\/v2\/types\/product"}],"wp:featuredmedia":[{"embeddable":true,"href":"https:\/\/staging.nbg.eu\/mt\/wp-json\/wp\/v2\/media\/497139"}],"wp:attachment":[{"href":"https:\/\/staging.nbg.eu\/mt\/wp-json\/wp\/v2\/media?parent=538321"}],"wp:term":[{"taxonomy":"product_brand","embeddable":true,"href":"https:\/\/staging.nbg.eu\/mt\/wp-json\/wp\/v2\/product_brand?post=538321"},{"taxonomy":"product_cat","embeddable":true,"href":"https:\/\/staging.nbg.eu\/mt\/wp-json\/wp\/v2\/product_cat?post=538321"},{"taxonomy":"product_tag","embeddable":true,"href":"https:\/\/staging.nbg.eu\/mt\/wp-json\/wp\/v2\/product_tag?post=538321"}],"curies":[{"name":"wp","href":"https:\/\/api.w.org\/{rel}","templated":true}]}}