{"id":537993,"date":"2025-09-05T17:25:46","date_gmt":"2025-09-05T14:25:46","guid":{"rendered":"https:\/\/staging.nbg.eu\/product\/recoil-spring-kmr-45-extra-extrasoft-8\/"},"modified":"2025-09-30T12:20:30","modified_gmt":"2025-09-30T09:20:30","slug":"sons-of-liberty-gun-works-ar-15-bolt-catch-spring","status":"publish","type":"product","link":"https:\/\/staging.nbg.eu\/mt\/product\/sons-of-liberty-gun-works-ar-15-bolt-catch-spring\/","title":{"rendered":"SONS OF LIBERTY GUN WORKS AR-15 BOLT CATCH SPRING"},"content":{"rendered":"<h2>MOLLA TAR-RECOIL KMR 4,5&#8243; EXTRA EXTRASOFT (8)<\/h2>\n<p>Il-MOLLA TAR-RECOIL KMR 4,5&#8243; EXTRA EXTRASOFT (8) hija ddisinjata g\u0127all-arma tan-nar ta&#8217; 4.5 pulzieri.<\/p>\n<h2>Karatteristi\u010bi tal-Prodott:<\/h2>\n<ul>\n<li>Marka: KMR Precision Arms<\/li>\n<li>Referenza: 0730-05801-0000<\/li>\n<li>Tul: 4.5 pulzieri<\/li>\n<li>Tip: Extra Extrasoft<\/li>\n<li>Kwantit\u00e0: 8 molol f&#8217;kull pakkett<\/li>\n<\/ul>\n<p>Din il-molla tar-recoil extra extrasoft hija ma\u0127suba biex tnaqqas ir-recoil u ttejjeb il-funzjonament tal-arma. Hija adattata g\u0127all-isparatura kompetittiva u g\u0127al dawk li jridu ja\u0121\u0121ustaw il-prestazzjoni tal-arma tag\u0127hom. Il-molla KMR 4,5&#8243; EXTRA EXTRASOFT ti\u017cgura \u010biklu bla xkiel u operazzjoni affidabbli.<\/p>\n","protected":false},"excerpt":{"rendered":"<p>Molla tar-recoil extra ratba g\u0127all-armi ta&#8217; pre\u010bi\u017cjoni KMR ta&#8217; 4.5&#8243;. Azzjoni bla xkiel.<\/p>\n","protected":false},"featured_media":496961,"template":"","meta":{"_acf_changed":false},"product_brand":[11500],"product_cat":[918],"product_tag":[],"class_list":{"0":"post-537993","1":"product","2":"type-product","3":"status-publish","4":"has-post-thumbnail","6":"product_brand-kmr-precision","7":"product_cat-kmr-parts-mt","9":"first","10":"instock","11":"taxable","12":"shipping-taxable","13":"purchasable","14":"product-type-simple"},"acf":[],"_links":{"self":[{"href":"https:\/\/staging.nbg.eu\/mt\/wp-json\/wp\/v2\/product\/537993","targetHints":{"allow":["GET"]}}],"collection":[{"href":"https:\/\/staging.nbg.eu\/mt\/wp-json\/wp\/v2\/product"}],"about":[{"href":"https:\/\/staging.nbg.eu\/mt\/wp-json\/wp\/v2\/types\/product"}],"wp:featuredmedia":[{"embeddable":true,"href":"https:\/\/staging.nbg.eu\/mt\/wp-json\/wp\/v2\/media\/496961"}],"wp:attachment":[{"href":"https:\/\/staging.nbg.eu\/mt\/wp-json\/wp\/v2\/media?parent=537993"}],"wp:term":[{"taxonomy":"product_brand","embeddable":true,"href":"https:\/\/staging.nbg.eu\/mt\/wp-json\/wp\/v2\/product_brand?post=537993"},{"taxonomy":"product_cat","embeddable":true,"href":"https:\/\/staging.nbg.eu\/mt\/wp-json\/wp\/v2\/product_cat?post=537993"},{"taxonomy":"product_tag","embeddable":true,"href":"https:\/\/staging.nbg.eu\/mt\/wp-json\/wp\/v2\/product_tag?post=537993"}],"curies":[{"name":"wp","href":"https:\/\/api.w.org\/{rel}","templated":true}]}}