{"id":537751,"date":"2025-09-05T00:17:22","date_gmt":"2025-09-04T21:17:22","guid":{"rendered":"https:\/\/staging.nbg.eu\/product\/badger-ordnance-34mm-condition-one-accessory-ring-cap-tan-700-34\/"},"modified":"2025-09-30T11:50:35","modified_gmt":"2025-09-30T08:50:35","slug":"tokenizzazzjoni","status":"publish","type":"product","link":"https:\/\/staging.nbg.eu\/mt\/product\/tokenizzazzjoni\/","title":{"rendered":"# Tokenizzazzjoni"},"content":{"rendered":"<div class=\"product-description\">\n<h2>BADGER ORDNANCE 34MM \u010aIRKU TAL-A\u010a\u010aESSORJU TAL-KONDIZZJONI WIE\u0126ED KANNELLA (700-34)<\/h2>\n<p>I\u010b-\u010airku tal-A\u010b\u010bessorju tal-Kondizzjoni Wie\u0127ed (C1 ARC) ta&#8217; Badger Ordnance g\u0127all-Munta\u0121\u0121 Modulari tal-Kondizzjoni Wie\u0127ed joffri:<\/p>\n<ul>\n<li>Integrazzjoni mal-Munta\u0121\u0121i Modulari tal-Kondizzjoni Wie\u0127ed<\/li>\n<li>G\u0127a\u017cliet ta&#8217; rbit &#8211; po\u017cizzjonament quddiem jew wara<\/li>\n<li>Kompatibbilt\u00e0 ma&#8217; diversi a\u010b\u010bessorji, inklu\u017ci binarji tal-laser rangefinder u otti\u010bi red dot ta&#8217; 12-il sieg\u0127a<\/li>\n<li>Twa\u0127\u0127il\/qtug\u0127 ming\u0127ajr ma tiddisturba l-i\u017cerjar tal-ottika primarja<\/li>\n<li>Finitura kannella g\u0127al applikazzjonijiet tatti\u010bi<\/li>\n<\/ul>\n<p>C1 ARC huwa ddisinjat biex jipprovdi personalizzazzjoni u funzjonalit\u00e0 g\u0127al sparaturi u professjonisti.<\/p>\n<\/div>\n","protected":false},"excerpt":{"rendered":"<p>\u010airku ta&#8217; 34mm li jista&#8217; ji\u0121i personalizzat g\u0127all-immuntar ta&#8217; Condition One. A\u010b\u010bessorju versatili g\u0127all-konnessjoni.<\/p>\n","protected":false},"featured_media":496485,"template":"","meta":{"_acf_changed":false},"product_brand":[11090],"product_cat":[796,2916],"product_tag":[],"class_list":{"0":"post-537751","1":"product","2":"type-product","3":"status-publish","4":"has-post-thumbnail","6":"product_brand-badger-ordnance","7":"product_cat-aiming-mt","8":"product_cat-aiming-accessories-mt","10":"first","11":"instock","12":"taxable","13":"shipping-taxable","14":"purchasable","15":"product-type-simple"},"acf":[],"_links":{"self":[{"href":"https:\/\/staging.nbg.eu\/mt\/wp-json\/wp\/v2\/product\/537751","targetHints":{"allow":["GET"]}}],"collection":[{"href":"https:\/\/staging.nbg.eu\/mt\/wp-json\/wp\/v2\/product"}],"about":[{"href":"https:\/\/staging.nbg.eu\/mt\/wp-json\/wp\/v2\/types\/product"}],"wp:featuredmedia":[{"embeddable":true,"href":"https:\/\/staging.nbg.eu\/mt\/wp-json\/wp\/v2\/media\/496485"}],"wp:attachment":[{"href":"https:\/\/staging.nbg.eu\/mt\/wp-json\/wp\/v2\/media?parent=537751"}],"wp:term":[{"taxonomy":"product_brand","embeddable":true,"href":"https:\/\/staging.nbg.eu\/mt\/wp-json\/wp\/v2\/product_brand?post=537751"},{"taxonomy":"product_cat","embeddable":true,"href":"https:\/\/staging.nbg.eu\/mt\/wp-json\/wp\/v2\/product_cat?post=537751"},{"taxonomy":"product_tag","embeddable":true,"href":"https:\/\/staging.nbg.eu\/mt\/wp-json\/wp\/v2\/product_tag?post=537751"}],"curies":[{"name":"wp","href":"https:\/\/api.w.org\/{rel}","templated":true}]}}