{"id":535732,"date":"2025-09-05T00:01:54","date_gmt":"2025-09-04T21:01:54","guid":{"rendered":"https:\/\/staging.nbg.eu\/product\/vortex-defender-xl-red-dot-2moa-sight-dfxl-mrd2\/"},"modified":"2025-09-29T16:21:16","modified_gmt":"2025-09-29T13:21:16","slug":"vortex-defender-xl-red-dot-2moa-sight-dfxl-mrd2","status":"publish","type":"product","link":"https:\/\/staging.nbg.eu\/mt\/product\/vortex-defender-xl-red-dot-2moa-sight-dfxl-mrd2\/","title":{"rendered":"Vortex Defender-XL Red Dot 2MOA Sight &#8211; DFXL-MRD2"},"content":{"rendered":"<div class=\"product-description\">\n<h2>Vortex Defender-XL Red Dot 2MOA Sight &#8211; DFXL-MRD2<\/h2>\n<p>Il-Vortex Defender-XL 2 MOA Red Dot Sight huwa ottika kompatta u robusta ddisinjata g\u0127all-akkwist rapidu tal-mira. Huwa adattat g\u0127al sparaturi kompetittivi, operaturi tatti\u010bi, u entu\u017cjasti tal-armi tan-nar.<\/p>\n<h2>Karatteristi\u010bi Ewlenin:<\/h2>\n<ul>\n<li>Dot a\u0127mar ta&#8217; 2 MOA \u010bar<\/li>\n<li>10 settings ta&#8217; lumino\u017cit\u00e0, inklu\u017ci 2 modi kompatibbli ma&#8217; night vision<\/li>\n<li>Lenti asferika kbira<\/li>\n<li>Insert tal-polimer ShockShield g\u0127al re\u017cistenza g\u0127all-impatt<\/li>\n<li>Texturing Fast-Rack g\u0127al manipulazzjoni tal-islajd<\/li>\n<li>Attivazzjoni bil-moviment b&#8217;g\u0127eluq awtomatiku wara 10 minuti<\/li>\n<li>Lockout tal-buttuna biex ti\u0121i evitata a\u0121\u0121ustament a\u010b\u010bidentali<\/li>\n<li>Sistema ta&#8217; batterija li titg\u0127abba minn fuq g\u0127al sostituzzjoni fa\u010bli<\/li>\n<li>Finitura opaka g\u0127al kamufla\u0121\u0121 tattiku<\/li>\n<\/ul>\n<p>Id-Defender-XL huwa ddisinjat biex jifla\u0127 kundizzjonijiet diffi\u010bli waqt li j\u017comm prestazzjoni pre\u010bi\u017ca. Huwa g\u0127a\u017cla g\u0127al sparaturi li je\u0127tie\u0121u affidabilit\u00e0 u versatilit\u00e0.<\/p>\n<\/div>\n","protected":false},"excerpt":{"rendered":"<p>Vi\u017cwal tal-punt a\u0127mar kompatt u robust b&#8217;tikka ta&#8217; 2 MOA u attivazzjoni bil-moviment.<\/p>\n","protected":false},"featured_media":496176,"template":"","meta":{"_acf_changed":false},"product_brand":[],"product_cat":[796,1733,798,1780],"product_tag":[],"class_list":{"0":"post-535732","1":"product","2":"type-product","3":"status-publish","4":"has-post-thumbnail","6":"product_cat-aiming-mt","7":"product_cat-pistol-dots-mt","8":"product_cat-red-dots-mt","9":"product_cat-rifle-dots-mt","11":"first","12":"instock","13":"taxable","14":"shipping-taxable","15":"purchasable","16":"product-type-simple"},"acf":[],"_links":{"self":[{"href":"https:\/\/staging.nbg.eu\/mt\/wp-json\/wp\/v2\/product\/535732","targetHints":{"allow":["GET"]}}],"collection":[{"href":"https:\/\/staging.nbg.eu\/mt\/wp-json\/wp\/v2\/product"}],"about":[{"href":"https:\/\/staging.nbg.eu\/mt\/wp-json\/wp\/v2\/types\/product"}],"wp:featuredmedia":[{"embeddable":true,"href":"https:\/\/staging.nbg.eu\/mt\/wp-json\/wp\/v2\/media\/496176"}],"wp:attachment":[{"href":"https:\/\/staging.nbg.eu\/mt\/wp-json\/wp\/v2\/media?parent=535732"}],"wp:term":[{"taxonomy":"product_brand","embeddable":true,"href":"https:\/\/staging.nbg.eu\/mt\/wp-json\/wp\/v2\/product_brand?post=535732"},{"taxonomy":"product_cat","embeddable":true,"href":"https:\/\/staging.nbg.eu\/mt\/wp-json\/wp\/v2\/product_cat?post=535732"},{"taxonomy":"product_tag","embeddable":true,"href":"https:\/\/staging.nbg.eu\/mt\/wp-json\/wp\/v2\/product_tag?post=535732"}],"curies":[{"name":"wp","href":"https:\/\/api.w.org\/{rel}","templated":true}]}}