{"id":535624,"date":"2025-09-05T00:01:46","date_gmt":"2025-09-04T21:01:46","guid":{"rendered":"https:\/\/staging.nbg.eu\/product\/rh-502-speedloops-45-mm\/"},"modified":"2025-09-29T16:11:54","modified_gmt":"2025-09-29T13:11:54","slug":"rh-502-speedloops-45-mm","status":"publish","type":"product","link":"https:\/\/staging.nbg.eu\/mt\/product\/rh-502-speedloops-45-mm\/","title":{"rendered":"RH .502 Speedloops 45 mm"},"content":{"rendered":"<h2>RH .502 Speedloops 45 mm<\/h2>\n<p>RH .502 Speedloops 45 mm huma g\u0127al holsters. Dawn il-\u0127oloq tal-azzar huma ddisinjati g\u0127al ka\u017cijiet cydex u prodotti RH Holster.<\/p>\n<h3>Karatteristi\u010bi Ewlenin:<\/h3>\n<ul>\n<li>Fa\u010bli biex tu\u017ca: M&#8217;hemmx b\u017conn tg\u0127addi \u010b-\u010binturin<\/li>\n<li>Mag\u0127mula minn azzar solidu b&#8217;finitura ta&#8217; laker iswed<\/li>\n<li>Kompatibbli ma&#8217; \u010binturini sa 7 mm \u0127xuna<\/li>\n<li>Daqs ta&#8217; 45 mm<\/li>\n<\/ul>\n<p>L-SpeedLoops RH Holsters jippermettu li twa\u0127\u0127al il-ka\u017c cydex tieg\u0127ek ma\u010b-\u010binturin. Sempli\u010bement po\u0121\u0121i l-\u0127olqa fuq \u010binturin ma\u0127lul ftit.<\/p>\n<h3>Benefi\u010b\u010bji:<\/h3>\n<ul>\n<li>Iddisinjati g\u0127al ka\u017cijiet cydex<\/li>\n<li>Kompatibbli ma&#8217; ka\u017cijiet RH Holster<\/li>\n<li>M&#8217;hemmx b\u017conn tg\u0127addi \u010b-\u010binturin<\/li>\n<\/ul>\n<p><strong>Kulur:<\/strong> Iswed<\/p>\n<p><strong>Daqs:<\/strong> 45 mm<\/p>\n<p>RH .502 Speedloops 45 mm huma g\u0127al konvenjenza u funzjonalit\u00e0 fil-holster tieg\u0127ek.<\/p>\n","protected":false},"excerpt":{"rendered":"<p>RH .502 Speedloops: \u010arieki tal-azzar li jitwa\u0127\u0127lu malajr g\u0127all-kaxxi Cydex, 45mm.<\/p>\n","protected":false},"featured_media":496152,"template":"","meta":{"_acf_changed":false},"product_brand":[11637],"product_cat":[1026],"product_tag":[],"class_list":{"0":"post-535624","1":"product","2":"type-product","3":"status-publish","4":"has-post-thumbnail","6":"product_brand-rh-holsters","7":"product_cat-holster-accessories-mt","9":"first","10":"outofstock","11":"taxable","12":"shipping-taxable","13":"purchasable","14":"product-type-simple"},"acf":[],"_links":{"self":[{"href":"https:\/\/staging.nbg.eu\/mt\/wp-json\/wp\/v2\/product\/535624","targetHints":{"allow":["GET"]}}],"collection":[{"href":"https:\/\/staging.nbg.eu\/mt\/wp-json\/wp\/v2\/product"}],"about":[{"href":"https:\/\/staging.nbg.eu\/mt\/wp-json\/wp\/v2\/types\/product"}],"wp:featuredmedia":[{"embeddable":true,"href":"https:\/\/staging.nbg.eu\/mt\/wp-json\/wp\/v2\/media\/496152"}],"wp:attachment":[{"href":"https:\/\/staging.nbg.eu\/mt\/wp-json\/wp\/v2\/media?parent=535624"}],"wp:term":[{"taxonomy":"product_brand","embeddable":true,"href":"https:\/\/staging.nbg.eu\/mt\/wp-json\/wp\/v2\/product_brand?post=535624"},{"taxonomy":"product_cat","embeddable":true,"href":"https:\/\/staging.nbg.eu\/mt\/wp-json\/wp\/v2\/product_cat?post=535624"},{"taxonomy":"product_tag","embeddable":true,"href":"https:\/\/staging.nbg.eu\/mt\/wp-json\/wp\/v2\/product_tag?post=535624"}],"curies":[{"name":"wp","href":"https:\/\/api.w.org\/{rel}","templated":true}]}}