{"id":535305,"date":"2025-09-04T23:53:23","date_gmt":"2025-09-04T20:53:23","guid":{"rendered":"https:\/\/staging.nbg.eu\/product\/bravo-company-bcmgunfighter-quick-detach-sling-swivel-heavy-duty-design-bcm-qdss-2\/"},"modified":"2025-09-29T15:42:56","modified_gmt":"2025-09-29T12:42:56","slug":"bravo-company-bcmgunfighter-swivel-mgaggel-quick-detach-ddizinjat-bsatu-bcm-qdss-2","status":"publish","type":"product","link":"https:\/\/staging.nbg.eu\/mt\/product\/bravo-company-bcmgunfighter-swivel-mgaggel-quick-detach-ddizinjat-bsatu-bcm-qdss-2\/","title":{"rendered":"BRAVO COMPANY BCMGUNFIGHTER Swivel Mg\u0127a\u0121\u0121el Quick Detach Ddi\u017cinjat b&#8217;Sa\u0127\u0127tu (BCM-QDSs-2)"},"content":{"rendered":"<h2>BCMGUNFIGHTER\u2122 Swivel tal-\u0126abel li Jinqala&#8217; Malajr (Disinn b&#8217;Sa\u0127\u0127tu)<\/h2>\n<p>BCMGUNFIGHTER\u2122 Swivel tal-\u0126abel li Jinqala&#8217; Malajr (BCM-QDSs-2). Dan id-disinn b&#8217;sa\u0127\u0127tu huwa affidabbli u funzjonali g\u0127al \u0127bula ta&#8217; 1-1\/4&#8243;.<\/p>\n<ul>\n<li>Plunger \u010batt jipprevjeni \u0127ru\u0121 a\u010b\u010bidentali, biex i\u017comm il-\u0127abel sigur<\/li>\n<li>Irfinuti u mbuffati bir-ramel qabel il-kisi g\u0127al finitura lixxa<\/li>\n<li>Mag\u0127mul minn azzar tal-karbonju b&#8217;kisi ta&#8217; fosfat tal-mangani\u017c<\/li>\n<li>Kompatibbli ma&#8217; \u0127bula ta&#8217; 1-1\/4&#8243;<\/li>\n<\/ul>\n<p>Dan l-iswivel tal-\u0127abel huwa mag\u0127mul fl-Istati Uniti tal-Amerika.<\/p>\n","protected":false},"excerpt":{"rendered":"<p>Swivel QD re\u017cistenti mag\u0127mul fl-Istati Uniti g\u0127al slings ta&#8217; 1.25&#8243;. Sigur u re\u017cistenti.<\/p>\n","protected":false},"featured_media":495896,"template":"","meta":{"_acf_changed":false},"product_brand":[11070],"product_cat":[642,643,751],"product_tag":[],"class_list":{"0":"post-535305","1":"product","2":"type-product","3":"status-publish","4":"has-post-thumbnail","6":"product_brand-bcm","7":"product_cat-rifle-mt","8":"product_cat-rifle-parts-mt","9":"product_cat-slings-mt","11":"first","12":"outofstock","13":"taxable","14":"shipping-taxable","15":"purchasable","16":"product-type-simple"},"acf":[],"_links":{"self":[{"href":"https:\/\/staging.nbg.eu\/mt\/wp-json\/wp\/v2\/product\/535305","targetHints":{"allow":["GET"]}}],"collection":[{"href":"https:\/\/staging.nbg.eu\/mt\/wp-json\/wp\/v2\/product"}],"about":[{"href":"https:\/\/staging.nbg.eu\/mt\/wp-json\/wp\/v2\/types\/product"}],"wp:featuredmedia":[{"embeddable":true,"href":"https:\/\/staging.nbg.eu\/mt\/wp-json\/wp\/v2\/media\/495896"}],"wp:attachment":[{"href":"https:\/\/staging.nbg.eu\/mt\/wp-json\/wp\/v2\/media?parent=535305"}],"wp:term":[{"taxonomy":"product_brand","embeddable":true,"href":"https:\/\/staging.nbg.eu\/mt\/wp-json\/wp\/v2\/product_brand?post=535305"},{"taxonomy":"product_cat","embeddable":true,"href":"https:\/\/staging.nbg.eu\/mt\/wp-json\/wp\/v2\/product_cat?post=535305"},{"taxonomy":"product_tag","embeddable":true,"href":"https:\/\/staging.nbg.eu\/mt\/wp-json\/wp\/v2\/product_tag?post=535305"}],"curies":[{"name":"wp","href":"https:\/\/api.w.org\/{rel}","templated":true}]}}