{"id":535085,"date":"2025-09-04T20:17:18","date_gmt":"2025-09-04T17:17:18","guid":{"rendered":"https:\/\/staging.nbg.eu\/product\/sprinco-usa-308-m4-extension-tube-cs-xp-buffer-spring-in-hard-tube-25762-orange\/"},"modified":"2025-09-29T15:16:38","modified_gmt":"2025-09-29T12:16:38","slug":"sprinco-usa-308-m4-molla-tal-buffer-cs-xp-fit-tubu-tal-estensjoni-ftubu-iebes-25762-orangjo","status":"publish","type":"product","link":"https:\/\/staging.nbg.eu\/mt\/product\/sprinco-usa-308-m4-molla-tal-buffer-cs-xp-fit-tubu-tal-estensjoni-ftubu-iebes-25762-orangjo\/","title":{"rendered":"SPRINCO USA 308 M4 Molla tal-Buffer CS XP fit-Tubu tal-Estensjoni f&#8217;Tubu Iebes (25762) Oran\u0121jo"},"content":{"rendered":"<div class=\"product-description\">\n<h2>SPRINCO USA 308 M4 TUBU TA&#8217; ESTENSJONI CS XP MOLLA TA&#8217; BUFFER F&#8217;TUBU IEBES (25762) Oran\u0121jo<\/h2>\n<p>Din il-molla ta&#8217; buffer g\u0127al karabini b&#8217;qafas kbir, mag\u0127mula minn Sprinco USA, hija mfassla g\u0127al konfigurazzjonijiet differenti:<\/p>\n<ul>\n<li>DPMS Pattern .308 \/ 6.5 CM b&#8217;tubu ta&#8217; buffer M4 standard ta&#8217; 7&#8243; u buffer qasir ta&#8217; 2.5&#8243;<\/li>\n<li>SR-25 \/ Armalite Pattern karabini b&#8217;fond intermedju b&#8217;buffers ta&#8217; 3.25&#8243;<\/li>\n<li>Tubi M4 standard ta&#8217; 7&#8243; f&#8217;karabini b&#8217;gass e\u010b\u010bessiv (5.56, 6.8 SPC, 6.5 Grendel, e\u010b\u010b.)<\/li>\n<\/ul>\n<p>Din il-molla ta&#8217; buffer tista&#8217; tintu\u017ca f&#8217;diversi sitwazzjonijiet. Hija ppakkjata f&#8217;tubu iebes g\u0127all-protezzjoni waqt it-trasport u l-\u0127a\u017cna.<\/p>\n<\/div>\n","protected":false},"excerpt":{"rendered":"<p>Molla tal-buffer versatili g\u0127al karbini .308\/6.5 CM u azzarini b&#8217;gass \u017cejjed.<\/p>\n","protected":false},"featured_media":495550,"template":"","meta":{"_acf_changed":false},"product_brand":[],"product_cat":[642,643,2090],"product_tag":[],"class_list":{"0":"post-535085","1":"product","2":"type-product","3":"status-publish","4":"has-post-thumbnail","6":"product_cat-rifle-mt","7":"product_cat-rifle-parts-mt","8":"product_cat-springs-mt","10":"first","11":"instock","12":"taxable","13":"shipping-taxable","14":"purchasable","15":"product-type-simple"},"acf":[],"_links":{"self":[{"href":"https:\/\/staging.nbg.eu\/mt\/wp-json\/wp\/v2\/product\/535085","targetHints":{"allow":["GET"]}}],"collection":[{"href":"https:\/\/staging.nbg.eu\/mt\/wp-json\/wp\/v2\/product"}],"about":[{"href":"https:\/\/staging.nbg.eu\/mt\/wp-json\/wp\/v2\/types\/product"}],"wp:featuredmedia":[{"embeddable":true,"href":"https:\/\/staging.nbg.eu\/mt\/wp-json\/wp\/v2\/media\/495550"}],"wp:attachment":[{"href":"https:\/\/staging.nbg.eu\/mt\/wp-json\/wp\/v2\/media?parent=535085"}],"wp:term":[{"taxonomy":"product_brand","embeddable":true,"href":"https:\/\/staging.nbg.eu\/mt\/wp-json\/wp\/v2\/product_brand?post=535085"},{"taxonomy":"product_cat","embeddable":true,"href":"https:\/\/staging.nbg.eu\/mt\/wp-json\/wp\/v2\/product_cat?post=535085"},{"taxonomy":"product_tag","embeddable":true,"href":"https:\/\/staging.nbg.eu\/mt\/wp-json\/wp\/v2\/product_tag?post=535085"}],"curies":[{"name":"wp","href":"https:\/\/api.w.org\/{rel}","templated":true}]}}