{"id":534971,"date":"2025-09-04T20:17:18","date_gmt":"2025-09-04T17:17:18","guid":{"rendered":"https:\/\/staging.nbg.eu\/product\/sprinco-usa-ar-308-buferna-pruzhina-25004-cherveno\/"},"modified":"2025-09-29T14:59:05","modified_gmt":"2025-09-29T11:59:05","slug":"sprinco-usa-ar-308-molla-tal-buffer-25004-amar","status":"publish","type":"product","link":"https:\/\/staging.nbg.eu\/mt\/product\/sprinco-usa-ar-308-molla-tal-buffer-25004-amar\/","title":{"rendered":"SPRINCO USA AR .308 Molla tal-Buffer (25004) A\u0127mar"},"content":{"rendered":"<div class=\"product-description\">\n<h2>SPRINCO USA AR .308 Molla tal-Buffer (25004) \u0126amra<\/h2>\n<p>Il-molla tal-buffer SPRINCO USA AR .308 (25004) \u0126amra g\u0127all-armi tan-nar tal-pjattaforma AR toffri:<\/p>\n<ul>\n<li>Durabbilt\u00e0 u lon\u0121evit\u00e0 meta mqabbla ma&#8217; molol standard<\/li>\n<li>Affidabbilt\u00e0 u \u010bikla\u0121\u0121 imtejba, spe\u010bjalment f&#8217;sistemi b&#8217;gass \u017cejjed<\/li>\n<li>Tnaqqis fil-qab\u017ca tal-bolt g\u0127al operazzjoni aktar bla skossi<\/li>\n<li>\u0120estjoni tar-recoil imtejba<\/li>\n<li>Kompatibbilt\u00e0 ma&#8217; armi tan-nar b&#8217;suppressur<\/li>\n<\/ul>\n<p>Imfassla spe\u010bifikament g\u0127al sistemi tal-buffer tal-karbini M4 u CAR-15, din il-molla b&#8217;sa\u0127\u0127a addizzjonali hija ta&#8217; kulur a\u0127mar. Ippakkjata f&#8217;tubu iebes protettiv, hija adattata g\u0127al karbini tal-pjattaforma AR-15.<\/p>\n<\/div>\n","protected":false},"excerpt":{"rendered":"<p>Molla tal-buffer AR .308 ta&#8217; prestazzjoni g\u0127olja. Kulur a\u0127mar, ittejjeb l-affidabilit\u00e0.<\/p>\n","protected":false},"featured_media":495527,"template":"","meta":{"_acf_changed":false},"product_brand":[],"product_cat":[643,2090],"product_tag":[],"class_list":{"0":"post-534971","1":"product","2":"type-product","3":"status-publish","4":"has-post-thumbnail","6":"product_cat-rifle-parts-mt","7":"product_cat-springs-mt","9":"first","10":"instock","11":"taxable","12":"shipping-taxable","13":"purchasable","14":"product-type-simple"},"acf":[],"_links":{"self":[{"href":"https:\/\/staging.nbg.eu\/mt\/wp-json\/wp\/v2\/product\/534971","targetHints":{"allow":["GET"]}}],"collection":[{"href":"https:\/\/staging.nbg.eu\/mt\/wp-json\/wp\/v2\/product"}],"about":[{"href":"https:\/\/staging.nbg.eu\/mt\/wp-json\/wp\/v2\/types\/product"}],"wp:featuredmedia":[{"embeddable":true,"href":"https:\/\/staging.nbg.eu\/mt\/wp-json\/wp\/v2\/media\/495527"}],"wp:attachment":[{"href":"https:\/\/staging.nbg.eu\/mt\/wp-json\/wp\/v2\/media?parent=534971"}],"wp:term":[{"taxonomy":"product_brand","embeddable":true,"href":"https:\/\/staging.nbg.eu\/mt\/wp-json\/wp\/v2\/product_brand?post=534971"},{"taxonomy":"product_cat","embeddable":true,"href":"https:\/\/staging.nbg.eu\/mt\/wp-json\/wp\/v2\/product_cat?post=534971"},{"taxonomy":"product_tag","embeddable":true,"href":"https:\/\/staging.nbg.eu\/mt\/wp-json\/wp\/v2\/product_tag?post=534971"}],"curies":[{"name":"wp","href":"https:\/\/api.w.org\/{rel}","templated":true}]}}