{"id":534866,"date":"2025-09-04T20:17:18","date_gmt":"2025-09-04T17:17:18","guid":{"rendered":"https:\/\/staging.nbg.eu\/product\/sprinco-usa-enhanced-4-coil-bolt-carrier-extractor-cs-spring-3-pak-25435-red\/"},"modified":"2025-09-29T14:50:06","modified_gmt":"2025-09-29T11:50:06","slug":"sprinco-usa-molla-cs-tal-estrattur-tal-bolt-carrier-4-coil-imtejba-3-pak-25435-amar","status":"publish","type":"product","link":"https:\/\/staging.nbg.eu\/mt\/product\/sprinco-usa-molla-cs-tal-estrattur-tal-bolt-carrier-4-coil-imtejba-3-pak-25435-amar\/","title":{"rendered":"SPRINCO USA Molla CS tal-Estrattur tal-Bolt Carrier 4-COIL Imtejba 3-PAK (25435) A\u0127mar"},"content":{"rendered":"<div class=\"product-description\">\n<h2>SPRINCO USA 4-KOIL BOLT CARRIER EXTRACTOR CS SPRING 3-PAK (25435) A\u0127mar<\/h2>\n<p>Molol tal-bolt carrier extractor mag\u0127mul fl-Istati Uniti minn Sprinco. Mag\u0127mul minn wajer tal-kromju sili\u010bju trattat bis-s\u0127ana u pro\u010bessat krijo\u0121enikament, b&#8217;kisi ta&#8217; disulfid tal-molibdenu.<\/p>\n<ul>\n<li>I\u017comm i\u010b-\u010biklu ta&#8217; u\u017cu esti\u017c ta&#8217; molla Mil-Spec \u0121dida<\/li>\n<li>Adatt g\u0127al tulijiet ta&#8217; kanna ta&#8217; 18&#8243;+ u rkupru tal-brass<\/li>\n<li>Re\u017cistenti g\u0127as-s\u0127ana sa 750\u00b0F<\/li>\n<li>\u010aikli ta&#8217; u\u017cu estrem b&#8217;prestazzjoni konsistenti<\/li>\n<li>Soluzzjoni &#8220;plug &amp; play&#8221; li ddum<\/li>\n<\/ul>\n<p>Molol tal-extractor g\u0127all-grupp tal-bolt carrier g\u0127al operazzjoni mtejba tal-arma tan-nar.<\/p>\n<\/div>\n","protected":false},"excerpt":{"rendered":"<p>Molol tal-estrazzjoni b&#8217;4 kojls re\u017cistenti g\u0127al \u010bikli ta&#8217; xog\u0127ol esti\u017ci. Mag\u0127mul fl-Istati Uniti tal-Amerika.<\/p>\n","protected":false},"featured_media":495501,"template":"","meta":{"_acf_changed":false},"product_brand":[],"product_cat":[496],"product_tag":[],"class_list":{"0":"post-534866","1":"product","2":"type-product","3":"status-publish","4":"has-post-thumbnail","6":"product_cat-uncategorized-mt","8":"first","9":"instock","10":"taxable","11":"shipping-taxable","12":"purchasable","13":"product-type-simple"},"acf":[],"_links":{"self":[{"href":"https:\/\/staging.nbg.eu\/mt\/wp-json\/wp\/v2\/product\/534866","targetHints":{"allow":["GET"]}}],"collection":[{"href":"https:\/\/staging.nbg.eu\/mt\/wp-json\/wp\/v2\/product"}],"about":[{"href":"https:\/\/staging.nbg.eu\/mt\/wp-json\/wp\/v2\/types\/product"}],"wp:featuredmedia":[{"embeddable":true,"href":"https:\/\/staging.nbg.eu\/mt\/wp-json\/wp\/v2\/media\/495501"}],"wp:attachment":[{"href":"https:\/\/staging.nbg.eu\/mt\/wp-json\/wp\/v2\/media?parent=534866"}],"wp:term":[{"taxonomy":"product_brand","embeddable":true,"href":"https:\/\/staging.nbg.eu\/mt\/wp-json\/wp\/v2\/product_brand?post=534866"},{"taxonomy":"product_cat","embeddable":true,"href":"https:\/\/staging.nbg.eu\/mt\/wp-json\/wp\/v2\/product_cat?post=534866"},{"taxonomy":"product_tag","embeddable":true,"href":"https:\/\/staging.nbg.eu\/mt\/wp-json\/wp\/v2\/product_tag?post=534866"}],"curies":[{"name":"wp","href":"https:\/\/api.w.org\/{rel}","templated":true}]}}