{"id":534753,"date":"2025-09-04T20:17:18","date_gmt":"2025-09-04T17:17:18","guid":{"rendered":"https:\/\/staging.nbg.eu\/product\/law-tactical-llc-ar-15-m16-gen3-m-folding-stock-adapter-fde-99313\/"},"modified":"2025-09-29T13:46:26","modified_gmt":"2025-09-29T10:46:26","slug":"law-tactical-llc-ar-15m16-gen3-m-adapter-tal-kalcina-li-tintwi-fde-99313","status":"publish","type":"product","link":"https:\/\/staging.nbg.eu\/mt\/product\/law-tactical-llc-ar-15m16-gen3-m-adapter-tal-kalcina-li-tintwi-fde-99313\/","title":{"rendered":"LAW TACTICAL LLC AR-15\/M16 Gen3-M Adapter tal-Kal\u010bina li Tintwi FDE (99313)"},"content":{"rendered":"<div class=\"product-description\">\n<h2>LAW TACTICAL LLC AR-15\/M16 Gen3-M Adapter g\u0127al Stokk li Jintewa FDE (99313)<\/h2>\n<p>Adapter mag\u0127mul fl-Istati Uniti g\u0127all-AR-15. Dan l-adapter tal-azzar jippermetti l-installazzjoni ta&#8217; stokk li jintewa, li jo\u0127loq rifle kompatt.<\/p>\n<ul>\n<li>Kompatibbli ma&#8217; sistemi standard ta&#8217; gas impingement u gas piston<\/li>\n<li>Ja\u010b\u010betta tubi tar-receiver A2, mil-spec M4-style, u carbine kummer\u010bjali<\/li>\n<li>Ja\u0127dem ma&#8217; gruppi ta&#8217; bolt carrier standard, inklu\u017ci daqs full-auto u .308<\/li>\n<li>Operazzjoni b&#8217;buttuna wa\u0127da biex jintewa u jinfeta\u0127<\/li>\n<li>Tensjoni tal-\u010bappetta a\u0121\u0121ustabbli<\/li>\n<li>Kisi DLC<\/li>\n<li>I\u017cid 1.3&#8243; fit-tul tal-\u0121bid<\/li>\n<li>Pi\u017c: 8.5 oz<\/li>\n<\/ul>\n<p><strong>Nota:<\/strong> Tisparax ir-rifle bl-istokk mitwi. Kompatibbli ma&#8217; carriers Centerfire u Mil-Spec, jew Bolts AR 9mm kompatibbli biss.<\/p>\n<\/div>\n","protected":false},"excerpt":{"rendered":"<p>Adapter tal-istokk li jintewa g\u0127all-AR-15 kompatt g\u0127al trasport u \u0127\u017cin fa\u010bli.<\/p>\n","protected":false},"featured_media":495386,"template":"","meta":{"_acf_changed":false},"product_brand":[],"product_cat":[642,8971,643],"product_tag":[],"class_list":{"0":"post-534753","1":"product","2":"type-product","3":"status-publish","4":"has-post-thumbnail","6":"product_cat-rifle-mt","7":"product_cat-rifle-stocks-mt","8":"product_cat-rifle-parts-mt","10":"first","11":"instock","12":"taxable","13":"shipping-taxable","14":"purchasable","15":"product-type-simple"},"acf":[],"_links":{"self":[{"href":"https:\/\/staging.nbg.eu\/mt\/wp-json\/wp\/v2\/product\/534753","targetHints":{"allow":["GET"]}}],"collection":[{"href":"https:\/\/staging.nbg.eu\/mt\/wp-json\/wp\/v2\/product"}],"about":[{"href":"https:\/\/staging.nbg.eu\/mt\/wp-json\/wp\/v2\/types\/product"}],"wp:featuredmedia":[{"embeddable":true,"href":"https:\/\/staging.nbg.eu\/mt\/wp-json\/wp\/v2\/media\/495386"}],"wp:attachment":[{"href":"https:\/\/staging.nbg.eu\/mt\/wp-json\/wp\/v2\/media?parent=534753"}],"wp:term":[{"taxonomy":"product_brand","embeddable":true,"href":"https:\/\/staging.nbg.eu\/mt\/wp-json\/wp\/v2\/product_brand?post=534753"},{"taxonomy":"product_cat","embeddable":true,"href":"https:\/\/staging.nbg.eu\/mt\/wp-json\/wp\/v2\/product_cat?post=534753"},{"taxonomy":"product_tag","embeddable":true,"href":"https:\/\/staging.nbg.eu\/mt\/wp-json\/wp\/v2\/product_tag?post=534753"}],"curies":[{"name":"wp","href":"https:\/\/api.w.org\/{rel}","templated":true}]}}