{"id":533875,"date":"2025-09-04T18:48:24","date_gmt":"2025-09-04T15:48:24","guid":{"rendered":"https:\/\/staging.nbg.eu\/product\/utg-h2-hard-coat-heavy-recoil-buffer-ar-15-m4-m16-rb-t6bfh2\/"},"modified":"2025-09-29T11:12:46","modified_gmt":"2025-09-29T08:12:46","slug":"utg-buffer-h2-hard-coat-tqil-gar-rikorsa-ar-15-m4-m16-rb-t6bfh2","status":"publish","type":"product","link":"https:\/\/staging.nbg.eu\/mt\/product\/utg-buffer-h2-hard-coat-tqil-gar-rikorsa-ar-15-m4-m16-rb-t6bfh2\/","title":{"rendered":"UTG &#8211; Buffer H2 Hard Coat Tqil g\u0127ar-Rikorsa &#8211; AR-15 \/ M4 \/ M16 &#8211; RB-T6BFH2"},"content":{"rendered":"<div class=\"product-description\">\n<h2>UTG &#8211; Buffer tar-Rikoil Tqil H2 b&#8217;Kisi Iebes &#8211; AR-15 \/ M4 \/ M16<\/h2>\n<p>Il-buffer tar-rikoil UTG H2 g\u0127all-pjattaforma AR-15 g\u0127andu dawn il-karatteristi\u010bi:<\/p>\n<ul>\n<li>2 pi\u017cijiet tqal tat-tungstenu u pi\u017c wie\u0127ed tal-azzar g\u0127al \u010biklu aktar lixx u affidabbilt\u00e0 a\u0127jar<\/li>\n<li>Korp tal-buffer rinfurzat b&#8217;anodizzazzjoni b&#8217;kisi iebes g\u0127ad-durabbilt\u00e0<\/li>\n<li>Bumper tal-buffer b&#8217;qbil mill-qrib g\u0127al prestazzjoni ottimali<\/li>\n<li>Pi\u017c totali: 4.6 oz<\/li>\n<\/ul>\n<p>Kompatibbli ma&#8217; mudelli AR-15, M4, u M16, dan il-buffer iswed opak huwa ddisinjat biex inaqqas ir-rikoil. Il-kombinazzjoni ta&#8217; materjali tat-tungstenu, azzar, u aluminju ti\u017cgura lon\u0121evit\u00e0 u prestazzjoni konsistenti.<\/p>\n<\/div>\n","protected":false},"excerpt":{"rendered":"<p>Bafer tar-Rikoil Tqil UTG H2: \u010aikla\u0121\u0121 aktar lixx g\u0127all-karbini AR-15.<\/p>\n","protected":false},"featured_media":494370,"template":"","meta":{"_acf_changed":false},"product_brand":[],"product_cat":[643],"product_tag":[],"class_list":{"0":"post-533875","1":"product","2":"type-product","3":"status-publish","4":"has-post-thumbnail","6":"product_cat-rifle-parts-mt","8":"first","9":"instock","10":"taxable","11":"shipping-taxable","12":"purchasable","13":"product-type-simple"},"acf":[],"_links":{"self":[{"href":"https:\/\/staging.nbg.eu\/mt\/wp-json\/wp\/v2\/product\/533875","targetHints":{"allow":["GET"]}}],"collection":[{"href":"https:\/\/staging.nbg.eu\/mt\/wp-json\/wp\/v2\/product"}],"about":[{"href":"https:\/\/staging.nbg.eu\/mt\/wp-json\/wp\/v2\/types\/product"}],"wp:featuredmedia":[{"embeddable":true,"href":"https:\/\/staging.nbg.eu\/mt\/wp-json\/wp\/v2\/media\/494370"}],"wp:attachment":[{"href":"https:\/\/staging.nbg.eu\/mt\/wp-json\/wp\/v2\/media?parent=533875"}],"wp:term":[{"taxonomy":"product_brand","embeddable":true,"href":"https:\/\/staging.nbg.eu\/mt\/wp-json\/wp\/v2\/product_brand?post=533875"},{"taxonomy":"product_cat","embeddable":true,"href":"https:\/\/staging.nbg.eu\/mt\/wp-json\/wp\/v2\/product_cat?post=533875"},{"taxonomy":"product_tag","embeddable":true,"href":"https:\/\/staging.nbg.eu\/mt\/wp-json\/wp\/v2\/product_tag?post=533875"}],"curies":[{"name":"wp","href":"https:\/\/api.w.org\/{rel}","templated":true}]}}