{"id":53382,"date":"2024-03-04T08:51:50","date_gmt":"2024-09-13T12:49:57","guid":{"rendered":"https:\/\/staging.nbg.eu\/product\/bore-tech-proof-positive-bore-stix-multiple-calibers\/"},"modified":"2024-09-13T12:51:02","modified_gmt":"2024-09-13T12:51:02","slug":"bore-tech-proof-positive-bore-stix-kalibri-diversi","status":"publish","type":"product","link":"https:\/\/staging.nbg.eu\/mt\/product\/bore-tech-proof-positive-bore-stix-kalibri-diversi\/","title":{"rendered":"Bore Tech Proof-Positive Bore Stix (Kalibri Diversi)"},"content":{"rendered":"<p>\n<strong>Bore Tech Proof-Positive Bore Stix (Kalibri Multipli)<\/strong><br \/>\nBore Tech Proof-Positive Bore Stix\u2122 g\u0127andhom dawn il-karatteristi\u010bi:<\/p>\n<ul>\n<li>Mankijiet b&#8217;bearing balls g\u0127al moviment fa\u010bli<\/li>\n<li>Disinn li j\u017comm fil-wi\u010b\u010b g\u0127al segwiment pre\u010bi\u017c tar-rifling<\/li>\n<li>Qabdiet tal-lastku b&#8217;kodi\u010bi tal-kulur, li ma ji\u017colqux<\/li>\n<li>Tarf li mhux tal-brass, jista&#8217; jinbidel u sigur g\u0127all-kanna<\/li>\n<li>Qalba tal-azzar imsa\u0127\u0127a g\u0127al ri\u0121idit\u00e0 a\u0127jar<\/li>\n<li>Kisi bi frizzjoni baxxa<\/li>\n<li>Sistema ta&#8217; identifikazzjoni tar-rata ta&#8217; tidwir tal-kanna<\/li>\n<\/ul>\n<p>Ag\u0127\u017cel Bore Tech Proof-Positive Bore Stix.<\/p>\n","protected":false},"excerpt":{"rendered":"<p>Vireg ta&#8217; tindif ta&#8217; pre\u010bi\u017cjoni b&#8217;maqbad tal-bearings u truf li jistg\u0127u jinbidlu.<\/p>\n","protected":false},"featured_media":53383,"template":"","meta":{"_acf_changed":false},"product_brand":[11160],"product_cat":[1880,1434],"product_tag":[],"class_list":{"0":"post-53382","1":"product","2":"type-product","3":"status-publish","4":"has-post-thumbnail","6":"product_brand-boretech","7":"product_cat-cleaning-rods-mt","8":"product_cat-maintenance-mt","10":"first","11":"instock","12":"taxable","13":"shipping-taxable","14":"purchasable","15":"product-type-variable","16":"wvs-archive-product-wrapper"},"acf":[],"_links":{"self":[{"href":"https:\/\/staging.nbg.eu\/mt\/wp-json\/wp\/v2\/product\/53382","targetHints":{"allow":["GET"]}}],"collection":[{"href":"https:\/\/staging.nbg.eu\/mt\/wp-json\/wp\/v2\/product"}],"about":[{"href":"https:\/\/staging.nbg.eu\/mt\/wp-json\/wp\/v2\/types\/product"}],"wp:featuredmedia":[{"embeddable":true,"href":"https:\/\/staging.nbg.eu\/mt\/wp-json\/wp\/v2\/media\/53383"}],"wp:attachment":[{"href":"https:\/\/staging.nbg.eu\/mt\/wp-json\/wp\/v2\/media?parent=53382"}],"wp:term":[{"taxonomy":"product_brand","embeddable":true,"href":"https:\/\/staging.nbg.eu\/mt\/wp-json\/wp\/v2\/product_brand?post=53382"},{"taxonomy":"product_cat","embeddable":true,"href":"https:\/\/staging.nbg.eu\/mt\/wp-json\/wp\/v2\/product_cat?post=53382"},{"taxonomy":"product_tag","embeddable":true,"href":"https:\/\/staging.nbg.eu\/mt\/wp-json\/wp\/v2\/product_tag?post=53382"}],"curies":[{"name":"wp","href":"https:\/\/api.w.org\/{rel}","templated":true}]}}