{"id":533764,"date":"2025-09-04T18:48:23","date_gmt":"2025-09-04T15:48:23","guid":{"rendered":"https:\/\/staging.nbg.eu\/product\/utg-h3-carbine-buffer-ar15-m4-rb-t6bfh3\/"},"modified":"2025-09-29T11:03:58","modified_gmt":"2025-09-29T08:03:58","slug":"utg-buffer-h3-carbine-ar15-m4-rb-t6bfh3","status":"publish","type":"product","link":"https:\/\/staging.nbg.eu\/mt\/product\/utg-buffer-h3-carbine-ar15-m4-rb-t6bfh3\/","title":{"rendered":"UTG &#8211; Buffer H3 Carbine &#8211; AR15 \/ M4 &#8211; RB-T6BFH3"},"content":{"rendered":"<div class=\"product-description\">\n<h2>UTG &#8211; Buffer tal-Karbina H3 &#8211; AR15 \/ M4 &#8211; RB-T6BFH3<\/h2>\n<p>Il-Buffer tar-Rikoil UTG H3 Hard Coat g\u0127all-AR15. Dan il-buffer g\u0127andu:<\/p>\n<ul>\n<li>3 pi\u017cijiet tqal tat-tungstenu<\/li>\n<li>Korp tal-aluminju 6061-T6 b&#8217;finitura anodizzata iebsa<\/li>\n<li>Bumper tat-tarf li joqg\u0127od sewwa<\/li>\n<li>I\u017cid il-\u0127in ta&#8217; permanenza u jiffa\u010bilita l-estrazzjoni<\/li>\n<li>Inaqqas ir-rikoil li jin\u0127ass<\/li>\n<li>Jista&#8217; jtejjeb il-pre\u010bi\u017cjoni b&#8217;kalibri ftit itqal<\/li>\n<\/ul>\n<p>Dan il-buffer ji\u017cen 5.4 oz u huwa ddisinjat g\u0127all-pjattaforma AR. Jista&#8217; jtejjeb il-prestazzjoni u jnaqqas ir-rikoil.<\/p>\n","protected":false},"excerpt":{"rendered":"<p>Buffer tal-Karbina UTG H3: Inaqqas ir-recoil, itejjeb il-kumdit\u00e0 g\u0127all-AR15\/M4.<\/p>\n","protected":false},"featured_media":494322,"template":"","meta":{"_acf_changed":false},"product_brand":[],"product_cat":[643],"product_tag":[],"class_list":{"0":"post-533764","1":"product","2":"type-product","3":"status-publish","4":"has-post-thumbnail","6":"product_cat-rifle-parts-mt","8":"first","9":"instock","10":"taxable","11":"shipping-taxable","12":"purchasable","13":"product-type-simple"},"acf":[],"_links":{"self":[{"href":"https:\/\/staging.nbg.eu\/mt\/wp-json\/wp\/v2\/product\/533764","targetHints":{"allow":["GET"]}}],"collection":[{"href":"https:\/\/staging.nbg.eu\/mt\/wp-json\/wp\/v2\/product"}],"about":[{"href":"https:\/\/staging.nbg.eu\/mt\/wp-json\/wp\/v2\/types\/product"}],"wp:featuredmedia":[{"embeddable":true,"href":"https:\/\/staging.nbg.eu\/mt\/wp-json\/wp\/v2\/media\/494322"}],"wp:attachment":[{"href":"https:\/\/staging.nbg.eu\/mt\/wp-json\/wp\/v2\/media?parent=533764"}],"wp:term":[{"taxonomy":"product_brand","embeddable":true,"href":"https:\/\/staging.nbg.eu\/mt\/wp-json\/wp\/v2\/product_brand?post=533764"},{"taxonomy":"product_cat","embeddable":true,"href":"https:\/\/staging.nbg.eu\/mt\/wp-json\/wp\/v2\/product_cat?post=533764"},{"taxonomy":"product_tag","embeddable":true,"href":"https:\/\/staging.nbg.eu\/mt\/wp-json\/wp\/v2\/product_tag?post=533764"}],"curies":[{"name":"wp","href":"https:\/\/api.w.org\/{rel}","templated":true}]}}