{"id":533489,"date":"2025-09-07T23:46:53","date_gmt":"2025-09-07T20:46:53","guid":{"rendered":"https:\/\/staging.nbg.eu\/product\/vanward-thread-insert\/"},"modified":"2025-09-29T10:50:46","modified_gmt":"2025-09-29T07:50:46","slug":"dala-bl-ifful-vanward","status":"publish","type":"product","link":"https:\/\/staging.nbg.eu\/mt\/product\/dala-bl-ifful-vanward\/","title":{"rendered":"Da\u0127la bl-Ifful Vanward"},"content":{"rendered":"<div class=\"product-description\">\n<h2>Inserzjoni tal-Kamin Vanward<\/h2>\n<p>Inserzjonijiet tal-kamin tal-azzar g\u0127as-soppressuri Vanward Hunter u Hunter Pro. Disponibbli f&#8217;daqsijiet u konfigurazzjonijiet differenti:<\/p>\n<ul>\n<li>M13<\/li>\n<li>M14<\/li>\n<li>M15<\/li>\n<li>M17<\/li>\n<li>M18<\/li>\n<li>M22<\/li>\n<\/ul>\n<p>Dawn l-inserzjonijiet tal-kamin huma ddisinjati biex jipprovdu qbil g\u0127all-bushing tas-soppressur. Mag\u0127mulin mill-azzar, huma ji\u017cguraw tul ta&#8217; \u0127ajja u prestazzjoni f&#8217;kundizzjonijiet differenti tal-isparar.<\/p>\n<p>Kompatibbli kemm mal-mudelli Vanward Hunter kif ukoll Hunter Pro, dawn l-inserzjonijiet tal-kamin joffru versatilit\u00e0. L-inserzjonijiet tal-kamin Vanward huma fa\u010bli biex tinstallahom.<\/p>\n<\/div>\n","protected":false},"excerpt":{"rendered":"<p>Inserzjoni tal-\u0126ajt Vanward: Inserzjonijiet tal-azzar g\u0127al suppressors Hunter, M13-M22.<\/p>\n","protected":false},"featured_media":501459,"template":"","meta":{"_acf_changed":false},"product_brand":[11941],"product_cat":[872,1703,873],"product_tag":[],"class_list":{"0":"post-533489","1":"product","2":"type-product","3":"status-publish","4":"has-post-thumbnail","6":"product_brand-vanward","7":"product_cat-rifle-suppressors-mt","8":"product_cat-suppressor-accessories-mt","9":"product_cat-suppressors-mt","11":"first","12":"instock","13":"taxable","14":"shipping-taxable","15":"purchasable","16":"product-type-variable","17":"wvs-archive-product-wrapper"},"acf":[],"_links":{"self":[{"href":"https:\/\/staging.nbg.eu\/mt\/wp-json\/wp\/v2\/product\/533489","targetHints":{"allow":["GET"]}}],"collection":[{"href":"https:\/\/staging.nbg.eu\/mt\/wp-json\/wp\/v2\/product"}],"about":[{"href":"https:\/\/staging.nbg.eu\/mt\/wp-json\/wp\/v2\/types\/product"}],"wp:featuredmedia":[{"embeddable":true,"href":"https:\/\/staging.nbg.eu\/mt\/wp-json\/wp\/v2\/media\/501459"}],"wp:attachment":[{"href":"https:\/\/staging.nbg.eu\/mt\/wp-json\/wp\/v2\/media?parent=533489"}],"wp:term":[{"taxonomy":"product_brand","embeddable":true,"href":"https:\/\/staging.nbg.eu\/mt\/wp-json\/wp\/v2\/product_brand?post=533489"},{"taxonomy":"product_cat","embeddable":true,"href":"https:\/\/staging.nbg.eu\/mt\/wp-json\/wp\/v2\/product_cat?post=533489"},{"taxonomy":"product_tag","embeddable":true,"href":"https:\/\/staging.nbg.eu\/mt\/wp-json\/wp\/v2\/product_tag?post=533489"}],"curies":[{"name":"wp","href":"https:\/\/api.w.org\/{rel}","templated":true}]}}