{"id":533133,"date":"2025-09-04T18:25:08","date_gmt":"2025-09-04T15:25:08","guid":{"rendered":"https:\/\/staging.nbg.eu\/product\/ftcs-gas-tube-cover-round-holes-ak-cerakote-black-nr-31\/"},"modified":"2025-09-29T10:18:34","modified_gmt":"2025-09-29T07:18:34","slug":"ftcs-kisi-tat-tubu-tal-gass-toqob-tondi-ak-cerakote-iswed-nru-31","status":"publish","type":"product","link":"https:\/\/staging.nbg.eu\/mt\/product\/ftcs-kisi-tat-tubu-tal-gass-toqob-tondi-ak-cerakote-iswed-nru-31\/","title":{"rendered":"FTCS &#8211; Kisi tat-Tubu tal-Gass &#8211; Toqob Tondi &#8211; AK &#8211; Cerakote &#8211; Iswed &#8211; Nru 31"},"content":{"rendered":"<div class=\"product-description\">\n<h2>Kopertura tat-Tubu tal-Gass FTCS &#8211; Toqob Tondi &#8211; AK &#8211; Cerakote Iswed &#8211; Nru. 31<\/h2>\n<p>Kopertura tat-tubu tal-gass g\u0127all-karbina tal-familja AK minn FTCS. Mag\u0127mula minn azzar inossidabbli u miksija b&#8217;Cerakote.<\/p>\n<ul>\n<li>Imqabbla bi pre\u010bi\u017cjoni g\u0127all-installazzjoni<\/li>\n<li>Rinfurzar intern g\u0127al ri\u0121idit\u00e0 a\u0127jar<\/li>\n<li>Toqob tondi g\u0127at-tixrid tas-s\u0127ana<\/li>\n<li>Finitura Cerakote f&#8217;Grafite Iswed H-146<\/li>\n<li>Kompatibbli ma&#8217; handguards FTCS Nru. 1-6<\/li>\n<li>Dimensjonijiet: 110 x 35 mm<\/li>\n<li>Pi\u017c: 54 g<\/li>\n<\/ul>\n<p>Kopertura tat-tubu tal-gass g\u0127all-AK. G\u0127al dawk li ju\u017caw l-armi.<\/p>\n<\/div>\n","protected":false},"excerpt":{"rendered":"<p>G\u0127atu tat-tubu tal-gass tal-AK, toqob tond, Cerakote iswed, azzar inossidabbli<\/p>\n","protected":false},"featured_media":494131,"template":"","meta":{"_acf_changed":false},"product_brand":[11322],"product_cat":[1370,642,643],"product_tag":[],"class_list":{"0":"post-533133","1":"product","2":"type-product","3":"status-publish","4":"has-post-thumbnail","6":"product_brand-ftcs","7":"product_cat-ak-tuning-mt","8":"product_cat-rifle-mt","9":"product_cat-rifle-parts-mt","11":"first","12":"instock","13":"taxable","14":"shipping-taxable","15":"purchasable","16":"product-type-simple"},"acf":[],"_links":{"self":[{"href":"https:\/\/staging.nbg.eu\/mt\/wp-json\/wp\/v2\/product\/533133","targetHints":{"allow":["GET"]}}],"collection":[{"href":"https:\/\/staging.nbg.eu\/mt\/wp-json\/wp\/v2\/product"}],"about":[{"href":"https:\/\/staging.nbg.eu\/mt\/wp-json\/wp\/v2\/types\/product"}],"wp:featuredmedia":[{"embeddable":true,"href":"https:\/\/staging.nbg.eu\/mt\/wp-json\/wp\/v2\/media\/494131"}],"wp:attachment":[{"href":"https:\/\/staging.nbg.eu\/mt\/wp-json\/wp\/v2\/media?parent=533133"}],"wp:term":[{"taxonomy":"product_brand","embeddable":true,"href":"https:\/\/staging.nbg.eu\/mt\/wp-json\/wp\/v2\/product_brand?post=533133"},{"taxonomy":"product_cat","embeddable":true,"href":"https:\/\/staging.nbg.eu\/mt\/wp-json\/wp\/v2\/product_cat?post=533133"},{"taxonomy":"product_tag","embeddable":true,"href":"https:\/\/staging.nbg.eu\/mt\/wp-json\/wp\/v2\/product_tag?post=533133"}],"curies":[{"name":"wp","href":"https:\/\/api.w.org\/{rel}","templated":true}]}}