{"id":533026,"date":"2025-09-04T18:25:08","date_gmt":"2025-09-04T15:25:08","guid":{"rendered":"https:\/\/staging.nbg.eu\/product\/ftcs-gas-tube-cover-oblong-holes-ak-cerakote-black-nr-30\/"},"modified":"2025-09-29T10:10:38","modified_gmt":"2025-09-29T07:10:38","slug":"ftcs-kisi-tat-tubu-tal-gass-toqob-tondi-fit-tul-ak-cerakote-iswed-nru-30","status":"publish","type":"product","link":"https:\/\/staging.nbg.eu\/mt\/product\/ftcs-kisi-tat-tubu-tal-gass-toqob-tondi-fit-tul-ak-cerakote-iswed-nru-30\/","title":{"rendered":"FTCS &#8211; Kisi tat-Tubu tal-Gass &#8211; Toqob Tondi Fit-Tul &#8211; AK &#8211; Cerakote &#8211; Iswed &#8211; Nru 30"},"content":{"rendered":"<div class=\"product-description\">\n<h2>FTCS Kaver tat-Tubu tal-Gass &#8211; Toqob Tawwalin &#8211; AK &#8211; Cerakote Iswed &#8211; Nru. 30<\/h2>\n<p>Il-Kaver tat-Tubu tal-Gass FTCS g\u0127all-AK g\u0127andu dawn il-karatteristi\u010bi:<\/p>\n<ul>\n<li>Finitura Cerakote Iswed re\u017cistenti g\u0127all-korru\u017cjoni<\/li>\n<li>Disinn b&#8217;toqob tawwalin g\u0127ad-dissipazzjoni tas-s\u0127ana<\/li>\n<li>Kompatibbli ma&#8217; \u0127afna xkubetti tat-tip AK<\/li>\n<li>Installazzjoni fa\u010bli &#8211; ma je\u0127tie\u0121x xog\u0127ol ta&#8217; armier<\/li>\n<li>Inaqqas is-s\u0127ana m\u0127ossa waqt l-isparar fit-tul<\/li>\n<li>Dehra moderna<\/li>\n<\/ul>\n<p>Il-Kaver tat-Tubu tal-Gass FTCS Nru. 30 huwa a\u010b\u010bessorju g\u0127all-AK.<\/p>\n<\/div>\n","protected":false},"excerpt":{"rendered":"<p>G\u0127atu tat-tubu tal-gass tal-AK b&#8217;toqob tawwalin. Lest b&#8217;Cerakote iswed. #30.<\/p>\n","protected":false},"featured_media":494062,"template":"","meta":{"_acf_changed":false},"product_brand":[11322],"product_cat":[1370,642,643],"product_tag":[],"class_list":{"0":"post-533026","1":"product","2":"type-product","3":"status-publish","4":"has-post-thumbnail","6":"product_brand-ftcs","7":"product_cat-ak-tuning-mt","8":"product_cat-rifle-mt","9":"product_cat-rifle-parts-mt","11":"first","12":"instock","13":"taxable","14":"shipping-taxable","15":"purchasable","16":"product-type-simple"},"acf":[],"_links":{"self":[{"href":"https:\/\/staging.nbg.eu\/mt\/wp-json\/wp\/v2\/product\/533026","targetHints":{"allow":["GET"]}}],"collection":[{"href":"https:\/\/staging.nbg.eu\/mt\/wp-json\/wp\/v2\/product"}],"about":[{"href":"https:\/\/staging.nbg.eu\/mt\/wp-json\/wp\/v2\/types\/product"}],"wp:featuredmedia":[{"embeddable":true,"href":"https:\/\/staging.nbg.eu\/mt\/wp-json\/wp\/v2\/media\/494062"}],"wp:attachment":[{"href":"https:\/\/staging.nbg.eu\/mt\/wp-json\/wp\/v2\/media?parent=533026"}],"wp:term":[{"taxonomy":"product_brand","embeddable":true,"href":"https:\/\/staging.nbg.eu\/mt\/wp-json\/wp\/v2\/product_brand?post=533026"},{"taxonomy":"product_cat","embeddable":true,"href":"https:\/\/staging.nbg.eu\/mt\/wp-json\/wp\/v2\/product_cat?post=533026"},{"taxonomy":"product_tag","embeddable":true,"href":"https:\/\/staging.nbg.eu\/mt\/wp-json\/wp\/v2\/product_tag?post=533026"}],"curies":[{"name":"wp","href":"https:\/\/api.w.org\/{rel}","templated":true}]}}