{"id":532903,"date":"2025-09-04T18:24:40","date_gmt":"2025-09-04T15:24:40","guid":{"rendered":"https:\/\/staging.nbg.eu\/product\/ftcs-reloading-handle-cap-ak-nrp-2-0-ak-platform\/"},"modified":"2025-09-29T10:02:45","modified_gmt":"2025-09-29T07:02:45","slug":"ftcs-kappa-tal-manku-tar-rikargu-ak-nrp-20-pjattaforma-ak","status":"publish","type":"product","link":"https:\/\/staging.nbg.eu\/mt\/product\/ftcs-kappa-tal-manku-tar-rikargu-ak-nrp-20-pjattaforma-ak\/","title":{"rendered":"FTCS &#8211; Kappa tal-Manku tar-Rikargu AK NRP 2.0 &#8211; Pjattaforma AK"},"content":{"rendered":"<h2>FTCS &#8211; Kappa tal-Manku tar-Rikarikament AK NRP 2.0 &#8211; Pjattaforma AK<\/h2>\n<p>Il-kappa tal-manku tar-rikarikament FTCS AK NRP 2.0 hija mag\u0127mula g\u0127all-armi tan-nar tal-pjattaforma AK. Din il-kappa tal-aluminju tg\u0127in fit-tqabid u l-immani\u0121\u0121jar tal-arma.<\/p>\n<h2>Karatteristi\u010bi Prin\u010bipali:<\/h2>\n<ul>\n<li>Kompatibbli mal-bi\u010b\u010ba l-kbira tal-armi tan-nar tal-pjattaforma AK<\/li>\n<li>Mag\u0127mula minn aluminju<\/li>\n<li>Wi\u010b\u010b imnaqqax g\u0127al qabda a\u0127jar<\/li>\n<li>Installazzjoni b&#8217;tliet viti<\/li>\n<li>Finitura sewda<\/li>\n<\/ul>\n<p>Din il-kappa hija ddisinjata biex ittejjeb il-kontroll u tnaqqas i\u017c-\u017cliq. Il-wi\u010b\u010b imnaqqax jipprovdi qabda tajba, anke meta tilbes ingwanti. Ittejjeb l-immani\u0121\u0121jar tal-arma ming\u0127ajr ma \u017c\u017cid pi\u017c e\u010b\u010bessiv.<\/p>\n<p>Tista&#8217; ti\u0121i installata fa\u010bilment bl-u\u017cu tal-viti inklu\u017ci.<\/p>\n","protected":false},"excerpt":{"rendered":"<p>G\u0127atu tal-manku tar-rikarikament tal-AK tal-aluminju. Immaxxtarjat g\u0127al qabda tajba. Fa\u010bli biex tinstalla.<\/p>\n","protected":false},"featured_media":493924,"template":"","meta":{"_acf_changed":false},"product_brand":[11322],"product_cat":[1370,642,643],"product_tag":[],"class_list":{"0":"post-532903","1":"product","2":"type-product","3":"status-publish","4":"has-post-thumbnail","6":"product_brand-ftcs","7":"product_cat-ak-tuning-mt","8":"product_cat-rifle-mt","9":"product_cat-rifle-parts-mt","11":"first","12":"instock","13":"taxable","14":"shipping-taxable","15":"purchasable","16":"product-type-variable","17":"wvs-archive-product-wrapper"},"acf":[],"_links":{"self":[{"href":"https:\/\/staging.nbg.eu\/mt\/wp-json\/wp\/v2\/product\/532903","targetHints":{"allow":["GET"]}}],"collection":[{"href":"https:\/\/staging.nbg.eu\/mt\/wp-json\/wp\/v2\/product"}],"about":[{"href":"https:\/\/staging.nbg.eu\/mt\/wp-json\/wp\/v2\/types\/product"}],"wp:featuredmedia":[{"embeddable":true,"href":"https:\/\/staging.nbg.eu\/mt\/wp-json\/wp\/v2\/media\/493924"}],"wp:attachment":[{"href":"https:\/\/staging.nbg.eu\/mt\/wp-json\/wp\/v2\/media?parent=532903"}],"wp:term":[{"taxonomy":"product_brand","embeddable":true,"href":"https:\/\/staging.nbg.eu\/mt\/wp-json\/wp\/v2\/product_brand?post=532903"},{"taxonomy":"product_cat","embeddable":true,"href":"https:\/\/staging.nbg.eu\/mt\/wp-json\/wp\/v2\/product_cat?post=532903"},{"taxonomy":"product_tag","embeddable":true,"href":"https:\/\/staging.nbg.eu\/mt\/wp-json\/wp\/v2\/product_tag?post=532903"}],"curies":[{"name":"wp","href":"https:\/\/api.w.org\/{rel}","templated":true}]}}