{"id":530961,"date":"2025-09-04T17:49:03","date_gmt":"2025-09-04T14:49:03","guid":{"rendered":"https:\/\/staging.nbg.eu\/product\/magpul-moe-sl-ak-grip-for-ak47-ak74-fde-mag682-fde\/"},"modified":"2025-09-26T16:16:17","modified_gmt":"2025-09-26T13:16:17","slug":"magpul-moe-sl-ak-grip-ghal-ak47ak74-fde-mag682-fde","status":"publish","type":"product","link":"https:\/\/staging.nbg.eu\/mt\/product\/magpul-moe-sl-ak-grip-ghal-ak47ak74-fde-mag682-fde\/","title":{"rendered":"Magpul &#8211; MOE SL AK Grip ghal AK47\/AK74 &#8211; FDE &#8211; MAG682-FDE"},"content":{"rendered":"<div class=\"product-description\">\n<h2>Magpul MOE SL AK Grip g\u0127al AK47\/AK74 &#8211; FDE (MAG682-FDE)<\/h2>\n<p>Dan il-grip g\u0127all-AK47\/AK74 joffri angolu aktar vertikali, imfassal g\u0127al armi b&#8217;LOP iqsar, li jqarreb l-id primarja lejn il-\u0121isem.<\/p>\n<ul>\n<li>Mag\u0127mul minn polimer b&#8217;finitura b&#8217;tekstura<\/li>\n<li>Jaqbel ma&#8217; receivers mit\u0127una u stampati, inklu\u017ci dawk bi pjastri ta&#8217; rinfurzar tal-grip<\/li>\n<li>G\u0127andu tekstura TSP (Trapezoidal Surface Projections) g\u0127al kontroll a\u0127jar tal-arma<\/li>\n<li>Angolu tal-grip ta&#8217; 20 grad<\/li>\n<li>Profil irqaq meta mqabbel ma&#8217; grips ta&#8217; daqs s\u0127i\u0127<\/li>\n<li>Dimensjonijiet: 4.3&#8243; g\u0127oli x 1.1&#8243; \u0127xuna, ji\u017cen 2.6 oz<\/li>\n<li>Mag\u0127mul fl-Istati Uniti &#8211; jg\u0127odd b\u0127ala parti wa\u0127da ta&#8217; konformit\u00e0 tal-Istati Uniti g\u0127al 922r<\/li>\n<\/ul>\n<p>Il-Magpul MOE SL AK Grip huwa mfassal g\u0127al prestazzjoni f&#8217;kull ambjent.<\/p>\n<\/div>\n","protected":false},"excerpt":{"rendered":"<p>Magpul MOE SL AK Grip: Maqbad irqiq u b&#8217;texture mtejjeb g\u0127all-AK47\/74 &#8211; FDE<\/p>\n","protected":false},"featured_media":493584,"template":"","meta":{"_acf_changed":false},"product_brand":[],"product_cat":[496],"product_tag":[],"class_list":{"0":"post-530961","1":"product","2":"type-product","3":"status-publish","4":"has-post-thumbnail","6":"product_cat-uncategorized-mt","8":"first","9":"instock","10":"taxable","11":"shipping-taxable","12":"purchasable","13":"product-type-simple"},"acf":[],"_links":{"self":[{"href":"https:\/\/staging.nbg.eu\/mt\/wp-json\/wp\/v2\/product\/530961","targetHints":{"allow":["GET"]}}],"collection":[{"href":"https:\/\/staging.nbg.eu\/mt\/wp-json\/wp\/v2\/product"}],"about":[{"href":"https:\/\/staging.nbg.eu\/mt\/wp-json\/wp\/v2\/types\/product"}],"wp:featuredmedia":[{"embeddable":true,"href":"https:\/\/staging.nbg.eu\/mt\/wp-json\/wp\/v2\/media\/493584"}],"wp:attachment":[{"href":"https:\/\/staging.nbg.eu\/mt\/wp-json\/wp\/v2\/media?parent=530961"}],"wp:term":[{"taxonomy":"product_brand","embeddable":true,"href":"https:\/\/staging.nbg.eu\/mt\/wp-json\/wp\/v2\/product_brand?post=530961"},{"taxonomy":"product_cat","embeddable":true,"href":"https:\/\/staging.nbg.eu\/mt\/wp-json\/wp\/v2\/product_cat?post=530961"},{"taxonomy":"product_tag","embeddable":true,"href":"https:\/\/staging.nbg.eu\/mt\/wp-json\/wp\/v2\/product_tag?post=530961"}],"curies":[{"name":"wp","href":"https:\/\/api.w.org\/{rel}","templated":true}]}}