{"id":530766,"date":"2025-09-04T17:31:53","date_gmt":"2025-09-04T14:31:53","guid":{"rendered":"https:\/\/staging.nbg.eu\/product\/pistoletna-drzhka-magpul-moe-k2-za-ak-fde-mag683-fde\/"},"modified":"2025-09-26T16:05:32","modified_gmt":"2025-09-26T13:05:32","slug":"qabda-tal-pistola-magpul-moe-k2-ghal-ak-fde-mag683-fde","status":"publish","type":"product","link":"https:\/\/staging.nbg.eu\/mt\/product\/qabda-tal-pistola-magpul-moe-k2-ghal-ak-fde-mag683-fde\/","title":{"rendered":"Qabda tal-Pistola Magpul MOE-K2 ghal AK FDE MAG683-FDE"},"content":{"rendered":"<div class=\"product-description\">\n<h2>Magpul MOE-K2 AK Grip &#8211; FDE (MAG683-FDE)<\/h2>\n<p>Magpul MOE-K2 AK Grip f&#8217;Flat Dark Earth g\u0127all-armi AK47\/AK74. Dan il-grip joffri:<\/p>\n<ul>\n<li>Ergonomija u kontroll imtejba<\/li>\n<li>Kostruzzjoni tal-polimer re\u017cistenti<\/li>\n<li>Wi\u010b\u010b li ma ji\u017cloqx<\/li>\n<li>Angolu aktar wieqaf g\u0127al po\u017cizzjonijiet ta&#8217; sparar moderni<\/li>\n<li>Tnaqqis fl-g\u0127eja tal-polz waqt u\u017cu fit-tul<\/li>\n<\/ul>\n<p>Mag\u0127mul minn Magpul, dan il-grip FDE jikkumplimenta diversi finituri tal-AK. <\/p>\n<p><strong>Numru tal-Parti tal-Manifattur:<\/strong> MAG683-FDE<\/p>\n<p><strong>UPC:<\/strong> 840815117117<\/p>\n<\/div>\n","protected":false},"excerpt":{"rendered":"<p>Magpul MOE-K2 AK Grip: Ergonomiku, ma ji\u017cloqx, b&#8217;angolu aktar wieqaf g\u0127all-kumdit\u00e0.<\/p>\n","protected":false},"featured_media":0,"template":"","meta":{"_acf_changed":false},"product_brand":[],"product_cat":[496],"product_tag":[],"class_list":{"0":"post-530766","1":"product","2":"type-product","3":"status-publish","5":"product_cat-uncategorized-mt","7":"first","8":"instock","9":"taxable","10":"shipping-taxable","11":"purchasable","12":"product-type-simple"},"acf":[],"_links":{"self":[{"href":"https:\/\/staging.nbg.eu\/mt\/wp-json\/wp\/v2\/product\/530766","targetHints":{"allow":["GET"]}}],"collection":[{"href":"https:\/\/staging.nbg.eu\/mt\/wp-json\/wp\/v2\/product"}],"about":[{"href":"https:\/\/staging.nbg.eu\/mt\/wp-json\/wp\/v2\/types\/product"}],"wp:attachment":[{"href":"https:\/\/staging.nbg.eu\/mt\/wp-json\/wp\/v2\/media?parent=530766"}],"wp:term":[{"taxonomy":"product_brand","embeddable":true,"href":"https:\/\/staging.nbg.eu\/mt\/wp-json\/wp\/v2\/product_brand?post=530766"},{"taxonomy":"product_cat","embeddable":true,"href":"https:\/\/staging.nbg.eu\/mt\/wp-json\/wp\/v2\/product_cat?post=530766"},{"taxonomy":"product_tag","embeddable":true,"href":"https:\/\/staging.nbg.eu\/mt\/wp-json\/wp\/v2\/product_tag?post=530766"}],"curies":[{"name":"wp","href":"https:\/\/api.w.org\/{rel}","templated":true}]}}