{"id":53052,"date":"2024-03-08T06:59:20","date_gmt":"2024-09-13T12:46:35","guid":{"rendered":"https:\/\/staging.nbg.eu\/product\/bore-tech-shotgun-blend\/"},"modified":"2024-09-13T12:47:34","modified_gmt":"2024-09-13T12:47:34","slug":"bore-tech-tahlita-ghal-shotgun","status":"publish","type":"product","link":"https:\/\/staging.nbg.eu\/mt\/product\/bore-tech-tahlita-ghal-shotgun\/","title":{"rendered":"Bore Tech Tahlita ghal Shotgun"},"content":{"rendered":"<p>\nIt-Ta\u0127lita g\u0127all-Senter ta&#8217; Bore Tech hija prodott tat-tindif g\u0127all-kanna ming\u0127ajr ammonja. Din il-formula bijodegradabbli tne\u0127\u0127i \u010b-\u010bomb, it-trab tal-porvli, u r-residwi tal-plastik mill-kanen, mill-forcing cones, u mit-tubi tal-choke. Huwa prodott sikur, bla ri\u0127a, u fa\u010bli biex jintu\u017ca. Ir-ri\u017cultati tat-tindif jidhru fuq i\u010b-\u010braret u\u017cati.<\/p>\n","protected":false},"excerpt":{"rendered":"<p>Tindif qawwi tal-kanna li jne\u0127\u0127i b&#8217;mod sigur residwi ta\u010b-\u010bomb, tal-karbonju u tal-plastik.<\/p>\n","protected":false},"featured_media":53053,"template":"","meta":{"_acf_changed":false},"product_brand":[11160],"product_cat":[1901,1434],"product_tag":[],"class_list":{"0":"post-53052","1":"product","2":"type-product","3":"status-publish","4":"has-post-thumbnail","6":"product_brand-boretech","7":"product_cat-cleaners-mt","8":"product_cat-maintenance-mt","10":"first","11":"instock","12":"taxable","13":"shipping-taxable","14":"purchasable","15":"product-type-variable","16":"wvs-archive-product-wrapper"},"acf":[],"_links":{"self":[{"href":"https:\/\/staging.nbg.eu\/mt\/wp-json\/wp\/v2\/product\/53052","targetHints":{"allow":["GET"]}}],"collection":[{"href":"https:\/\/staging.nbg.eu\/mt\/wp-json\/wp\/v2\/product"}],"about":[{"href":"https:\/\/staging.nbg.eu\/mt\/wp-json\/wp\/v2\/types\/product"}],"wp:featuredmedia":[{"embeddable":true,"href":"https:\/\/staging.nbg.eu\/mt\/wp-json\/wp\/v2\/media\/53053"}],"wp:attachment":[{"href":"https:\/\/staging.nbg.eu\/mt\/wp-json\/wp\/v2\/media?parent=53052"}],"wp:term":[{"taxonomy":"product_brand","embeddable":true,"href":"https:\/\/staging.nbg.eu\/mt\/wp-json\/wp\/v2\/product_brand?post=53052"},{"taxonomy":"product_cat","embeddable":true,"href":"https:\/\/staging.nbg.eu\/mt\/wp-json\/wp\/v2\/product_cat?post=53052"},{"taxonomy":"product_tag","embeddable":true,"href":"https:\/\/staging.nbg.eu\/mt\/wp-json\/wp\/v2\/product_tag?post=53052"}],"curies":[{"name":"wp","href":"https:\/\/api.w.org\/{rel}","templated":true}]}}