{"id":530112,"date":"2025-09-04T17:31:43","date_gmt":"2025-09-04T14:31:43","guid":{"rendered":"https:\/\/staging.nbg.eu\/product\/magpul-moe-m-lok-hand-guard-for-ar15-m4-mid-length-black\/"},"modified":"2025-09-26T15:15:44","modified_gmt":"2025-09-26T12:15:44","slug":"magpul-moe-m-lok-hand-guard-ghal-ar15m4-tul-medju-iswed","status":"publish","type":"product","link":"https:\/\/staging.nbg.eu\/mt\/product\/magpul-moe-m-lok-hand-guard-ghal-ar15m4-tul-medju-iswed\/","title":{"rendered":"Magpul &#8211; MOE M-LOK Hand Guard ghal AR15\/M4 &#8211; Tul Medju &#8211; Iswed"},"content":{"rendered":"<div class=\"product-description\">\n<h2>Magpul MOE\u00ae M-LOK\u00ae Hand Guard g\u0127al AR15\/M4 &#8211; Tul Medju &#8211; Iswed<\/h2>\n<p>Hand guard g\u0127al AR-15\/M4 b&#8217;sistemi tal-gass ta&#8217; tul medju. Dan l-a\u010b\u010bessorju huwa mag\u0127mul minn polimer \u0127afif u joffri flessibilit\u00e0 modulari.<\/p>\n<ul>\n<li>Slots M-LOK f&#8217;po\u017cizzjonijiet ta&#8217; 2, 6, u 10 o&#8217;clock g\u0127all-immuntar ta&#8217; a\u010b\u010bessorji<\/li>\n<li>Kostruzzjoni tal-polimer re\u017cistenti g\u0127as-s\u0127ana<\/li>\n<li>Kompatibbli ma&#8217; sistemi ta&#8217; impingement dirett u \u0127afna sistemi tal-gass bi piston<\/li>\n<li>Installazzjoni fa\u010bli bl-u\u017cu ta&#8217; \u010birku delta e\u017cistenti u kappa li \u017c\u017comm il-hand guard<\/li>\n<li>Ilqug\u0127 tas-s\u0127ana tal-aluminju integrat u mmurtat<\/li>\n<li>Estensjonijiet ta&#8217; quddiem u xoffa t&#8217;isfel g\u0127all-protezzjoni tal-operatur<\/li>\n<\/ul>\n<p>Ji\u017cen 8.7 oz u jkejjel 9.2 pulzieri fit-tul. Mag\u0127mul fl-Istati Uniti, g\u0127al operaturi li jfittxu soluzzjoni adattabbli g\u0127all-pjattaforma AR-15\/M4 tag\u0127hom.<\/p>\n<\/div>\n","protected":false},"excerpt":{"rendered":"<p>Protezzjoni \u0127afifa u modulari g\u0127al AR-15\/M4 ta&#8217; tul medju b&#8217;slots M-LOK.<\/p>\n","protected":false},"featured_media":493092,"template":"","meta":{"_acf_changed":false},"product_brand":[11539],"product_cat":[730,642,643],"product_tag":[],"class_list":{"0":"post-530112","1":"product","2":"type-product","3":"status-publish","4":"has-post-thumbnail","6":"product_brand-magpul","7":"product_cat-rails-mt","8":"product_cat-rifle-mt","9":"product_cat-rifle-parts-mt","11":"first","12":"instock","13":"taxable","14":"shipping-taxable","15":"purchasable","16":"product-type-simple"},"acf":[],"_links":{"self":[{"href":"https:\/\/staging.nbg.eu\/mt\/wp-json\/wp\/v2\/product\/530112","targetHints":{"allow":["GET"]}}],"collection":[{"href":"https:\/\/staging.nbg.eu\/mt\/wp-json\/wp\/v2\/product"}],"about":[{"href":"https:\/\/staging.nbg.eu\/mt\/wp-json\/wp\/v2\/types\/product"}],"wp:featuredmedia":[{"embeddable":true,"href":"https:\/\/staging.nbg.eu\/mt\/wp-json\/wp\/v2\/media\/493092"}],"wp:attachment":[{"href":"https:\/\/staging.nbg.eu\/mt\/wp-json\/wp\/v2\/media?parent=530112"}],"wp:term":[{"taxonomy":"product_brand","embeddable":true,"href":"https:\/\/staging.nbg.eu\/mt\/wp-json\/wp\/v2\/product_brand?post=530112"},{"taxonomy":"product_cat","embeddable":true,"href":"https:\/\/staging.nbg.eu\/mt\/wp-json\/wp\/v2\/product_cat?post=530112"},{"taxonomy":"product_tag","embeddable":true,"href":"https:\/\/staging.nbg.eu\/mt\/wp-json\/wp\/v2\/product_tag?post=530112"}],"curies":[{"name":"wp","href":"https:\/\/api.w.org\/{rel}","templated":true}]}}