{"id":529966,"date":"2025-09-02T20:30:44","date_gmt":"2025-09-02T17:30:44","guid":{"rendered":"https:\/\/staging.nbg.eu\/product\/predna-drzhka-magpul-zhukov-za-ak-47-ak-74-lilava-mag586-plm\/"},"modified":"2025-09-26T15:05:14","modified_gmt":"2025-09-26T12:05:14","slug":"qabda-ta-quddiem-magpul-zhukov-ghal-ak-47ak-74-vjola-mag586-plm","status":"publish","type":"product","link":"https:\/\/staging.nbg.eu\/mt\/product\/qabda-ta-quddiem-magpul-zhukov-ghal-ak-47ak-74-vjola-mag586-plm\/","title":{"rendered":"Qabda ta&#8217; Quddiem Magpul ZHUKOV ghal AK-47\/AK-74 Vjola MAG586 PLM"},"content":{"rendered":"<div class=\"product-description\">\n<h2>Magpul ZHUKOV Handguard g\u0127al AK-47\/AK-74 &#8211; Kulur Pruna (MAG586-PLM)<\/h2>\n<p>Handguard twil g\u0127all-AK-47 jew AK-74. Dan il-handguard joffri wi\u010b\u010b kbir g\u0127all-qbid u g\u0127a\u017cliet addizzjonali g\u0127all-immuntar ta&#8217; a\u010b\u010bessorji.<\/p>\n<ul>\n<li>Kompatibbli mal-bi\u010b\u010ba l-kbira tar-rifles AK-47\/AKM\/AK-74 (dijametru tal-kanna 16.75-18.25mm, tul &gt;13&#8243;)<\/li>\n<li>Xasi tal-aluminju anodizzat twal g\u0127all-immuntar ming\u0127ajr flessjoni u protezzjoni mis-s\u0127ana<\/li>\n<li>Kopertura esterna tal-polimeru b&#8217;slots g\u0127all-a\u010b\u010bessorji M-LOK<\/li>\n<li>Jinkludi Top Cover tal-polimeru ta&#8217; sostituzzjoni<\/li>\n<li>Kompatibbli ma&#8217; UltiMAK Optics Mount<\/li>\n<li>Tul: 11.7 pulzieri<\/li>\n<\/ul>\n<p>Handguard versatili g\u0127all-ka\u010b\u010baturi u l-isparaturi.<\/p>\n<\/div>\n","protected":false},"excerpt":{"rendered":"<p>Po\u0121\u0121aman esti\u017c Magpul ZHUKOV g\u0127all-AK-47\/AK-74, kulur tal-pruna, kompatibbli ma&#8217; M-LOK.<\/p>\n","protected":false},"featured_media":0,"template":"","meta":{"_acf_changed":false},"product_brand":[],"product_cat":[496],"product_tag":[],"class_list":{"0":"post-529966","1":"product","2":"type-product","3":"status-publish","5":"product_cat-uncategorized-mt","7":"first","8":"instock","9":"taxable","10":"shipping-taxable","11":"purchasable","12":"product-type-simple"},"acf":[],"_links":{"self":[{"href":"https:\/\/staging.nbg.eu\/mt\/wp-json\/wp\/v2\/product\/529966","targetHints":{"allow":["GET"]}}],"collection":[{"href":"https:\/\/staging.nbg.eu\/mt\/wp-json\/wp\/v2\/product"}],"about":[{"href":"https:\/\/staging.nbg.eu\/mt\/wp-json\/wp\/v2\/types\/product"}],"wp:attachment":[{"href":"https:\/\/staging.nbg.eu\/mt\/wp-json\/wp\/v2\/media?parent=529966"}],"wp:term":[{"taxonomy":"product_brand","embeddable":true,"href":"https:\/\/staging.nbg.eu\/mt\/wp-json\/wp\/v2\/product_brand?post=529966"},{"taxonomy":"product_cat","embeddable":true,"href":"https:\/\/staging.nbg.eu\/mt\/wp-json\/wp\/v2\/product_cat?post=529966"},{"taxonomy":"product_tag","embeddable":true,"href":"https:\/\/staging.nbg.eu\/mt\/wp-json\/wp\/v2\/product_tag?post=529966"}],"curies":[{"name":"wp","href":"https:\/\/api.w.org\/{rel}","templated":true}]}}