{"id":529641,"date":"2025-09-02T20:24:18","date_gmt":"2025-09-02T17:24:18","guid":{"rendered":"https:\/\/staging.nbg.eu\/product\/magpul-zhukov-hand-guard-for-ak-47-mag586\/"},"modified":"2025-09-26T12:57:09","modified_gmt":"2025-09-26T09:57:09","slug":"magpul-zhukov-hand-guard-ghal-ak-47-mag586","status":"publish","type":"product","link":"https:\/\/staging.nbg.eu\/mt\/product\/magpul-zhukov-hand-guard-ghal-ak-47-mag586\/","title":{"rendered":"Magpul &#8211; ZHUKOV Hand Guard ghal AK-47 MAG586"},"content":{"rendered":"<h2>Magpul ZHUKOV Hand Guard g\u0127all-AK-47 MAG586<\/h2>\n<p>Il-Magpul ZHUKOV Hand Guard (MAG586) huwa ma\u0127sub g\u0127all-AK-47. Dan il-hand guard joffri:<\/p>\n<ul>\n<li>Kostruzzjoni tal-polimer<\/li>\n<li>Tul esti\u017c<\/li>\n<li>Slots kompatibbli ma&#8217; M-LOK<\/li>\n<li>Disinn ergonomiku<\/li>\n<li>Installazzjoni fa\u010bli<\/li>\n<li>Kompatibbli ma&#8217; riffli tal-mudell AKM\/AK-47 stampati<\/li>\n<\/ul>\n<p>Il-ZHUKOV Hand Guard jibdel l-AK-47 tieg\u0127ek. Id-disinn u l-karatteristi\u010bi tieg\u0127u jag\u0127mluh utli g\u0127al min ju\u017ca l-AK.<\/p>\n<p><strong>Nota:<\/strong> Je\u0127tie\u0121 it-tne\u0127\u0127ija tar-retainer tal-handguard g\u0127all-installazzjoni.<\/p>\n","protected":false},"excerpt":{"rendered":"<p>Gwardja tal-idejn resistenti g\u0127all-AK-47. Ittejjeb il-qabda u t-tifrix tas-s\u0127ana. Kompatibbli ma&#8217; M-LOK.<\/p>\n","protected":false},"featured_media":491567,"template":"","meta":{"_acf_changed":false},"product_brand":[11539],"product_cat":[730,642,643],"product_tag":[],"class_list":{"0":"post-529641","1":"product","2":"type-product","3":"status-publish","4":"has-post-thumbnail","6":"product_brand-magpul","7":"product_cat-rails-mt","8":"product_cat-rifle-mt","9":"product_cat-rifle-parts-mt","11":"first","12":"instock","13":"taxable","14":"shipping-taxable","15":"purchasable","16":"product-type-variable","17":"wvs-archive-product-wrapper"},"acf":[],"_links":{"self":[{"href":"https:\/\/staging.nbg.eu\/mt\/wp-json\/wp\/v2\/product\/529641","targetHints":{"allow":["GET"]}}],"collection":[{"href":"https:\/\/staging.nbg.eu\/mt\/wp-json\/wp\/v2\/product"}],"about":[{"href":"https:\/\/staging.nbg.eu\/mt\/wp-json\/wp\/v2\/types\/product"}],"wp:featuredmedia":[{"embeddable":true,"href":"https:\/\/staging.nbg.eu\/mt\/wp-json\/wp\/v2\/media\/491567"}],"wp:attachment":[{"href":"https:\/\/staging.nbg.eu\/mt\/wp-json\/wp\/v2\/media?parent=529641"}],"wp:term":[{"taxonomy":"product_brand","embeddable":true,"href":"https:\/\/staging.nbg.eu\/mt\/wp-json\/wp\/v2\/product_brand?post=529641"},{"taxonomy":"product_cat","embeddable":true,"href":"https:\/\/staging.nbg.eu\/mt\/wp-json\/wp\/v2\/product_cat?post=529641"},{"taxonomy":"product_tag","embeddable":true,"href":"https:\/\/staging.nbg.eu\/mt\/wp-json\/wp\/v2\/product_tag?post=529641"}],"curies":[{"name":"wp","href":"https:\/\/api.w.org\/{rel}","templated":true}]}}