{"id":529460,"date":"2025-09-02T20:23:55","date_gmt":"2025-09-02T17:23:55","guid":{"rendered":"https:\/\/staging.nbg.eu\/product\/magpul-zhukov-s-stock-for-ak-47-ak-74-mag585\/"},"modified":"2025-09-26T12:42:18","modified_gmt":"2025-09-26T09:42:18","slug":"magpul-zhukov-s-stock-ghal-ak-47-ak-74-mag585","status":"publish","type":"product","link":"https:\/\/staging.nbg.eu\/mt\/product\/magpul-zhukov-s-stock-ghal-ak-47-ak-74-mag585\/","title":{"rendered":"Magpul &#8211; ZHUKOV-S Stock ghal AK-47 \/ AK-74 &#8211; MAG585"},"content":{"rendered":"<div class=\"product-description\">\n<h2>Stokk Magpul ZHUKOV-S\u00ae g\u0127al AK-47 \/ AK-74 &#8211; MAG585<\/h2>\n<p>Stokk li jintewa g\u0127all-AK47\/AKM\/AK74. Dan id-disinn joffri:<\/p>\n<ul>\n<li>A\u0121\u0121ustament ta&#8217; 5 po\u017cizzjonijiet g\u0127at-tul tad-drieg\u0127<\/li>\n<li>Mekkani\u017cmu li jintewa fuq in-na\u0127a tal-lemin kompatibbli ma&#8217; otti\u010bi dovetail<\/li>\n<li>Kapa\u010bit\u00e0 li tispara u tirrikarika bl-istokk mitwi<\/li>\n<li>Disinn baxx u lixx<\/li>\n<li>Buttpad tal-lastku li jassorbi r-recoil<\/li>\n<li>Toqba g\u0127a\u010b-\u010binga ta&#8217; 1.25&#8243; u kompatibbilt\u00e0 mal-port QD<\/li>\n<\/ul>\n<p>Ji\u017cen 425g u joffri tul ta&#8217; 223.5-289.5mm. Mag\u0127mul fl-Istati Uniti. Mhux kompatibbli ma&#8217; AKs Jugoslavi, Norinco Type 56S\/MAK-90, jew receivers immilljati.<\/p>\n<\/div>\n","protected":false},"excerpt":{"rendered":"<p>Magpul ZHUKOV-S: Stokk tal-AK li jintewa u ji\u0121i a\u0121\u0121ustat b&#8217;ports QD.<\/p>\n","protected":false},"featured_media":491494,"template":"","meta":{"_acf_changed":false},"product_brand":[11539],"product_cat":[1370,642,8971,643],"product_tag":[],"class_list":{"0":"post-529460","1":"product","2":"type-product","3":"status-publish","4":"has-post-thumbnail","6":"product_brand-magpul","7":"product_cat-ak-tuning-mt","8":"product_cat-rifle-mt","9":"product_cat-rifle-stocks-mt","10":"product_cat-rifle-parts-mt","12":"first","13":"instock","14":"taxable","15":"shipping-taxable","16":"purchasable","17":"product-type-variable","18":"wvs-archive-product-wrapper"},"acf":[],"_links":{"self":[{"href":"https:\/\/staging.nbg.eu\/mt\/wp-json\/wp\/v2\/product\/529460","targetHints":{"allow":["GET"]}}],"collection":[{"href":"https:\/\/staging.nbg.eu\/mt\/wp-json\/wp\/v2\/product"}],"about":[{"href":"https:\/\/staging.nbg.eu\/mt\/wp-json\/wp\/v2\/types\/product"}],"wp:featuredmedia":[{"embeddable":true,"href":"https:\/\/staging.nbg.eu\/mt\/wp-json\/wp\/v2\/media\/491494"}],"wp:attachment":[{"href":"https:\/\/staging.nbg.eu\/mt\/wp-json\/wp\/v2\/media?parent=529460"}],"wp:term":[{"taxonomy":"product_brand","embeddable":true,"href":"https:\/\/staging.nbg.eu\/mt\/wp-json\/wp\/v2\/product_brand?post=529460"},{"taxonomy":"product_cat","embeddable":true,"href":"https:\/\/staging.nbg.eu\/mt\/wp-json\/wp\/v2\/product_cat?post=529460"},{"taxonomy":"product_tag","embeddable":true,"href":"https:\/\/staging.nbg.eu\/mt\/wp-json\/wp\/v2\/product_tag?post=529460"}],"curies":[{"name":"wp","href":"https:\/\/api.w.org\/{rel}","templated":true}]}}