{"id":52935,"date":"2024-03-08T09:51:57","date_gmt":"2024-03-08T09:51:57","guid":{"rendered":"https:\/\/staging.nbg.eu\/product\/bronze-spiral-shotgun-brush\/"},"modified":"2024-09-13T12:45:12","modified_gmt":"2024-09-13T12:45:12","slug":"xkupa-bronze-spirali-ghal-shotgun","status":"publish","type":"product","link":"https:\/\/staging.nbg.eu\/mt\/product\/xkupa-bronze-spirali-ghal-shotgun\/","title":{"rendered":"XKUPA BRONZE SPIRALI GHAL SHOTGUN"},"content":{"rendered":"<p>Il-Brush tal-Ishotgun ta&#8217; Bore Tech g\u0127andu xag\u0127ar f&#8217;forma spirali. Mag\u0127mul minn bron\u017c tal-fosforu li ma jag\u0127milx \u0127sara lill-kanna. Ine\u0127\u0127i b&#8217;mod effettiv il-fdalijiet tal-plastik u jdum aktar minn xkupilji standard. Disponibbli f&#8217;qisien minn 10 sa .410 gauge, jaqbel ma&#8217; vireg bil-kamin ta&#8217; 5\/16-27.<\/p>\n","protected":false},"excerpt":{"rendered":"<p>Xkupilja spirali innovattiva g\u0127al tindif bir-reqqa u sigur tal-bore tal-ishotgun.<\/p>\n","protected":false},"featured_media":52936,"template":"","meta":{"_acf_changed":false},"product_brand":[11160],"product_cat":[1433,1434],"product_tag":[],"class_list":{"0":"post-52935","1":"product","2":"type-product","3":"status-publish","4":"has-post-thumbnail","6":"product_brand-boretech","7":"product_cat-brushes-mt","8":"product_cat-maintenance-mt","10":"first","11":"outofstock","12":"taxable","13":"shipping-taxable","14":"purchasable","15":"product-type-simple"},"acf":[],"_links":{"self":[{"href":"https:\/\/staging.nbg.eu\/mt\/wp-json\/wp\/v2\/product\/52935","targetHints":{"allow":["GET"]}}],"collection":[{"href":"https:\/\/staging.nbg.eu\/mt\/wp-json\/wp\/v2\/product"}],"about":[{"href":"https:\/\/staging.nbg.eu\/mt\/wp-json\/wp\/v2\/types\/product"}],"wp:featuredmedia":[{"embeddable":true,"href":"https:\/\/staging.nbg.eu\/mt\/wp-json\/wp\/v2\/media\/52936"}],"wp:attachment":[{"href":"https:\/\/staging.nbg.eu\/mt\/wp-json\/wp\/v2\/media?parent=52935"}],"wp:term":[{"taxonomy":"product_brand","embeddable":true,"href":"https:\/\/staging.nbg.eu\/mt\/wp-json\/wp\/v2\/product_brand?post=52935"},{"taxonomy":"product_cat","embeddable":true,"href":"https:\/\/staging.nbg.eu\/mt\/wp-json\/wp\/v2\/product_cat?post=52935"},{"taxonomy":"product_tag","embeddable":true,"href":"https:\/\/staging.nbg.eu\/mt\/wp-json\/wp\/v2\/product_tag?post=52935"}],"curies":[{"name":"wp","href":"https:\/\/api.w.org\/{rel}","templated":true}]}}