{"id":52822,"date":"2024-03-11T05:07:53","date_gmt":"2024-03-11T05:07:53","guid":{"rendered":"https:\/\/staging.nbg.eu\/product\/bore-tech-alloy-shotgun-stix-36\/"},"modified":"2024-09-13T11:36:50","modified_gmt":"2024-09-13T11:36:50","slug":"bore-tech-alloy-shotgun-stix-36","status":"publish","type":"product","link":"https:\/\/staging.nbg.eu\/mt\/product\/bore-tech-alloy-shotgun-stix-36\/","title":{"rendered":"Bore Tech Alloy Shotgun Stix 36&#8243;"},"content":{"rendered":"<p>\nIl-Bore Tech Alloy Shotgun Stix 36&#8243; g\u0127andu dawn il-karatteristi\u010bi:<\/p>\n<ul>\n<li>Manku ergonomiku b&#8217;virga tal-liga li hija sikura g\u0127all-kanna<\/li>\n<li>Ri\u0121idit\u00e0 g\u0127al xkubetti ta&#8217; 410-10 gauge<\/li>\n<li>Tul ta&#8217; 36&#8243; (konfigurazzjoni f&#8217;bi\u010b\u010ba wa\u0127da)<\/li>\n<li>B&#8217;tarf femminili bi standard 5\/16-27 kamin<\/li>\n<li>Kompatibbli ma&#8217; Shotgun Patch Jags u xkupilji tal-bron\u017c g\u0127all-kanna<\/li>\n<\/ul>\n<p>Din il-virga tat-tindif hija re\u017cistenti u versatili.<\/p>\n","protected":false},"excerpt":{"rendered":"<p>Virga ri\u0121ida tal-liga ta&#8217; 36&#8243; g\u0127al xkupetti tal-kaliber 410-10. Mank\u00f9 ergonomiku.<\/p>\n","protected":false},"featured_media":52823,"template":"","meta":{"_acf_changed":false},"product_brand":[],"product_cat":[1880,1434],"product_tag":[],"class_list":{"0":"post-52822","1":"product","2":"type-product","3":"status-publish","4":"has-post-thumbnail","6":"product_cat-cleaning-rods-mt","7":"product_cat-maintenance-mt","9":"first","10":"outofstock","11":"taxable","12":"shipping-taxable","13":"purchasable","14":"product-type-simple"},"acf":[],"_links":{"self":[{"href":"https:\/\/staging.nbg.eu\/mt\/wp-json\/wp\/v2\/product\/52822","targetHints":{"allow":["GET"]}}],"collection":[{"href":"https:\/\/staging.nbg.eu\/mt\/wp-json\/wp\/v2\/product"}],"about":[{"href":"https:\/\/staging.nbg.eu\/mt\/wp-json\/wp\/v2\/types\/product"}],"wp:featuredmedia":[{"embeddable":true,"href":"https:\/\/staging.nbg.eu\/mt\/wp-json\/wp\/v2\/media\/52823"}],"wp:attachment":[{"href":"https:\/\/staging.nbg.eu\/mt\/wp-json\/wp\/v2\/media?parent=52822"}],"wp:term":[{"taxonomy":"product_brand","embeddable":true,"href":"https:\/\/staging.nbg.eu\/mt\/wp-json\/wp\/v2\/product_brand?post=52822"},{"taxonomy":"product_cat","embeddable":true,"href":"https:\/\/staging.nbg.eu\/mt\/wp-json\/wp\/v2\/product_cat?post=52822"},{"taxonomy":"product_tag","embeddable":true,"href":"https:\/\/staging.nbg.eu\/mt\/wp-json\/wp\/v2\/product_tag?post=52822"}],"curies":[{"name":"wp","href":"https:\/\/api.w.org\/{rel}","templated":true}]}}