{"id":527840,"date":"2025-09-02T20:21:10","date_gmt":"2025-09-02T17:21:10","guid":{"rendered":"https:\/\/staging.nbg.eu\/product\/strike-industries-g5-magwell-for-glock-17-22-31-34-35-45-gen5-si-g5-magwell-17\/"},"modified":"2025-09-25T22:34:46","modified_gmt":"2025-09-25T19:34:46","slug":"strike-industries-g5-magwell-ghal-glock-172231343545-gen5-si-g5-magwell-17","status":"publish","type":"product","link":"https:\/\/staging.nbg.eu\/mt\/product\/strike-industries-g5-magwell-ghal-glock-172231343545-gen5-si-g5-magwell-17\/","title":{"rendered":"Strike Industries &#8211; G5 MagWell ghal Glock 17\/22\/31\/34\/35\/45 Gen5 &#8211; SI-G5-MAGWELL-17"},"content":{"rendered":"<div class=\"product-description\">\n<h2>Strike Industries G5 MagWell g\u0127al Glock 17\/22\/31\/34\/35\/45 Gen5<\/h2>\n<p>MagWell ta&#8217; Strike Industries G5 g\u0127al Glock Gen5. Ma\u0127sub biex jag\u0127mel it-tag\u0127bija mill-\u0121did tal-magazin aktar fa\u010bli, ming\u0127ajr ma jaffettwa l-qabda tal-pistola.<\/p>\n<ul>\n<li>Kompatibbli ma&#8217; mudelli Glock G17\/G22\/G31\/G34\/G35\/G45 Gen5<\/li>\n<li>Disinn imwessa&#8217; g\u0127al inserzjoni tal-magazin aktar fa\u010bli<\/li>\n<li>\u0126afif (0.4oz) u mag\u0127mul minn polimer b&#8217;sa\u0127\u0127tu<\/li>\n<li>Installazzjoni fa\u010bli b&#8217;vit M4 u \u010bavetta hex ta&#8217; 2.5mm inklu\u017ci<\/li>\n<li>Dimensjonijiet: 61.72mm (T) x 37.34mm (W) x 23.11mm (G)<\/li>\n<\/ul>\n<p>Itejjeb il-velo\u010bit\u00e0 u l-konsistenza tat-tag\u0127bija mill-\u0121did. Ja\u0127dem ma&#8217; \u0127afna pjan\u010bi ta&#8217; ba\u017ci u estensjonijiet tal-magazin aftermarket. Jista&#8217; jintu\u017ca mal-Strike EMP.<\/p>\n<p><strong>Nota:<\/strong> Tissikkax \u017c\u017cejjed il-vit waqt l-installazzjoni biex tevita \u0127sara jew allinjament \u0127a\u017cin.<\/p>\n<\/div>\n","protected":false},"excerpt":{"rendered":"<p>Tejjeb ir-rikargar tal-Glock Gen5 bil-magwell eleganti ta&#8217; Strike Industries.<\/p>\n","protected":false},"featured_media":490779,"template":"","meta":{"_acf_changed":false},"product_brand":[11411,11539],"product_cat":[2177,3001],"product_tag":[],"class_list":{"0":"post-527840","1":"product","2":"type-product","3":"status-publish","4":"has-post-thumbnail","6":"product_brand-glock","7":"product_brand-magpul","8":"product_cat-pistol-mt","9":"product_cat-pistol-parts-mt","11":"first","12":"instock","13":"taxable","14":"shipping-taxable","15":"purchasable","16":"product-type-simple"},"acf":[],"_links":{"self":[{"href":"https:\/\/staging.nbg.eu\/mt\/wp-json\/wp\/v2\/product\/527840","targetHints":{"allow":["GET"]}}],"collection":[{"href":"https:\/\/staging.nbg.eu\/mt\/wp-json\/wp\/v2\/product"}],"about":[{"href":"https:\/\/staging.nbg.eu\/mt\/wp-json\/wp\/v2\/types\/product"}],"wp:featuredmedia":[{"embeddable":true,"href":"https:\/\/staging.nbg.eu\/mt\/wp-json\/wp\/v2\/media\/490779"}],"wp:attachment":[{"href":"https:\/\/staging.nbg.eu\/mt\/wp-json\/wp\/v2\/media?parent=527840"}],"wp:term":[{"taxonomy":"product_brand","embeddable":true,"href":"https:\/\/staging.nbg.eu\/mt\/wp-json\/wp\/v2\/product_brand?post=527840"},{"taxonomy":"product_cat","embeddable":true,"href":"https:\/\/staging.nbg.eu\/mt\/wp-json\/wp\/v2\/product_cat?post=527840"},{"taxonomy":"product_tag","embeddable":true,"href":"https:\/\/staging.nbg.eu\/mt\/wp-json\/wp\/v2\/product_tag?post=527840"}],"curies":[{"name":"wp","href":"https:\/\/api.w.org\/{rel}","templated":true}]}}