{"id":527731,"date":"2025-09-02T20:21:13","date_gmt":"2025-09-02T17:21:13","guid":{"rendered":"https:\/\/staging.nbg.eu\/product\/strike-industries-g4-magwell-for-glock-17-22-31-34-35-gen4-si-g4-magwell\/"},"modified":"2025-09-25T22:29:40","modified_gmt":"2025-09-25T19:29:40","slug":"strike-industries-g4-magwell-ghal-glock-1722313435-gen4-si-g4-magwell","status":"publish","type":"product","link":"https:\/\/staging.nbg.eu\/mt\/product\/strike-industries-g4-magwell-ghal-glock-1722313435-gen4-si-g4-magwell\/","title":{"rendered":"Strike Industries &#8211; G4 MagWell ghal Glock 17\/22\/31\/34\/35 Gen4 &#8211; SI-G4-MAGWELL"},"content":{"rendered":"<div class=\"product-description\">\n<h2>Strike Industries G4 MagWell g\u0127al Glock 17\/22\/31\/34\/35 Gen4<\/h2>\n<p>Il-MagWell Strike Industries GEN4 huwa ddisinjat g\u0127al rikarikament tal-magazin aktar fa\u010bli filwaqt li j\u017comm il-qabda rqiqa tal-pistola. Dan il-magwell i\u017cid il-konsistenza u jnaqqas il-\u0127in tar-rikarikament. Huwa kompatibbli mal-bi\u010b\u010ba l-kbira tal-ba\u017cijiet u l-estensjonijiet tal-magazin aftermarket.<\/p>\n<ul>\n<li>Magwell imwessa&#8217; g\u0127al inseriment aktar fa\u010bli tal-magazin<\/li>\n<li>Installazzjoni fa\u010bli b&#8217;mekkani\u017cmu uniku ta&#8217; llokkjar<\/li>\n<li>Mag\u0127mul minn polimeru \u0127afif u b&#8217;sa\u0127\u0127tu<\/li>\n<li>Kompatibbli ma&#8217; mudelli Glock 17\/22\/31\/34\/35 GEN4<\/li>\n<li>Iddisinjat g\u0127al backstrap +0 tal-fabbrika Glock<\/li>\n<\/ul>\n<p><strong>Nota:<\/strong> Tissikkax i\u017c-\u017cejjed il-vit ta&#8217; ssettjar waqt l-installazzjoni biex tevita \u017calinjament jew \u0127sara.<\/p>\n<p>Il-pakkett jinkludi: G4 Magwell, Vit ta&#8217; Ssettjar, \u010aavetta M2 Hex, u Karta ta&#8217; Twissija.<\/p>\n<\/div>\n","protected":false},"excerpt":{"rendered":"<p>Tejjeb ir-rikariki tal-Glock 17\/22\/31\/34\/35 Gen4 bl-SI G4 MagWell.<\/p>\n","protected":false},"featured_media":491010,"template":"","meta":{"_acf_changed":false},"product_brand":[11411,11539],"product_cat":[2177,3001],"product_tag":[],"class_list":{"0":"post-527731","1":"product","2":"type-product","3":"status-publish","4":"has-post-thumbnail","6":"product_brand-glock","7":"product_brand-magpul","8":"product_cat-pistol-mt","9":"product_cat-pistol-parts-mt","11":"first","12":"instock","13":"taxable","14":"shipping-taxable","15":"purchasable","16":"product-type-simple"},"acf":[],"_links":{"self":[{"href":"https:\/\/staging.nbg.eu\/mt\/wp-json\/wp\/v2\/product\/527731","targetHints":{"allow":["GET"]}}],"collection":[{"href":"https:\/\/staging.nbg.eu\/mt\/wp-json\/wp\/v2\/product"}],"about":[{"href":"https:\/\/staging.nbg.eu\/mt\/wp-json\/wp\/v2\/types\/product"}],"wp:featuredmedia":[{"embeddable":true,"href":"https:\/\/staging.nbg.eu\/mt\/wp-json\/wp\/v2\/media\/491010"}],"wp:attachment":[{"href":"https:\/\/staging.nbg.eu\/mt\/wp-json\/wp\/v2\/media?parent=527731"}],"wp:term":[{"taxonomy":"product_brand","embeddable":true,"href":"https:\/\/staging.nbg.eu\/mt\/wp-json\/wp\/v2\/product_brand?post=527731"},{"taxonomy":"product_cat","embeddable":true,"href":"https:\/\/staging.nbg.eu\/mt\/wp-json\/wp\/v2\/product_cat?post=527731"},{"taxonomy":"product_tag","embeddable":true,"href":"https:\/\/staging.nbg.eu\/mt\/wp-json\/wp\/v2\/product_tag?post=527731"}],"curies":[{"name":"wp","href":"https:\/\/api.w.org\/{rel}","templated":true}]}}