{"id":527624,"date":"2025-09-02T20:20:53","date_gmt":"2025-09-02T17:20:53","guid":{"rendered":"https:\/\/staging.nbg.eu\/product\/strike-industries-ak-rear-sight-rail-black-si-akrr\/"},"modified":"2025-09-25T22:27:26","modified_gmt":"2025-09-25T19:27:26","slug":"strike-industries-riniera-ta-wara-ak-iswed-si-akrr","status":"publish","type":"product","link":"https:\/\/staging.nbg.eu\/mt\/product\/strike-industries-riniera-ta-wara-ak-iswed-si-akrr\/","title":{"rendered":"Strike Industries &#8211; Riniera ta&#8217; Wara AK &#8211; Iswed &#8211; SI-AKRR"},"content":{"rendered":"<div class=\"product-description\">\n<h2>Strike Industries &#8211; AK Rear Sight Rail &#8211; Iswed &#8211; SI-AKRR<\/h2>\n<p>Dan l-a\u010b\u010bessorju g\u0127all-karabina tal-familja AK joffri:<\/p>\n<ul>\n<li>Immuntar kompatibbli ma&#8217; Picatinny g\u0127al otti\u010bi ta&#8217; profil baxx<\/li>\n<li>Kostruzzjoni tal-aluminju 6061 tal-ajruplani<\/li>\n<li>Funzjonalit\u00e0 doppja b\u0127ala skop standard tar-rifle<\/li>\n<li>Kapa\u010bitajiet ta&#8217; a\u0121\u0121ustament vertikali u orizzontali<\/li>\n<li>Disinn \u0127afif ta&#8217; 38g biss<\/li>\n<\/ul>\n<p>B&#8217;tul ta&#8217; 99.7mm u wisa&#8217; ta&#8217; 21mm, din ir-rail iswed tissostitwixxi s-sight ta&#8217; wara tal-AK tieg\u0127ek. G\u0127andha r\u010bessi tal-\u0121enb g\u0127al \u017cebg\u0127a personalizzata u \u017c\u017comm spazju adegwat g\u0127all-u\u017cu tas-sight tal-\u0127adid meta ma jkunux immuntati otti\u010bi.<\/p>\n<p>Dan l-a\u010b\u010bessorju j\u017cid il-versatilit\u00e0 u l-pre\u010bi\u017cjoni tal-AK tieg\u0127ek.<\/p>\n<\/div>\n","protected":false},"excerpt":{"rendered":"<p>\u017bbarra ta&#8217; wara g\u0127all-vi\u017cjoni g\u0127al AK biex twa\u0127\u0127al l-ottika. Mag\u0127mula minn aluminju re\u017cistenti, kompatibbli ma&#8217; sistemi Picatinny.<\/p>\n","protected":false},"featured_media":490595,"template":"","meta":{"_acf_changed":false},"product_brand":[],"product_cat":[1370],"product_tag":[],"class_list":{"0":"post-527624","1":"product","2":"type-product","3":"status-publish","4":"has-post-thumbnail","6":"product_cat-ak-tuning-mt","8":"first","9":"instock","10":"taxable","11":"shipping-taxable","12":"purchasable","13":"product-type-simple"},"acf":[],"_links":{"self":[{"href":"https:\/\/staging.nbg.eu\/mt\/wp-json\/wp\/v2\/product\/527624","targetHints":{"allow":["GET"]}}],"collection":[{"href":"https:\/\/staging.nbg.eu\/mt\/wp-json\/wp\/v2\/product"}],"about":[{"href":"https:\/\/staging.nbg.eu\/mt\/wp-json\/wp\/v2\/types\/product"}],"wp:featuredmedia":[{"embeddable":true,"href":"https:\/\/staging.nbg.eu\/mt\/wp-json\/wp\/v2\/media\/490595"}],"wp:attachment":[{"href":"https:\/\/staging.nbg.eu\/mt\/wp-json\/wp\/v2\/media?parent=527624"}],"wp:term":[{"taxonomy":"product_brand","embeddable":true,"href":"https:\/\/staging.nbg.eu\/mt\/wp-json\/wp\/v2\/product_brand?post=527624"},{"taxonomy":"product_cat","embeddable":true,"href":"https:\/\/staging.nbg.eu\/mt\/wp-json\/wp\/v2\/product_cat?post=527624"},{"taxonomy":"product_tag","embeddable":true,"href":"https:\/\/staging.nbg.eu\/mt\/wp-json\/wp\/v2\/product_tag?post=527624"}],"curies":[{"name":"wp","href":"https:\/\/api.w.org\/{rel}","templated":true}]}}