{"id":52152,"date":"2024-03-12T19:00:56","date_gmt":"2024-09-13T11:30:00","guid":{"rendered":"https:\/\/staging.nbg.eu\/product\/bore-tech-rimfire-blend\/"},"modified":"2024-09-13T11:30:59","modified_gmt":"2024-09-13T11:30:59","slug":"bore-tech-tahlita-ghal-rimfire","status":"publish","type":"product","link":"https:\/\/staging.nbg.eu\/mt\/product\/bore-tech-tahlita-ghal-rimfire\/","title":{"rendered":"Bore Tech Tahlita ghal Rimfire"},"content":{"rendered":"<div class=\"product-description\">\n<h2>Bore Tech Rimfire Blend Naddaf tal-Kanna<\/h2>\n<p>Ifformulat g\u0127al sparaturi b&#8217;kanna \u017cg\u0127ira, dan in-naddaf ine\u0127\u0127i \u010bomb, fdal tal-porvli, u xama&#8217; tal-balla. U\u017cat minn kompetituri ta&#8217; livell g\u0127oli u manifatturi tar-rifles.<\/p>\n<ul>\n<li>\u0126ieles mill-ammonja u bla ri\u0127a<\/li>\n<li>100% bijodegradabbli<\/li>\n<li>Ine\u0127\u0127i saffi ta&#8217; \u010bomb, xama&#8217;, u akkumulazzjoni ta&#8217; karbonju<\/li>\n<li>Je\u0127tie\u0121 tixkif minimu<\/li>\n<li>Sikur g\u0127at-tipi kollha ta&#8217; kanen<\/li>\n<\/ul>\n<p>U\u017ca t-teknolo\u0121ija tal-linja ta&#8217; tindif spe\u010bjalizzata ta&#8217; Bore Tech.<\/p>\n<\/div>\n","protected":false},"excerpt":{"rendered":"<p>Mnaddaf effettiv tar-rimfire ine\u0127\u0127i \u010b-\u010bomb, ix-xama&#8217;, u l-karbonju. \u0126ieles mill-ammonja.<\/p>\n","protected":false},"featured_media":52153,"template":"","meta":{"_acf_changed":false},"product_brand":[11160],"product_cat":[1901,1434],"product_tag":[],"class_list":{"0":"post-52152","1":"product","2":"type-product","3":"status-publish","4":"has-post-thumbnail","6":"product_brand-boretech","7":"product_cat-cleaners-mt","8":"product_cat-maintenance-mt","10":"first","11":"instock","12":"taxable","13":"shipping-taxable","14":"purchasable","15":"product-type-variable","16":"wvs-archive-product-wrapper"},"acf":[],"_links":{"self":[{"href":"https:\/\/staging.nbg.eu\/mt\/wp-json\/wp\/v2\/product\/52152","targetHints":{"allow":["GET"]}}],"collection":[{"href":"https:\/\/staging.nbg.eu\/mt\/wp-json\/wp\/v2\/product"}],"about":[{"href":"https:\/\/staging.nbg.eu\/mt\/wp-json\/wp\/v2\/types\/product"}],"wp:featuredmedia":[{"embeddable":true,"href":"https:\/\/staging.nbg.eu\/mt\/wp-json\/wp\/v2\/media\/52153"}],"wp:attachment":[{"href":"https:\/\/staging.nbg.eu\/mt\/wp-json\/wp\/v2\/media?parent=52152"}],"wp:term":[{"taxonomy":"product_brand","embeddable":true,"href":"https:\/\/staging.nbg.eu\/mt\/wp-json\/wp\/v2\/product_brand?post=52152"},{"taxonomy":"product_cat","embeddable":true,"href":"https:\/\/staging.nbg.eu\/mt\/wp-json\/wp\/v2\/product_cat?post=52152"},{"taxonomy":"product_tag","embeddable":true,"href":"https:\/\/staging.nbg.eu\/mt\/wp-json\/wp\/v2\/product_tag?post=52152"}],"curies":[{"name":"wp","href":"https:\/\/api.w.org\/{rel}","templated":true}]}}