{"id":51702,"date":"2024-03-14T09:15:35","date_gmt":"2024-09-13T10:05:08","guid":{"rendered":"https:\/\/staging.nbg.eu\/product\/boretech-nylon-chamber-brush-multiple-calibers\/"},"modified":"2024-09-13T10:06:01","modified_gmt":"2024-09-13T10:06:01","slug":"xkupa-tan-nylon-tal-kamera-ta-boretech-kalibri-diversi","status":"publish","type":"product","link":"https:\/\/staging.nbg.eu\/mt\/product\/xkupa-tan-nylon-tal-kamera-ta-boretech-kalibri-diversi\/","title":{"rendered":"Xkupa tan-Nylon tal-Kamera ta&#8217; BoreTech (Kalibri Diversi)"},"content":{"rendered":"<div class=\"product-description\">\n<h2>Xkupilja tal-Kamra tan-Nylon BoreTech (Kalibri Multipli)<\/h2>\n<p>Ix-xkupilji tal-kamra tan-nylon Bore Tech g\u0127andhom dawn il-karatteristi\u010bi:<\/p>\n<ul>\n<li>Kompatibbli ma&#8217; prodotti tat-tindif tar-ram li ja\u0127dmu malajr<\/li>\n<li>Azzjoni ta&#8217; brix doppja b&#8217;xag\u0127ar tan-nylon imqabbe\u017c<\/li>\n<li>Dijametri tax-xag\u0127ar adattati g\u0127al kull kalibru<\/li>\n<li>Qalba tax-xkupilja b&#8217;dawra doppja mhux tar-ram b&#8217;tarf \u010birkolari<\/li>\n<li>Studs tal-aluminju ta&#8217; kwalit\u00e0 tal-ajruplani<\/li>\n<\/ul>\n<p>Tne\u0127\u0127i indikazzjonijiet foloz ta&#8217; tni\u0121\u0121is tar-ram u rqajja&#8217; blu asso\u010bjati ma&#8217; xkupilji tal-bron\u017c tal-fosforu. Disponibbli f&#8217;pakketti singoli g\u0127al .223\/5.56mm AR-15 u .308\/7.62mm AR-10.<\/p>\n<p>G\u0127al tindif tal-kamra aktar effi\u010bjenti ming\u0127ajr ma tikkomprometti l-integrit\u00e0 tal-arma tan-nar.<\/p>\n<\/div>\n","protected":false},"excerpt":{"rendered":"<p>Xkupilja tas-saqaf tan-nylon sigura u re\u017cistenti g\u0127al tindif effi\u010bjenti tal-armi tan-nar.<\/p>\n","protected":false},"featured_media":51703,"template":"","meta":{"_acf_changed":false},"product_brand":[11160],"product_cat":[1433,1434],"product_tag":[],"class_list":{"0":"post-51702","1":"product","2":"type-product","3":"status-publish","4":"has-post-thumbnail","6":"product_brand-boretech","7":"product_cat-brushes-mt","8":"product_cat-maintenance-mt","9":"pa_model-ar-10-mt","10":"pa_model-ar-15-mt","12":"first","13":"instock","14":"taxable","15":"shipping-taxable","16":"purchasable","17":"product-type-variable","18":"wvs-archive-product-wrapper"},"acf":[],"_links":{"self":[{"href":"https:\/\/staging.nbg.eu\/mt\/wp-json\/wp\/v2\/product\/51702","targetHints":{"allow":["GET"]}}],"collection":[{"href":"https:\/\/staging.nbg.eu\/mt\/wp-json\/wp\/v2\/product"}],"about":[{"href":"https:\/\/staging.nbg.eu\/mt\/wp-json\/wp\/v2\/types\/product"}],"wp:featuredmedia":[{"embeddable":true,"href":"https:\/\/staging.nbg.eu\/mt\/wp-json\/wp\/v2\/media\/51703"}],"wp:attachment":[{"href":"https:\/\/staging.nbg.eu\/mt\/wp-json\/wp\/v2\/media?parent=51702"}],"wp:term":[{"taxonomy":"product_brand","embeddable":true,"href":"https:\/\/staging.nbg.eu\/mt\/wp-json\/wp\/v2\/product_brand?post=51702"},{"taxonomy":"product_cat","embeddable":true,"href":"https:\/\/staging.nbg.eu\/mt\/wp-json\/wp\/v2\/product_cat?post=51702"},{"taxonomy":"product_tag","embeddable":true,"href":"https:\/\/staging.nbg.eu\/mt\/wp-json\/wp\/v2\/product_tag?post=51702"}],"curies":[{"name":"wp","href":"https:\/\/api.w.org\/{rel}","templated":true}]}}