{"id":51553,"date":"2024-03-15T05:39:44","date_gmt":"2024-09-13T09:59:24","guid":{"rendered":"https:\/\/staging.nbg.eu\/product\/bore-tech-bullet-knock-out-set\/"},"modified":"2024-09-13T10:00:16","modified_gmt":"2024-09-13T10:00:16","slug":"set-ta-bore-tech-bullet-knock-out","status":"publish","type":"product","link":"https:\/\/staging.nbg.eu\/mt\/product\/set-ta-bore-tech-bullet-knock-out\/","title":{"rendered":"# Set ta&#8217; Bore Tech Bullet Knock-out"},"content":{"rendered":"<p>Is-<strong>Sett Bore Tech Bullet Knock-out<\/strong> huwa g\u0127odda g\u0127all-isparaturi. Dan is-sett jinkludi 4 ponot tar-ramm ma\u0127dumin, imfassla biex ine\u0127\u0127u balal jew kartri\u010b\u010bi mwa\u0127\u0127lin ming\u0127ajr ma jag\u0127mlu \u0127sara lill-virga tat-tindif. Huwa kompatibbli ma&#8217; azzarini u pistoli minn .17 sa .50 kalibru.<\/p>\n","protected":false},"excerpt":{"rendered":"<p>G\u0127odda essenzjali biex tne\u0127\u0127i balal imwa\u0127\u0127lin. 4 ponot tar-ram, .17-.50 kalibru.<\/p>\n","protected":false},"featured_media":51554,"template":"","meta":{"_acf_changed":false},"product_brand":[11160],"product_cat":[1433,1434],"product_tag":[],"class_list":{"0":"post-51553","1":"product","2":"type-product","3":"status-publish","4":"has-post-thumbnail","6":"product_brand-boretech","7":"product_cat-brushes-mt","8":"product_cat-maintenance-mt","10":"first","11":"instock","12":"taxable","13":"shipping-taxable","14":"purchasable","15":"product-type-simple"},"acf":[],"_links":{"self":[{"href":"https:\/\/staging.nbg.eu\/mt\/wp-json\/wp\/v2\/product\/51553","targetHints":{"allow":["GET"]}}],"collection":[{"href":"https:\/\/staging.nbg.eu\/mt\/wp-json\/wp\/v2\/product"}],"about":[{"href":"https:\/\/staging.nbg.eu\/mt\/wp-json\/wp\/v2\/types\/product"}],"wp:featuredmedia":[{"embeddable":true,"href":"https:\/\/staging.nbg.eu\/mt\/wp-json\/wp\/v2\/media\/51554"}],"wp:attachment":[{"href":"https:\/\/staging.nbg.eu\/mt\/wp-json\/wp\/v2\/media?parent=51553"}],"wp:term":[{"taxonomy":"product_brand","embeddable":true,"href":"https:\/\/staging.nbg.eu\/mt\/wp-json\/wp\/v2\/product_brand?post=51553"},{"taxonomy":"product_cat","embeddable":true,"href":"https:\/\/staging.nbg.eu\/mt\/wp-json\/wp\/v2\/product_cat?post=51553"},{"taxonomy":"product_tag","embeddable":true,"href":"https:\/\/staging.nbg.eu\/mt\/wp-json\/wp\/v2\/product_tag?post=51553"}],"curies":[{"name":"wp","href":"https:\/\/api.w.org\/{rel}","templated":true}]}}