{"id":51366,"date":"2024-03-15T07:47:20","date_gmt":"2024-09-13T09:49:55","guid":{"rendered":"https:\/\/staging.nbg.eu\/product\/boretech-eliminator-4-oz\/"},"modified":"2024-09-13T09:50:54","modified_gmt":"2024-09-13T09:50:54","slug":"boretech-eliminator-4-oz","status":"publish","type":"product","link":"https:\/\/staging.nbg.eu\/mt\/product\/boretech-eliminator-4-oz\/","title":{"rendered":"BoreTech Eliminator &#8211; 4 Oz"},"content":{"rendered":"<div class=\"product-description\">\n<h2>BoreTech Eliminator &#8211; 4 Oz<\/h2>\n<p>BoreTech Eliminator\u2122 huwa prodott g\u0127at-tindif tal-kanna. Din il-formula hija sigura g\u0127all-kanna. Karatteristi\u010bi jinkludu:<\/p>\n<ul>\n<li>100% sigur g\u0127all-kanna u bijodegradabbli<\/li>\n<li>\u0126ieles mill-ammonja u bla ri\u0127a<\/li>\n<li>Ine\u0127\u0127i l-karbonju, ir-ram, i\u010b-\u010bomb, u r-residwi korru\u017civi<\/li>\n<li>Mhux perikolu\u017c u fa\u010bli biex tu\u017ca<\/li>\n<\/ul>\n<p>L-Eliminator ine\u0127\u0127i d-depo\u017citi tal-karbonju filwaqt li jossidizza u jissospendi t-tni\u0121\u0121is tar-ram. Dan jipprevjeni d-depo\u017cizzjoni mill-\u0121did u ji\u017cgura tindif s\u0127i\u0127.<\/p>\n<h3>Istruzzjonijiet:<\/h3>\n<ol>\n<li>Xarrab 3-4 bi\u010b\u010biet drapp bl-Eliminator u mbotta minn \u0121ol-kanna f&#8217;direzzjoni wa\u0127da<\/li>\n<li>G\u0127addi 10-15-il darba bi xkupilja tan-najlon imxarrba<\/li>\n<li>Irrepeti l-ewwel pass u \u0127alli jinqag\u0127ad g\u0127al 3-5 minuti<\/li>\n<li>Imbotta bi\u010b\u010biet drapp xotti sakemm jitnaddfu<\/li>\n<li>Irrepeti jekk me\u0127tie\u0121<\/li>\n<li>Applika Bore Tech Friction Guard XP Gun Oil g\u0127all-\u0127a\u017cna<\/li>\n<li>G\u0127addi bi\u010b\u010ba drapp xotta qabel l-u\u017cu<\/li>\n<\/ol>\n<p>U\u017ca BoreTech Eliminator g\u0127at-tindif u l-protezzjoni tal-kanna.<\/p>\n<\/div>\n","protected":false},"excerpt":{"rendered":"<p>BoreTech Eliminator: Naddaf tas-sikkura u qawwi g\u0127all-kanna. Ine\u0127\u0127i r-residwi.<\/p>\n","protected":false},"featured_media":70982,"template":"","meta":{"_acf_changed":false},"product_brand":[11160],"product_cat":[1901,1434],"product_tag":[],"class_list":{"0":"post-51366","1":"product","2":"type-product","3":"status-publish","4":"has-post-thumbnail","6":"product_brand-boretech","7":"product_cat-cleaners-mt","8":"product_cat-maintenance-mt","10":"first","11":"instock","12":"taxable","13":"shipping-taxable","14":"purchasable","15":"product-type-variable","16":"wvs-archive-product-wrapper"},"acf":[],"_links":{"self":[{"href":"https:\/\/staging.nbg.eu\/mt\/wp-json\/wp\/v2\/product\/51366","targetHints":{"allow":["GET"]}}],"collection":[{"href":"https:\/\/staging.nbg.eu\/mt\/wp-json\/wp\/v2\/product"}],"about":[{"href":"https:\/\/staging.nbg.eu\/mt\/wp-json\/wp\/v2\/types\/product"}],"wp:featuredmedia":[{"embeddable":true,"href":"https:\/\/staging.nbg.eu\/mt\/wp-json\/wp\/v2\/media\/70982"}],"wp:attachment":[{"href":"https:\/\/staging.nbg.eu\/mt\/wp-json\/wp\/v2\/media?parent=51366"}],"wp:term":[{"taxonomy":"product_brand","embeddable":true,"href":"https:\/\/staging.nbg.eu\/mt\/wp-json\/wp\/v2\/product_brand?post=51366"},{"taxonomy":"product_cat","embeddable":true,"href":"https:\/\/staging.nbg.eu\/mt\/wp-json\/wp\/v2\/product_cat?post=51366"},{"taxonomy":"product_tag","embeddable":true,"href":"https:\/\/staging.nbg.eu\/mt\/wp-json\/wp\/v2\/product_tag?post=51366"}],"curies":[{"name":"wp","href":"https:\/\/api.w.org\/{rel}","templated":true}]}}