{"id":51260,"date":"2024-03-15T17:11:28","date_gmt":"2024-03-15T17:11:28","guid":{"rendered":"https:\/\/staging.nbg.eu\/product\/bore-tech-bore-guide-bolt-action-centerfire-8mm-416-cal\/"},"modified":"2024-09-13T09:48:01","modified_gmt":"2024-09-13T09:48:01","slug":"gwida-bore-tech-bore-bolt-action-centerfire-8mm416-cal","status":"publish","type":"product","link":"https:\/\/staging.nbg.eu\/mt\/product\/gwida-bore-tech-bore-bolt-action-centerfire-8mm416-cal\/","title":{"rendered":"Gwida Bore Tech Bore &#8211; Bolt Action Centerfire (8mm\/.416 Cal)"},"content":{"rendered":"<div class=\"product-description\">\n<h2>Bore Tech Gwida tal-Bore &#8211; Azzjoni tal-Bolt Centerfire (8mm\/.416 Cal)<\/h2>\n<p>Din l-g\u0127odda g\u0127ar-rifles centerfire b&#8217;azzjoni tal-bolt ti\u017cgura:<\/p>\n<ul>\n<li>Allinjament pre\u010bi\u017c tal-vireg tat-tindif mal-bore<\/li>\n<li>Prevenzjoni ta&#8217; \u0127sara lill-arma tan-nar u l-virga tat-tindif<\/li>\n<li>Si\u0121illar b&#8217;nosecones tal-lastku re\u017cistenti g\u0127as-solvent<\/li>\n<li>L-ebda tnixxija ta&#8217; cleaner tal-bore fil-kamra u l-azzjoni<\/li>\n<\/ul>\n<p>Karatteristi\u010bi:<\/p>\n<ul>\n<li>Komponenti mag\u0127mulin b&#8217;CNC u injection molded<\/li>\n<li>Kodifikat bil-kulur a\u0127dar g\u0127al kalibri minn 8mm sa .416<\/li>\n<li>Jaqbel mal-bi\u010b\u010ba l-kbira tar-rifles b&#8217;azzjoni tal-bolt<\/li>\n<li>Portijiet tas-solvent imwessg\u0127in g\u0127al applikazzjoni fa\u010bli<\/li>\n<li>Kullar tal-bolt a\u0121\u0121ustabbli g\u0127al azzjonijiet qosra u twal<\/li>\n<\/ul>\n<p>Gwida tal-Bore ta&#8217; Bore Tech g\u0127all-manutenzjoni tal-armi tan-nar.<\/p>\n<\/div>\n","protected":false},"excerpt":{"rendered":"<p>G\u0127odda ta&#8217; tindif ta&#8217; pre\u010bi\u017cjoni g\u0127al xkubetti bolt-action ta&#8217; 8mm-.416. Tipprevjeni \u0127sara.<\/p>\n","protected":false},"featured_media":51261,"template":"","meta":{"_acf_changed":false},"product_brand":[11160],"product_cat":[1880,1434],"product_tag":[],"class_list":{"0":"post-51260","1":"product","2":"type-product","3":"status-publish","4":"has-post-thumbnail","6":"product_brand-boretech","7":"product_cat-cleaning-rods-mt","8":"product_cat-maintenance-mt","10":"first","11":"instock","12":"taxable","13":"shipping-taxable","14":"purchasable","15":"product-type-variable","16":"wvs-archive-product-wrapper"},"acf":[],"_links":{"self":[{"href":"https:\/\/staging.nbg.eu\/mt\/wp-json\/wp\/v2\/product\/51260","targetHints":{"allow":["GET"]}}],"collection":[{"href":"https:\/\/staging.nbg.eu\/mt\/wp-json\/wp\/v2\/product"}],"about":[{"href":"https:\/\/staging.nbg.eu\/mt\/wp-json\/wp\/v2\/types\/product"}],"wp:featuredmedia":[{"embeddable":true,"href":"https:\/\/staging.nbg.eu\/mt\/wp-json\/wp\/v2\/media\/51261"}],"wp:attachment":[{"href":"https:\/\/staging.nbg.eu\/mt\/wp-json\/wp\/v2\/media?parent=51260"}],"wp:term":[{"taxonomy":"product_brand","embeddable":true,"href":"https:\/\/staging.nbg.eu\/mt\/wp-json\/wp\/v2\/product_brand?post=51260"},{"taxonomy":"product_cat","embeddable":true,"href":"https:\/\/staging.nbg.eu\/mt\/wp-json\/wp\/v2\/product_cat?post=51260"},{"taxonomy":"product_tag","embeddable":true,"href":"https:\/\/staging.nbg.eu\/mt\/wp-json\/wp\/v2\/product_tag?post=51260"}],"curies":[{"name":"wp","href":"https:\/\/api.w.org\/{rel}","templated":true}]}}