{"id":50164,"date":"2024-04-21T18:34:24","date_gmt":"2024-09-13T08:44:25","guid":{"rendered":"https:\/\/staging.nbg.eu\/product\/blue-force-gear-molded-uwl-black\/"},"modified":"2024-09-13T08:45:14","modified_gmt":"2024-09-13T08:45:14","slug":"blue-force-gear-molded-uwl-iswed","status":"publish","type":"product","link":"https:\/\/staging.nbg.eu\/mt\/product\/blue-force-gear-molded-uwl-iswed\/","title":{"rendered":"Blue Force Gear Molded UWL &#8211; Iswed"},"content":{"rendered":"<div class=\"product-description\">\n<h2>Blue Force Gear Molded UWL &#8211; Iswed<\/h2>\n<p>Il-Molded Universal Wire Loop\u2122 (UWL) joffri mod versatili biex torbot \u010bineg ma&#8217; diversi punti ta&#8217; mmuntar tal-armi. Iddisinjat g\u0127al \u010bineg sa 1.25&#8243; wiesg\u0127a, inklu\u017c i\u010b-\u010binga Vickers, din is-soluzzjoni \u0127afifa hija tajba g\u0127al g\u0127ajnejn, slots, u toqob tal-linji.<\/p>\n<h3>Karatteristi\u010bi Ewlenin:<\/h3>\n<ul>\n<li>Kejbil tal-azzar inossidabbli ta&#8217; grad tal-ajruplani miksi b&#8217;najlon ta&#8217; grad militari<\/li>\n<li>Korp mhux riflessiv tan-najlon 6-6 re\u017cistenti<\/li>\n<li>\u0126olqa tal-wajer ta&#8217; 2.55&#8243; mill-ba\u017ci sal-qu\u010b\u010bata<\/li>\n<li>\u0126olqa ta\u010b-\u010binga ta&#8217; 1.25&#8243; kompatibbli ma\u010b-\u010aineg tal-Applikazzjonijiet tal-\u0120lied Vickers\u2122<\/li>\n<li>Sokit tal-buttuna g\u0127al swivels standard ta\u010b-\u010binga<\/li>\n<li>Truf tal-ball shank ta&#8217; spe\u010bifikazzjoni militari mg\u0127aff\u0121in direttament mal-wajer g\u0127al sa\u0127\u0127a addizzjonali<\/li>\n<\/ul>\n<p>Il-Blue Force Gear Molded UWL &#8211; Iswed joffri mod versatili biex torbot i\u010b-\u010binga.<\/p>\n<\/div>\n","protected":false},"excerpt":{"rendered":"<p>Immuntar versatili tas-sling g\u0127al slings ta&#8217; 1.25&#8243;. Disinn re\u017cistenti u \u0127afif.<\/p>\n","protected":false},"featured_media":50165,"template":"","meta":{"_acf_changed":false},"product_brand":[11137],"product_cat":[565,751],"product_tag":[],"class_list":{"0":"post-50164","1":"product","2":"type-product","3":"status-publish","4":"has-post-thumbnail","6":"product_brand-blue-force-gear","7":"product_cat-gear-mt","8":"product_cat-slings-mt","10":"first","11":"instock","12":"taxable","13":"shipping-taxable","14":"purchasable","15":"product-type-simple"},"acf":[],"_links":{"self":[{"href":"https:\/\/staging.nbg.eu\/mt\/wp-json\/wp\/v2\/product\/50164","targetHints":{"allow":["GET"]}}],"collection":[{"href":"https:\/\/staging.nbg.eu\/mt\/wp-json\/wp\/v2\/product"}],"about":[{"href":"https:\/\/staging.nbg.eu\/mt\/wp-json\/wp\/v2\/types\/product"}],"wp:featuredmedia":[{"embeddable":true,"href":"https:\/\/staging.nbg.eu\/mt\/wp-json\/wp\/v2\/media\/50165"}],"wp:attachment":[{"href":"https:\/\/staging.nbg.eu\/mt\/wp-json\/wp\/v2\/media?parent=50164"}],"wp:term":[{"taxonomy":"product_brand","embeddable":true,"href":"https:\/\/staging.nbg.eu\/mt\/wp-json\/wp\/v2\/product_brand?post=50164"},{"taxonomy":"product_cat","embeddable":true,"href":"https:\/\/staging.nbg.eu\/mt\/wp-json\/wp\/v2\/product_cat?post=50164"},{"taxonomy":"product_tag","embeddable":true,"href":"https:\/\/staging.nbg.eu\/mt\/wp-json\/wp\/v2\/product_tag?post=50164"}],"curies":[{"name":"wp","href":"https:\/\/api.w.org\/{rel}","templated":true}]}}