{"id":49875,"date":"2024-05-23T19:46:21","date_gmt":"2024-09-13T08:37:32","guid":{"rendered":"https:\/\/staging.nbg.eu\/product\/blue-force-gear-micro-trauma-kit-now\/"},"modified":"2024-09-13T08:38:27","modified_gmt":"2024-09-13T08:38:27","slug":"kit-micro-trauma-blue-force-gear-issa","status":"publish","type":"product","link":"https:\/\/staging.nbg.eu\/mt\/product\/kit-micro-trauma-blue-force-gear-issa\/","title":{"rendered":"Kit Micro Trauma Blue Force Gear ISSA!"},"content":{"rendered":"<div class=\"product-description\">\n<h2>Blue Force Gear Micro Trauma Kit NOW!<\/h2>\n<p>Il-Micro Trauma Kit NOW! (Micro TKN) huwa soluzzjoni kompatta g\u0127all-\u0121arr ta&#8217; kuljum ta&#8217; provvisti medi\u010bi essenzjali. Imfassal g\u0127al professjonisti tal-infurzar tal-li\u0121i, \u010bittadini ppreparati, u ka\u010b\u010baturi, dan il-kit immuntat fuq \u010binturin ji\u017cgura a\u010b\u010bess rapidu g\u0127al o\u0121\u0121etti kriti\u010bi tal-ewwel g\u0127ajnuna.<\/p>\n<h2>Karatteristi\u010bi Ewlenin:<\/h2>\n<ul>\n<li>Daqs kompatt g\u0127al \u0121arr komdu ta&#8217; kuljum<\/li>\n<li>U\u017cu b&#8217;id wa\u0127da minn kull na\u0127a<\/li>\n<li>G\u0127a\u017cliet ta&#8217; rbit MOLLE jew \u010binturin<\/li>\n<li>Teknolo\u0121ija Ten-Speed g\u0127al \u0127\u017cin sigur<\/li>\n<li>Inserzjoni li tista&#8217; titne\u0127\u0127a g\u0127al \u0127\u017cin organizzat tal-provvisti<\/li>\n<li>Tabs a\u0121\u0121ustabbli tal-gan\u010b u loop li jiffittjaw mal-bi\u010b\u010ba l-kbira ta\u010b-\u010binturini<\/li>\n<\/ul>\n<p>Kun ippreparat g\u0127all-emer\u0121enzi bil-Micro TKN &#8211; il-mezz portabbli tieg\u0127ek f&#8217;sitwazzjonijiet kriti\u010bi.<\/p>\n<\/div>\n","protected":false},"excerpt":{"rendered":"<p>Kitt tal-trawma kompatt li jsalva l-\u0127ajja g\u0127all-\u0121arr ta&#8217; kuljum fuq i\u010b-\u010binturin tieg\u0127ek.<\/p>\n","protected":false},"featured_media":49876,"template":"","meta":{"_acf_changed":false},"product_brand":[11137],"product_cat":[565,1838],"product_tag":[],"class_list":{"0":"post-49875","1":"product","2":"type-product","3":"status-publish","4":"has-post-thumbnail","6":"product_brand-blue-force-gear","7":"product_cat-gear-mt","8":"product_cat-medical-mt","10":"first","11":"instock","12":"taxable","13":"shipping-taxable","14":"purchasable","15":"product-type-variable","16":"wvs-archive-product-wrapper"},"acf":[],"_links":{"self":[{"href":"https:\/\/staging.nbg.eu\/mt\/wp-json\/wp\/v2\/product\/49875","targetHints":{"allow":["GET"]}}],"collection":[{"href":"https:\/\/staging.nbg.eu\/mt\/wp-json\/wp\/v2\/product"}],"about":[{"href":"https:\/\/staging.nbg.eu\/mt\/wp-json\/wp\/v2\/types\/product"}],"wp:featuredmedia":[{"embeddable":true,"href":"https:\/\/staging.nbg.eu\/mt\/wp-json\/wp\/v2\/media\/49876"}],"wp:attachment":[{"href":"https:\/\/staging.nbg.eu\/mt\/wp-json\/wp\/v2\/media?parent=49875"}],"wp:term":[{"taxonomy":"product_brand","embeddable":true,"href":"https:\/\/staging.nbg.eu\/mt\/wp-json\/wp\/v2\/product_brand?post=49875"},{"taxonomy":"product_cat","embeddable":true,"href":"https:\/\/staging.nbg.eu\/mt\/wp-json\/wp\/v2\/product_cat?post=49875"},{"taxonomy":"product_tag","embeddable":true,"href":"https:\/\/staging.nbg.eu\/mt\/wp-json\/wp\/v2\/product_tag?post=49875"}],"curies":[{"name":"wp","href":"https:\/\/api.w.org\/{rel}","templated":true}]}}