{"id":49591,"date":"2024-07-29T13:10:43","date_gmt":"2024-09-12T16:17:28","guid":{"rendered":"https:\/\/staging.nbg.eu\/product\/cobra-buckle-conversion-kit\/"},"modified":"2024-09-12T16:18:21","modified_gmt":"2024-09-12T16:18:21","slug":"kit-ta-konverzjoni-cobra-buckle","status":"publish","type":"product","link":"https:\/\/staging.nbg.eu\/mt\/product\/kit-ta-konverzjoni-cobra-buckle\/","title":{"rendered":"Kit ta&#8217; Konver\u017cjoni COBRA\u00ae Buckle"},"content":{"rendered":"<div class=\"product-description\">\n<h2>Kit ta&#8217; Konver\u017cjoni ta&#8217; Bokkla COBRA\u00ae g\u0127all-\u010ainturin GRID\u2122<\/h2>\n<p>A\u0121\u0121orna \u010b-\u010binturin GRID\u2122 tieg\u0127ek bil-Kit ta&#8217; Konver\u017cjoni ta&#8217; Bokkla COBRA\u00ae tag\u0127na, li jinkludi l-bokkla COBRA\u00ae ProStyle patentata tal-\u0121enerazzjoni li jmiss. Dan il-kit i\u017cid funzjonalit\u00e0 ta&#8217; \u0127elsien malajr g\u0127a\u010b-\u010binturin tieg\u0127ek.<\/p>\n<h3>Karatteristi\u010bi Ewlenin:<\/h3>\n<ul>\n<li>Stab-lock adattat g\u0127al locking bla xkiel u prevenzjoni ta&#8217; ftu\u0127 a\u010b\u010bidentali<\/li>\n<li>Jissodisfa l-istandards ANSI u CSA<\/li>\n<li>I\u010b\u010bertifikat g\u0127at-test ta&#8217; \u010bpar miela\u0127 u ramel mitfug\u0127<\/li>\n<li>Funzjonalit\u00e0 ta&#8217; \u0127elsien malajr<\/li>\n<\/ul>\n<p><strong>Nota:<\/strong> Dan il-kit ta&#8217; a\u0121\u0121ornament ma j\u017cidx kapa\u010bitajiet ta&#8217; \u0121arr ta&#8217; tag\u0127bija g\u0127a\u010b-\u010ainturin GRID. G\u0127al g\u0127a\u017cliet ikklassifikati g\u0127at-tag\u0127bija, jekk jog\u0127\u0121bok ikkunsidra \u010b-\u010ainturin CHLK tag\u0127na.<\/p>\n<\/div>\n","protected":false},"excerpt":{"rendered":"<p>Kit tal-Bokkla COBRA\u00ae: A\u0121\u0121ornament li jinfeta\u0127 malajr g\u0127a\u010b-\u010ainturin GRID\u2122. Sigur u eleganti.<\/p>\n","protected":false},"featured_media":49594,"template":"","meta":{"_acf_changed":false},"product_brand":[],"product_cat":[565,1817],"product_tag":[],"class_list":{"0":"post-49591","1":"product","2":"type-product","3":"status-publish","4":"has-post-thumbnail","6":"product_cat-gear-mt","7":"product_cat-tactical-belts-mt","9":"first","10":"instock","11":"taxable","12":"shipping-taxable","13":"purchasable","14":"product-type-variable","15":"wvs-archive-product-wrapper"},"acf":[],"_links":{"self":[{"href":"https:\/\/staging.nbg.eu\/mt\/wp-json\/wp\/v2\/product\/49591","targetHints":{"allow":["GET"]}}],"collection":[{"href":"https:\/\/staging.nbg.eu\/mt\/wp-json\/wp\/v2\/product"}],"about":[{"href":"https:\/\/staging.nbg.eu\/mt\/wp-json\/wp\/v2\/types\/product"}],"wp:featuredmedia":[{"embeddable":true,"href":"https:\/\/staging.nbg.eu\/mt\/wp-json\/wp\/v2\/media\/49594"}],"wp:attachment":[{"href":"https:\/\/staging.nbg.eu\/mt\/wp-json\/wp\/v2\/media?parent=49591"}],"wp:term":[{"taxonomy":"product_brand","embeddable":true,"href":"https:\/\/staging.nbg.eu\/mt\/wp-json\/wp\/v2\/product_brand?post=49591"},{"taxonomy":"product_cat","embeddable":true,"href":"https:\/\/staging.nbg.eu\/mt\/wp-json\/wp\/v2\/product_cat?post=49591"},{"taxonomy":"product_tag","embeddable":true,"href":"https:\/\/staging.nbg.eu\/mt\/wp-json\/wp\/v2\/product_tag?post=49591"}],"curies":[{"name":"wp","href":"https:\/\/api.w.org\/{rel}","templated":true}]}}