{"id":48816,"date":"2024-07-29T18:47:29","date_gmt":"2024-09-12T15:57:54","guid":{"rendered":"https:\/\/staging.nbg.eu\/product\/ten-speed-triple-m4-mag-pouch\/"},"modified":"2024-09-12T15:58:53","modified_gmt":"2024-09-12T15:58:53","slug":"borza-tripla-m4-mag-ten-speed","status":"publish","type":"product","link":"https:\/\/staging.nbg.eu\/mt\/product\/borza-tripla-m4-mag-ten-speed\/","title":{"rendered":"Bor\u017ca Tripla M4 Mag Ten-Speed\u00ae"},"content":{"rendered":"<div class=\"product-description\">\n<h2>Bor\u017ca ta&#8217; Magazin Triple M4 Ten-Speed\u00ae minn BFG<\/h2>\n<p>Din il-bor\u017ca \u017c\u017comm tlett magazini AR\/M4 jew M16. Mag\u0127mula minn elastiku ta&#8217; grad militari u laminat ULTRAcomp\u00ae, ti\u0121i \u010batta meta tkun vojta.<\/p>\n<ul>\n<li>I\u017c\u017comm magazini tal-plastik jew tal-metall<\/li>\n<li>Disinn b&#8217;u\u017cu multiplu g\u0127al provvisti medi\u010bi, flash bangs, e\u010b\u010b.<\/li>\n<li>Kompatibbli ma&#8217; MOLLE b&#8217;irbit Helium Whisper\u00ae<\/li>\n<li>Qisien: .125&#8243; x 9&#8243; x 6&#8243;<\/li>\n<li>Te\u0127tie\u0121 qasam MOLLE ta&#8217; 3 x 6<\/li>\n<\/ul>\n<p>Din il-bor\u017ca hija adattata g\u0127all-militar, infurzar tal-li\u0121i, u entu\u017cjasti tatti\u010bi.<\/p>\n<\/div>\n","protected":false},"excerpt":{"rendered":"<p>Pouch \u0127afif u flessibbli tat-tip MOLLE g\u0127al 3 maga\u017cins tal-AR\/M4 jew o\u0121\u0121etti simili.<\/p>\n","protected":false},"featured_media":48826,"template":"","meta":{"_acf_changed":false},"product_brand":[11137],"product_cat":[565,1211,566],"product_tag":[],"class_list":{"0":"post-48816","1":"product","2":"type-product","3":"status-publish","4":"has-post-thumbnail","6":"product_brand-blue-force-gear","7":"product_cat-gear-mt","8":"product_cat-magazine-holders-mt","9":"product_cat-pouches-mt","11":"first","12":"instock","13":"taxable","14":"shipping-taxable","15":"purchasable","16":"product-type-simple"},"acf":[],"_links":{"self":[{"href":"https:\/\/staging.nbg.eu\/mt\/wp-json\/wp\/v2\/product\/48816","targetHints":{"allow":["GET"]}}],"collection":[{"href":"https:\/\/staging.nbg.eu\/mt\/wp-json\/wp\/v2\/product"}],"about":[{"href":"https:\/\/staging.nbg.eu\/mt\/wp-json\/wp\/v2\/types\/product"}],"wp:featuredmedia":[{"embeddable":true,"href":"https:\/\/staging.nbg.eu\/mt\/wp-json\/wp\/v2\/media\/48826"}],"wp:attachment":[{"href":"https:\/\/staging.nbg.eu\/mt\/wp-json\/wp\/v2\/media?parent=48816"}],"wp:term":[{"taxonomy":"product_brand","embeddable":true,"href":"https:\/\/staging.nbg.eu\/mt\/wp-json\/wp\/v2\/product_brand?post=48816"},{"taxonomy":"product_cat","embeddable":true,"href":"https:\/\/staging.nbg.eu\/mt\/wp-json\/wp\/v2\/product_cat?post=48816"},{"taxonomy":"product_tag","embeddable":true,"href":"https:\/\/staging.nbg.eu\/mt\/wp-json\/wp\/v2\/product_tag?post=48816"}],"curies":[{"name":"wp","href":"https:\/\/api.w.org\/{rel}","templated":true}]}}