{"id":48684,"date":"2024-07-29T19:00:12","date_gmt":"2024-09-12T15:53:49","guid":{"rendered":"https:\/\/staging.nbg.eu\/product\/ten-speed-single-pistol-mag-pouch\/"},"modified":"2024-09-12T15:54:48","modified_gmt":"2024-09-12T15:54:48","slug":"borza-wadanija-pistola-mag-ten-speed","status":"publish","type":"product","link":"https:\/\/staging.nbg.eu\/mt\/product\/borza-wadanija-pistola-mag-ten-speed\/","title":{"rendered":"Bor\u017ca Wa\u0127danija Pistola Mag Ten-Speed\u00ae"},"content":{"rendered":"<h2>Bor\u017ca ta&#8217; Magazin ta&#8217; Pistola Wa\u0127da Ten-Speed\u00ae<\/h2>\n<p>Il-bor\u017ca tag\u0127na Ten-Speed\u00ae Single Pistol Mag hija ddisinjata g\u0127all-operatur tattiku modern. Din il-bor\u017ca versatili takkomoda:<\/p>\n<ul>\n<li>Magazini ta&#8217; pistola b&#8217;stack wie\u0127ed jew doppju (sa HK 45)<\/li>\n<li>G\u0127odod multipli<\/li>\n<li>Dwal<\/li>\n<li>Skieken<\/li>\n<li>Sprejs OC \u017cg\u0127ar<\/li>\n<\/ul>\n<p>B&#8217;elastiku ta&#8217; grad militari u kostruzzjoni ULTRAcomp\u2122, din il-bor\u017ca \u0127afifa titqieg\u0127ed \u010batta meta ma tintu\u017cax. Is-sistema ta&#8217; rbit Helium Whisper\u00ae ti\u017cgura kompatibbilt\u00e0 ma&#8217; MOLLE u tnaqqas il-pi\u017c sa 60% ming\u0127ajr ma tikkomprometti d-durabbilt\u00e0.<\/p>\n<p>Daqs: .125&#8243; x 2&#8243; x 4&#8243; (je\u0127tie\u0121 qasam MOLLE ta&#8217; 2&#215;1)<\/p>\n<p>Il-materjali l-\u0121odda tag\u0127na joffru \u017camma u durabbilt\u00e0 mtejba.<\/p>\n","protected":false},"excerpt":{"rendered":"<p>Bor\u017ca ta&#8217; a\u010b\u010bess rapidu u \u0127afifa \u0127afna g\u0127al magazins tal-pistola ta&#8217; stekk singlu\/doppju.<\/p>\n","protected":false},"featured_media":33920,"template":"","meta":{"_acf_changed":false},"product_brand":[11137],"product_cat":[565,1211,566],"product_tag":[],"class_list":{"0":"post-48684","1":"product","2":"type-product","3":"status-publish","4":"has-post-thumbnail","6":"product_brand-blue-force-gear","7":"product_cat-gear-mt","8":"product_cat-magazine-holders-mt","9":"product_cat-pouches-mt","11":"first","12":"instock","13":"taxable","14":"shipping-taxable","15":"purchasable","16":"product-type-variable","17":"wvs-archive-product-wrapper"},"acf":[],"_links":{"self":[{"href":"https:\/\/staging.nbg.eu\/mt\/wp-json\/wp\/v2\/product\/48684","targetHints":{"allow":["GET"]}}],"collection":[{"href":"https:\/\/staging.nbg.eu\/mt\/wp-json\/wp\/v2\/product"}],"about":[{"href":"https:\/\/staging.nbg.eu\/mt\/wp-json\/wp\/v2\/types\/product"}],"wp:featuredmedia":[{"embeddable":true,"href":"https:\/\/staging.nbg.eu\/mt\/wp-json\/wp\/v2\/media\/33920"}],"wp:attachment":[{"href":"https:\/\/staging.nbg.eu\/mt\/wp-json\/wp\/v2\/media?parent=48684"}],"wp:term":[{"taxonomy":"product_brand","embeddable":true,"href":"https:\/\/staging.nbg.eu\/mt\/wp-json\/wp\/v2\/product_brand?post=48684"},{"taxonomy":"product_cat","embeddable":true,"href":"https:\/\/staging.nbg.eu\/mt\/wp-json\/wp\/v2\/product_cat?post=48684"},{"taxonomy":"product_tag","embeddable":true,"href":"https:\/\/staging.nbg.eu\/mt\/wp-json\/wp\/v2\/product_tag?post=48684"}],"curies":[{"name":"wp","href":"https:\/\/api.w.org\/{rel}","templated":true}]}}