{"id":48544,"date":"2024-07-30T17:57:46","date_gmt":"2024-07-30T17:57:46","guid":{"rendered":"https:\/\/staging.nbg.eu\/product\/red-dot-sight-holosun-hs503gu\/"},"modified":"2024-09-12T15:42:41","modified_gmt":"2024-09-12T15:42:41","slug":"mira-ta-punt-amar-holosun-hs503gu","status":"publish","type":"product","link":"https:\/\/staging.nbg.eu\/mt\/product\/mira-ta-punt-amar-holosun-hs503gu\/","title":{"rendered":"Mira ta&#8217; Punt A\u0127mar Holosun HS503GU"},"content":{"rendered":"<h2>\u0126olosun HS503GU Red Dot Sight<\/h2>\n<p>Il-\u0126olosun HS503GU Red Dot Sight g\u0127andu dawn il-karatteristi\u010bi:<\/p>\n<ul>\n<li>Reticle b&#8217;\u010birku u dot b&#8217;2 MOA dot u 65 MOA \u010birku<\/li>\n<li>Post tal-batterija f&#8217;turrett li jit\u0127addem bil-kamin<\/li>\n<li>Disinn protettiv g\u0127at-turretti tal-windage u l-elevazzjoni<\/li>\n<li>\u0126ajja tal-batterija sa sentejn b&#8217;u\u017cu kostanti<\/li>\n<li>Funzjoni ta&#8217; on\/off attivata bil-moviment<\/li>\n<li>Teknolo\u0121ija LED<\/li>\n<li>Po\u017cizzjonament tal-lenti off-axis g\u0127al riflessjoni tad-dawl<\/li>\n<li>Kostruzzjoni tal-aluminju \u0127afifa (0.4 lbs)<\/li>\n<li>Daqs kompatt: 2.6&#8243;T x 1.5&#8243;W x 2.7&#8243;G\u0127<\/li>\n<li>Tkabbir 1x<\/li>\n<li>Kompatibbli ma&#8217; mount Picatinny<\/li>\n<\/ul>\n<p>Il-HS503GU huwa adattat g\u0127all-ka\u010b\u010ba u l-isports tal-isparar tattiku. Joffri pre\u010bi\u017cjoni u durabbilt\u00e0.<\/p>\n","protected":false},"excerpt":{"rendered":"<p>\u010aentru ta&#8217; mira kompatt b&#8217;dot a\u0127mar b&#8217;retikel ta&#8217; \u010birku u \u0127ajja fit-tul tal-batterija.<\/p>\n","protected":false},"featured_media":48545,"template":"","meta":{"_acf_changed":false},"product_brand":[11438],"product_cat":[796,798,1780],"product_tag":[],"class_list":{"0":"post-48544","1":"product","2":"type-product","3":"status-publish","4":"has-post-thumbnail","6":"product_brand-holosun","7":"product_cat-aiming-mt","8":"product_cat-red-dots-mt","9":"product_cat-rifle-dots-mt","11":"first","12":"outofstock","13":"taxable","14":"shipping-taxable","15":"purchasable","16":"product-type-simple"},"acf":[],"_links":{"self":[{"href":"https:\/\/staging.nbg.eu\/mt\/wp-json\/wp\/v2\/product\/48544","targetHints":{"allow":["GET"]}}],"collection":[{"href":"https:\/\/staging.nbg.eu\/mt\/wp-json\/wp\/v2\/product"}],"about":[{"href":"https:\/\/staging.nbg.eu\/mt\/wp-json\/wp\/v2\/types\/product"}],"wp:featuredmedia":[{"embeddable":true,"href":"https:\/\/staging.nbg.eu\/mt\/wp-json\/wp\/v2\/media\/48545"}],"wp:attachment":[{"href":"https:\/\/staging.nbg.eu\/mt\/wp-json\/wp\/v2\/media?parent=48544"}],"wp:term":[{"taxonomy":"product_brand","embeddable":true,"href":"https:\/\/staging.nbg.eu\/mt\/wp-json\/wp\/v2\/product_brand?post=48544"},{"taxonomy":"product_cat","embeddable":true,"href":"https:\/\/staging.nbg.eu\/mt\/wp-json\/wp\/v2\/product_cat?post=48544"},{"taxonomy":"product_tag","embeddable":true,"href":"https:\/\/staging.nbg.eu\/mt\/wp-json\/wp\/v2\/product_tag?post=48544"}],"curies":[{"name":"wp","href":"https:\/\/api.w.org\/{rel}","templated":true}]}}