{"id":48242,"date":"2024-07-30T18:00:01","date_gmt":"2024-09-12T15:21:12","guid":{"rendered":"https:\/\/staging.nbg.eu\/product\/red-dot-sight-holosun-hs507k\/"},"modified":"2024-09-12T15:21:58","modified_gmt":"2024-09-12T15:21:58","slug":"mira-ta-punt-amar-holosun-hs507k","status":"publish","type":"product","link":"https:\/\/staging.nbg.eu\/mt\/product\/mira-ta-punt-amar-holosun-hs507k\/","title":{"rendered":"# Mira ta&#8217; Punt A\u0127mar Holosun HS507K"},"content":{"rendered":"<h2>Holosun HS507K X2 Red Dot Sight<\/h2>\n<p>Il-Holosun HS507K X2 huwa sight ottiku reflex miftu\u0127 ma\u0127sub g\u0127al applikazzjonijiet ta&#8217; pistola subkompatta. Dan is-sight jinkludi l-Lock Mode, funzjoni li tissekura s-settings tal-buttuna biex tipprevjeni bidliet a\u010b\u010bidentali.<\/p>\n<h2>Karatteristi\u010bi Ewlenin:<\/h2>\n<ul>\n<li>LED A\u0127mar b&#8217;\u0127ajja tal-batterija sa 50,000 sieg\u0127a<\/li>\n<li>Sistema Multi-Reticle (MRS): Circle Dot, 2 MOA Dot, u 32 MOA Circle<\/li>\n<li>Teknolo\u0121ija Shake Awake g\u0127al attivazzjoni immedjata<\/li>\n<li>Qafas tal-Aluminju 7075 re\u017cistenti<\/li>\n<li>Kompartiment tal-batterija 1632 fuq il-\u0121enb g\u0127al tibdil fa\u010bli<\/li>\n<li>Kompatibbli ma&#8217; P365X\/XL (pjan\u010ba ta&#8217; adattament me\u0127tie\u0121a g\u0127al slajds b&#8217;erba&#8217; kontroforti)<\/li>\n<\/ul>\n<h2>Spe\u010bifikazzjonijiet:<\/h2>\n<ul>\n<li>12-il setting ta&#8217; lumino\u017cit\u00e0: 10 g\u0127ad-dawl tax-xemx u 2 kompatibbli ma&#8217; night vision<\/li>\n<li>\u0126ieles mill-parallax u ser\u0127an tal-g\u0127ajn bla limitu<\/li>\n<li>Klassifikazzjoni tal-ilma IP67<\/li>\n<li>Daqs tat-tieqa: 0.58&#8243; x 0.77&#8243;<\/li>\n<li>Dimensjonijiet: 1.6&#8243; x 0.98&#8243; x 0.95&#8243;<\/li>\n<li>Pi\u017c: 1 oz<\/li>\n<li>A\u0121\u0121ustament ta&#8217; klikk ta&#8217; 1 MOA<\/li>\n<li>Firxa ta&#8217; vvja\u0121\u0121ar ta&#8217; \u00b130 MOA windage u elevazzjoni<\/li>\n<li>Temperatura operattiva: -20\u00b0C sa 51\u00b0C<\/li>\n<li>Temperatura tal-\u0127a\u017cna: -20\u00b0C sa 65\u00b0C<\/li>\n<li>Re\u017cistenza g\u0127all-vibrazzjoni: 5000G<\/li>\n<\/ul>\n<p>Il-HS507K X2 huwa adattat g\u0127al armi mo\u0127bija (CCW), u joffri soluzzjoni kompatta g\u0127al akkwi\u017cizzjoni ta&#8217; mira mtejba. Il-kostruzzjoni re\u017cistenti u l-karatteristi\u010bi tieg\u0127u jag\u0127mluh g\u0127a\u017cla g\u0127all-entu\u017cjasti tal-armi tan-nar u l-professjonisti. Il-Holosun HS507K X2 Red Dot Sight joffri pre\u010bi\u017cjoni mtejba u akkwi\u017cizzjoni ta&#8217; mira aktar mg\u0127a\u0121\u0121la.<\/p>\n","protected":false},"excerpt":{"rendered":"<p>Mira kompatta b&#8217;dot a\u0127mar g\u0127all-pistoli. B&#8217;reticle multiplu, batterija li ddum, u re\u017cistenti.<\/p>\n","protected":false},"featured_media":48243,"template":"","meta":{"_acf_changed":false},"product_brand":[11438],"product_cat":[796,2177,1733,798],"product_tag":[],"class_list":{"0":"post-48242","1":"product","2":"type-product","3":"status-publish","4":"has-post-thumbnail","6":"product_brand-holosun","7":"product_cat-aiming-mt","8":"product_cat-pistol-mt","9":"product_cat-pistol-dots-mt","10":"product_cat-red-dots-mt","12":"first","13":"instock","14":"taxable","15":"shipping-taxable","16":"purchasable","17":"product-type-simple"},"acf":[],"_links":{"self":[{"href":"https:\/\/staging.nbg.eu\/mt\/wp-json\/wp\/v2\/product\/48242","targetHints":{"allow":["GET"]}}],"collection":[{"href":"https:\/\/staging.nbg.eu\/mt\/wp-json\/wp\/v2\/product"}],"about":[{"href":"https:\/\/staging.nbg.eu\/mt\/wp-json\/wp\/v2\/types\/product"}],"wp:featuredmedia":[{"embeddable":true,"href":"https:\/\/staging.nbg.eu\/mt\/wp-json\/wp\/v2\/media\/48243"}],"wp:attachment":[{"href":"https:\/\/staging.nbg.eu\/mt\/wp-json\/wp\/v2\/media?parent=48242"}],"wp:term":[{"taxonomy":"product_brand","embeddable":true,"href":"https:\/\/staging.nbg.eu\/mt\/wp-json\/wp\/v2\/product_brand?post=48242"},{"taxonomy":"product_cat","embeddable":true,"href":"https:\/\/staging.nbg.eu\/mt\/wp-json\/wp\/v2\/product_cat?post=48242"},{"taxonomy":"product_tag","embeddable":true,"href":"https:\/\/staging.nbg.eu\/mt\/wp-json\/wp\/v2\/product_tag?post=48242"}],"curies":[{"name":"wp","href":"https:\/\/api.w.org\/{rel}","templated":true}]}}