{"id":47777,"date":"2024-07-30T18:21:46","date_gmt":"2024-09-12T13:52:27","guid":{"rendered":"https:\/\/staging.nbg.eu\/product\/surefire-supressor-alighnment-rod\/"},"modified":"2024-09-12T13:53:19","modified_gmt":"2024-09-12T13:53:19","slug":"surefire-dg-11-switch","status":"publish","type":"product","link":"https:\/\/staging.nbg.eu\/mt\/product\/surefire-dg-11-switch\/","title":{"rendered":"SureFire DG-11 Switch"},"content":{"rendered":"<p>Here&#8217;s the translation of the product description to Maltese, without marketing language:<\/p>\n<p>Vireg tal-Allinjament tal-Bore SureFire<\/p>\n<p>Il-Vireg tal-Bore SureFire huma g\u0127odod li ji\u017cguraw kon\u010bentri\u010bit\u00e0 tajba tul il-passa\u0121\u0121 tat-tir tal-balla meta tispara b&#8217;suppressor fuq pjattaforma \u0121dida. Il-virga tirrappre\u017centa l-aktar mill-qrib il-passa\u0121\u0121 tat-tir tal-balla u turi kwalunkwe nuqqas ta&#8217; allinjament, jekk pre\u017centi. SureFire tirrakkomanda li l-operaturi jivverifikaw l-allinjament bejn il-kanna, l-adapter, u s-suppressor fuq kwalunkwe bini \u0121did jew konfigurazzjoni li ma tkunx intu\u017cat qabel, u l-Vireg tal-Bore SureFire huma l-mod l-aktar effettiv biex tikkonferma dan.<\/p>\n<p>Karatteristi\u010bi:<\/p>\n<p>&#8211; Mag\u0127mula fl-Istati Uniti tal-Amerika.<br \/>\n&#8211; Azzar inossidabbli ttrattat bis-s\u0127ana.<br \/>\n&#8211; G\u0127all-validazzjoni tal-konfigurazzjoni qabel l-ewwel tir.<br \/>\n&#8211; Vireg immanifatturati bi pre\u010bi\u017cjoni g\u0127al verifika aktar pre\u010bi\u017ca.<br \/>\n&#8211; Turi kwalunkwe devjazzjoni fl-allinjament.<br \/>\n&#8211; Il-mod approvat minn SureFire biex tivverifika l-allinjament tas-suppressor.<br \/>\n&#8211; Vireg spe\u010bifi\u010bi g\u0127all-kalibri l-aktar popolari fis-suq illum.<br \/>\n&#8211; G\u0127andu jidher spazju ugwali bejn il-bore tas-suppressor u l-virga \u010b\u010bentrata.<br \/>\n&#8211; Da\u0127\u0127al il-virga minn \u0121os-suppressor immuntat ta&#8217; arma mhux mg\u0127obbija.<br \/>\n&#8211; Vireg spe\u010bifi\u010bi disponibbli g\u0127all-kalibri l-aktar popolari (5.56 mm, 6.5 mm, 6.8 mm, 7.62 mm, 9 mm, .338)<\/p>\n<p>Attributi Ewlenin:<\/p>\n<p>Kalibru: 5.56 mm, 6.5 mm, 6.8 mm, 7.62 mm, 9 mm, .338 cal<br \/>\nKostruzzjoni: Azzar inossidabbli ttrattat bis-s\u0127ana<\/p>\n","protected":false},"excerpt":{"rendered":"<p>Here&#8217;s the translation in Maltese:<\/p>\n<p><strong>G\u0127odod ta&#8217; Allinjament g\u0127as-Sopressur SureFire<\/strong><\/p>\n","protected":false},"featured_media":47779,"template":"","meta":{"_acf_changed":false},"product_brand":[11878],"product_cat":[1703,873,1299],"product_tag":[],"class_list":{"0":"post-47777","1":"product","2":"type-product","3":"status-publish","4":"has-post-thumbnail","6":"product_brand-surefire","7":"product_cat-suppressor-accessories-mt","8":"product_cat-suppressors-mt","9":"product_cat-tools-mt","11":"first","12":"instock","13":"taxable","14":"shipping-taxable","15":"purchasable","16":"product-type-variable","17":"wvs-archive-product-wrapper"},"acf":[],"_links":{"self":[{"href":"https:\/\/staging.nbg.eu\/mt\/wp-json\/wp\/v2\/product\/47777","targetHints":{"allow":["GET"]}}],"collection":[{"href":"https:\/\/staging.nbg.eu\/mt\/wp-json\/wp\/v2\/product"}],"about":[{"href":"https:\/\/staging.nbg.eu\/mt\/wp-json\/wp\/v2\/types\/product"}],"wp:featuredmedia":[{"embeddable":true,"href":"https:\/\/staging.nbg.eu\/mt\/wp-json\/wp\/v2\/media\/47779"}],"wp:attachment":[{"href":"https:\/\/staging.nbg.eu\/mt\/wp-json\/wp\/v2\/media?parent=47777"}],"wp:term":[{"taxonomy":"product_brand","embeddable":true,"href":"https:\/\/staging.nbg.eu\/mt\/wp-json\/wp\/v2\/product_brand?post=47777"},{"taxonomy":"product_cat","embeddable":true,"href":"https:\/\/staging.nbg.eu\/mt\/wp-json\/wp\/v2\/product_cat?post=47777"},{"taxonomy":"product_tag","embeddable":true,"href":"https:\/\/staging.nbg.eu\/mt\/wp-json\/wp\/v2\/product_tag?post=47777"}],"curies":[{"name":"wp","href":"https:\/\/api.w.org\/{rel}","templated":true}]}}