{"id":47599,"date":"2024-07-30T18:46:42","date_gmt":"2024-09-12T13:45:08","guid":{"rendered":"https:\/\/staging.nbg.eu\/product\/surefire-dg-11-switch\/"},"modified":"2024-09-12T13:45:54","modified_gmt":"2024-09-12T13:45:54","slug":"surefire-x400t-a-rd","status":"publish","type":"product","link":"https:\/\/staging.nbg.eu\/mt\/product\/surefire-x400t-a-rd\/","title":{"rendered":"SureFire X400T-A-RD"},"content":{"rendered":"<div class=\"product-description\">\n<h2>SureFire DG-11 SWITCH<\/h2>\n<p>Is-SureFire DG-11 SWITCH huwa ddisinjat g\u0127all-pistoli Glock Gen 3\/4\/5 b&#8217;accessory rails. Dan l-iswi\u010b\u010b tal-qabda joffri:<\/p>\n<ul>\n<li>Attivazzjoni tal-WeaponLight ming\u0127ajr ma tikkomprometti l-qabda tieg\u0127ek<\/li>\n<li>Swi\u010b\u010b ambidestru b&#8217;attivazzjoni momentanja u kontinwa<\/li>\n<li>Pad \u010bentrali \u017cg\u0127ir g\u0127al kontroll pre\u010bi\u017c<\/li>\n<li>Kompatibilit\u00e0 ma&#8217; WeaponLights tas-serje X (minbarra XH50G)<\/li>\n<\/ul>\n<p>Id-DG-11 jippermetti lill-utenti jattivaw id-dawl tag\u0127hom bil-pressjoni tas-swaba&#8217; waqt li j\u017commu qabda soda fuq l-arma. Dan id-disinn ji\u017cgura kontroll tad-dawl malajr u pre\u010bi\u017c. Huwa a\u010b\u010bessorju g\u0127all-infurzar tal-li\u0121i, persunal militari, u sidien tal-armi.<\/p>\n<\/div>\n","protected":false},"excerpt":{"rendered":"<p>Swi\u010b\u010b immuntat fuq il-grip g\u0127al kontroll pre\u010bi\u017c tal-WeaponLight fuq pistoli Glock.<\/p>\n","protected":false},"featured_media":47600,"template":"","meta":{"_acf_changed":false},"product_brand":[11878],"product_cat":[1558,1559,1670],"product_tag":[],"class_list":{"0":"post-47599","1":"product","2":"type-product","3":"status-publish","4":"has-post-thumbnail","6":"product_brand-surefire","7":"product_cat-light-accessories-mt","8":"product_cat-lights-mt","9":"product_cat-pistol-lights-mt","11":"first","12":"instock","13":"taxable","14":"shipping-taxable","15":"purchasable","16":"product-type-simple"},"acf":[],"_links":{"self":[{"href":"https:\/\/staging.nbg.eu\/mt\/wp-json\/wp\/v2\/product\/47599","targetHints":{"allow":["GET"]}}],"collection":[{"href":"https:\/\/staging.nbg.eu\/mt\/wp-json\/wp\/v2\/product"}],"about":[{"href":"https:\/\/staging.nbg.eu\/mt\/wp-json\/wp\/v2\/types\/product"}],"wp:featuredmedia":[{"embeddable":true,"href":"https:\/\/staging.nbg.eu\/mt\/wp-json\/wp\/v2\/media\/47600"}],"wp:attachment":[{"href":"https:\/\/staging.nbg.eu\/mt\/wp-json\/wp\/v2\/media?parent=47599"}],"wp:term":[{"taxonomy":"product_brand","embeddable":true,"href":"https:\/\/staging.nbg.eu\/mt\/wp-json\/wp\/v2\/product_brand?post=47599"},{"taxonomy":"product_cat","embeddable":true,"href":"https:\/\/staging.nbg.eu\/mt\/wp-json\/wp\/v2\/product_cat?post=47599"},{"taxonomy":"product_tag","embeddable":true,"href":"https:\/\/staging.nbg.eu\/mt\/wp-json\/wp\/v2\/product_tag?post=47599"}],"curies":[{"name":"wp","href":"https:\/\/api.w.org\/{rel}","templated":true}]}}