{"id":47335,"date":"2024-07-30T18:47:47","date_gmt":"2024-09-12T13:25:01","guid":{"rendered":"https:\/\/staging.nbg.eu\/product\/surefire-maxvision-tactician-e2t-mv\/"},"modified":"2024-09-12T13:25:47","modified_gmt":"2024-09-12T13:25:47","slug":"surefire-b12-batterija-lithium-polymer","status":"publish","type":"product","link":"https:\/\/staging.nbg.eu\/mt\/product\/surefire-b12-batterija-lithium-polymer\/","title":{"rendered":"SureFire B12 Batterija Lithium Polymer"},"content":{"rendered":"<div class=\"product-description\">\n<h2>SureFire MAXVISION Tactician E2T-MV<\/h2>\n<p>SureFire MAXVISION Tactician E2T-MV hija dawl li jista&#8217; jintu\u017ca kuljum u b\u0127ala dawl tal-arma.<\/p>\n<ul>\n<li>LED b&#8217;\u017cew\u0121 outputs u riflettur MaxVision Beam\u00ae<\/li>\n<li>800 lumens fuq qawwa g\u0127olja<\/li>\n<li>5 lumens fuq qawwa baxxa g\u0127al 95 sieg\u0127a<\/li>\n<li>Swi\u010b\u010b tat-tarf g\u0127al attivazzjoni momentanja jew kostanti<\/li>\n<li>Tul ta&#8217; 5.0 pulzieri u pi\u017c ta&#8217; 3.5 uqija<\/li>\n<li>Mag\u0127mul minn aluminju b&#8217;finitura Mil-Spec Hard Anodized<\/li>\n<li>Klassifikazzjoni ta&#8217; re\u017cistenza g\u0127all-ilma IPX7<\/li>\n<li>Ja\u0127dem b&#8217;\u017cew\u0121 batteriji 123A inklu\u017ci<\/li>\n<\/ul>\n<p>Id-disinn tal-bezel jippermetti a\u0121\u0121ustament tal-output: issikka g\u0127all-output massimu jew dawwar kontra l-arlo\u0121\u0121 g\u0127al output baxx. G\u0127andu intensit\u00e0 massima ta&#8217; ra\u0121\u0121 ta&#8217; 3,200 candela u distanza ta&#8217; ra\u0121\u0121 ta&#8217; 115 metru.<\/p>\n<\/div>\n","protected":false},"excerpt":{"rendered":"<p>Dawl tattiku versatili ta&#8217; 800 lumen b&#8217;output doppju u MaxVision Beam\u00ae.<\/p>\n","protected":false},"featured_media":47336,"template":"","meta":{"_acf_changed":false},"product_brand":[11878],"product_cat":[1640,1641,1559],"product_tag":[],"class_list":{"0":"post-47335","1":"product","2":"type-product","3":"status-publish","4":"has-post-thumbnail","6":"product_brand-surefire","7":"product_cat-edc-mt","8":"product_cat-edc-lights-mt","9":"product_cat-lights-mt","11":"first","12":"instock","13":"taxable","14":"shipping-taxable","15":"purchasable","16":"product-type-simple"},"acf":[],"_links":{"self":[{"href":"https:\/\/staging.nbg.eu\/mt\/wp-json\/wp\/v2\/product\/47335","targetHints":{"allow":["GET"]}}],"collection":[{"href":"https:\/\/staging.nbg.eu\/mt\/wp-json\/wp\/v2\/product"}],"about":[{"href":"https:\/\/staging.nbg.eu\/mt\/wp-json\/wp\/v2\/types\/product"}],"wp:featuredmedia":[{"embeddable":true,"href":"https:\/\/staging.nbg.eu\/mt\/wp-json\/wp\/v2\/media\/47336"}],"wp:attachment":[{"href":"https:\/\/staging.nbg.eu\/mt\/wp-json\/wp\/v2\/media?parent=47335"}],"wp:term":[{"taxonomy":"product_brand","embeddable":true,"href":"https:\/\/staging.nbg.eu\/mt\/wp-json\/wp\/v2\/product_brand?post=47335"},{"taxonomy":"product_cat","embeddable":true,"href":"https:\/\/staging.nbg.eu\/mt\/wp-json\/wp\/v2\/product_cat?post=47335"},{"taxonomy":"product_tag","embeddable":true,"href":"https:\/\/staging.nbg.eu\/mt\/wp-json\/wp\/v2\/product_tag?post=47335"}],"curies":[{"name":"wp","href":"https:\/\/api.w.org\/{rel}","templated":true}]}}