{"id":47240,"date":"2024-07-30T18:50:58","date_gmt":"2024-09-12T13:12:32","guid":{"rendered":"https:\/\/staging.nbg.eu\/product\/surefire-b12-lithium-polymer-battery\/"},"modified":"2024-09-12T13:13:18","modified_gmt":"2024-09-12T13:13:18","slug":"surefire-sflfp123-batteriji-carger","status":"publish","type":"product","link":"https:\/\/staging.nbg.eu\/mt\/product\/surefire-sflfp123-batteriji-carger\/","title":{"rendered":"SureFire SFLFP123 Batteriji + Carger"},"content":{"rendered":"<div class=\"product-description\">\n<h2>BATTERIJA TAL-LITHIUM POLYMER SUREFIRE B12<\/h2>\n<p>Ippowerwja d-dwal tal-armi mikro-kompatti tas-Serje XSC SureFire tieg\u0127ek bil-batterija B12 Lithium Polymer \u0121enwina. Din il-batterija rikarikabbli li tista&#8217; tinqala&#8217; malajr hija ddisinjata g\u0127al tibdil velo\u010bi ming\u0127ajr ma tne\u0127\u0127i l-XSC mill-pistola tieg\u0127ek.<\/p>\n<ul>\n<li>Iddisinjata spe\u010bifikament g\u0127ad-dwal tal-armi XSC SureFire<\/li>\n<li>Tipprovdi sa 30 minuta ta&#8217; \u0127in tal-u\u017cu f&#8217;350 lumens<\/li>\n<li>Indikatur tal-ener\u0121ija bil-buttuna g\u0127al verifiki ta&#8217; malajr tal-istat tal-i\u010b\u010bar\u0121jar<\/li>\n<li>Kompatibbli ma\u010b-\u010aar\u0121er Cradle CH21 ta&#8217; SureFire g\u0127al rikargar fa\u010bli<\/li>\n<li>Soluzzjoni effettiva fl-ispi\u017ca g\u0127al u\u017cu fit-tul<\/li>\n<\/ul>\n<p>Il-B12 ta&#8217; SureFire huwa s-sors ta&#8217; ener\u0121ija affidabbli g\u0127ad-dawl tal-arma XSC tieg\u0127ek.<\/p>\n<\/div>\n","protected":false},"excerpt":{"rendered":"<p>Batterija rikarikabbli g\u0127al SureFire XSC WeaponLights. Bdil velo\u010bi, 30 minuta ta&#8217; \u0127idma.<\/p>\n","protected":false},"featured_media":47241,"template":"","meta":{"_acf_changed":false},"product_brand":[11878],"product_cat":[1609,1559],"product_tag":[],"class_list":{"0":"post-47240","1":"product","2":"type-product","3":"status-publish","4":"has-post-thumbnail","6":"product_brand-surefire","7":"product_cat-batteries-2-mt","8":"product_cat-lights-mt","10":"first","11":"instock","12":"taxable","13":"shipping-taxable","14":"purchasable","15":"product-type-simple"},"acf":[],"_links":{"self":[{"href":"https:\/\/staging.nbg.eu\/mt\/wp-json\/wp\/v2\/product\/47240","targetHints":{"allow":["GET"]}}],"collection":[{"href":"https:\/\/staging.nbg.eu\/mt\/wp-json\/wp\/v2\/product"}],"about":[{"href":"https:\/\/staging.nbg.eu\/mt\/wp-json\/wp\/v2\/types\/product"}],"wp:featuredmedia":[{"embeddable":true,"href":"https:\/\/staging.nbg.eu\/mt\/wp-json\/wp\/v2\/media\/47241"}],"wp:attachment":[{"href":"https:\/\/staging.nbg.eu\/mt\/wp-json\/wp\/v2\/media?parent=47240"}],"wp:term":[{"taxonomy":"product_brand","embeddable":true,"href":"https:\/\/staging.nbg.eu\/mt\/wp-json\/wp\/v2\/product_brand?post=47240"},{"taxonomy":"product_cat","embeddable":true,"href":"https:\/\/staging.nbg.eu\/mt\/wp-json\/wp\/v2\/product_cat?post=47240"},{"taxonomy":"product_tag","embeddable":true,"href":"https:\/\/staging.nbg.eu\/mt\/wp-json\/wp\/v2\/product_tag?post=47240"}],"curies":[{"name":"wp","href":"https:\/\/api.w.org\/{rel}","templated":true}]}}