{"id":47196,"date":"2024-07-30T18:50:58","date_gmt":"2024-07-30T18:50:58","guid":{"rendered":"https:\/\/staging.nbg.eu\/product\/surefire-sflfp123-batteries-charger\/"},"modified":"2024-09-12T13:08:47","modified_gmt":"2024-09-12T13:08:47","slug":"surefire-sflfp123-batteriji-pakkett-ta-2","status":"publish","type":"product","link":"https:\/\/staging.nbg.eu\/mt\/product\/surefire-sflfp123-batteriji-pakkett-ta-2\/","title":{"rendered":"SureFire SFLFP123 Batteriji Pakkett ta&#8217; 2"},"content":{"rendered":"<p>Il-kit tal-batteriji SureFire SFLFP123 u \u010bar\u0121er:<\/p>\n<ul>\n<li>Batteriji SFLFP123 rikarikabbli jiffrankaw il-flus meta mqabbla ma&#8217; batteriji tal-litju 123A li jintremew<\/li>\n<li>Ma fihomx metalli tqal perikolu\u017ci<\/li>\n<li>\u010aar\u0121er b&#8217;\u017cew\u0121 kompartimenti g\u0127al rikarika fa\u010bli<\/li>\n<li>Il-kit jinkludi:\n<ul>\n<li>\u017bew\u0121 \u010belloli rikarikabbli tal-Lithium Iron Phosphate (LiFePO4) 450mAh 3.2V<\/li>\n<li>\u010aar\u0121er tal-batteriji b&#8217;\u017cew\u0121 kompartimenti<\/li>\n<li>Kejbil MICRO-USB g\u0127al USB-A<\/li>\n<\/ul>\n<\/li>\n<\/ul>\n<p>Batteriji SureFire SFLFP123 u \u010bar\u0121er.<\/p>\n","protected":false},"excerpt":{"rendered":"<p>Batteriji LiFePO4 rikarikabbli b&#8217;\u010bar\u0121er. Favur l-ambjent, kost-effettivi.<\/p>\n","protected":false},"featured_media":47174,"template":"","meta":{"_acf_changed":false},"product_brand":[11878],"product_cat":[1609,1558,1559],"product_tag":[],"class_list":{"0":"post-47196","1":"product","2":"type-product","3":"status-publish","4":"has-post-thumbnail","6":"product_brand-surefire","7":"product_cat-batteries-2-mt","8":"product_cat-light-accessories-mt","9":"product_cat-lights-mt","11":"first","12":"outofstock","13":"taxable","14":"shipping-taxable","15":"purchasable","16":"product-type-simple"},"acf":[],"_links":{"self":[{"href":"https:\/\/staging.nbg.eu\/mt\/wp-json\/wp\/v2\/product\/47196","targetHints":{"allow":["GET"]}}],"collection":[{"href":"https:\/\/staging.nbg.eu\/mt\/wp-json\/wp\/v2\/product"}],"about":[{"href":"https:\/\/staging.nbg.eu\/mt\/wp-json\/wp\/v2\/types\/product"}],"wp:featuredmedia":[{"embeddable":true,"href":"https:\/\/staging.nbg.eu\/mt\/wp-json\/wp\/v2\/media\/47174"}],"wp:attachment":[{"href":"https:\/\/staging.nbg.eu\/mt\/wp-json\/wp\/v2\/media?parent=47196"}],"wp:term":[{"taxonomy":"product_brand","embeddable":true,"href":"https:\/\/staging.nbg.eu\/mt\/wp-json\/wp\/v2\/product_brand?post=47196"},{"taxonomy":"product_cat","embeddable":true,"href":"https:\/\/staging.nbg.eu\/mt\/wp-json\/wp\/v2\/product_cat?post=47196"},{"taxonomy":"product_tag","embeddable":true,"href":"https:\/\/staging.nbg.eu\/mt\/wp-json\/wp\/v2\/product_tag?post=47196"}],"curies":[{"name":"wp","href":"https:\/\/api.w.org\/{rel}","templated":true}]}}