{"id":47136,"date":"2024-07-30T18:50:58","date_gmt":"2024-07-30T18:50:58","guid":{"rendered":"https:\/\/staging.nbg.eu\/product\/surefire-sflfp123-batteries-2-pack\/"},"modified":"2024-09-12T13:04:34","modified_gmt":"2024-09-12T13:04:34","slug":"kit-komplut-ta-tindif-iosso-ghall-ar-rifle","status":"publish","type":"product","link":"https:\/\/staging.nbg.eu\/mt\/product\/kit-komplut-ta-tindif-iosso-ghall-ar-rifle\/","title":{"rendered":"Kit Komplut ta&#8217; Tindif Iosso ghall-AR Rifle"},"content":{"rendered":"<div class=\"product-description\">\n<h2>Batteriji SureFire SFLFP123 &#8211; Pakkett ta&#8217; 2<\/h2>\n<p>Batteriji SureFire SFLFP123. Dan il-pakkett ta&#8217; 2 batteriji tal-litju fosfat joffri:<\/p>\n<ul>\n<li>Qawwa g\u0127at-tor\u010bi, dwal tal-armi, u apparat ie\u0127or<\/li>\n<li>Vulta\u0121\u0121 nominali ta&#8217; 3.2V b&#8217;kapa\u010bit\u00e0 ta&#8217; 1500mAh<\/li>\n<li>Re\u017cistenza g\u0127al temperaturi estremi (-40\u00b0C sa 60\u00b0C)<\/li>\n<li>\u0126ajja fuq l-ixkaffa ta&#8217; 10 snin<\/li>\n<li>Jistg\u0127u jer\u0121g\u0127u ji\u0121u \u010b\u010bar\u0121jati sa 500 darba<\/li>\n<li>Mag\u0127mulin fl-Istati Uniti<\/li>\n<\/ul>\n<p>Dawn il-batteriji kompatti jipprovdu prestazzjoni konsistenti.<\/p>\n<\/div>\n","protected":false},"excerpt":{"rendered":"<p>Batteriji SureFire SFLFP123: \u010aelluli tal-fosfat tal-litju ta&#8217; 3V b&#8217;prestazzjoni g\u0127olja mfassla g\u0127al output u lon\u0121evit\u00e0 massimi. Dan il-pakkett ta&#8217; \u017cew\u0121 batteriji joffri ener\u0121ija affidabbli g\u0127al tor\u010bis, dwal tal-armi, u apparati o\u0127ra. Afda l-kwalit\u00e0 ta&#8217; SureFire g\u0127al ener\u0121ija konsistenti u li ddum fit-tul f&#8217;daqs kompatt.<\/p>\n","protected":false},"featured_media":47137,"template":"","meta":{"_acf_changed":false},"product_brand":[11878],"product_cat":[1609,1640,1641,1558,1559],"product_tag":[],"class_list":{"0":"post-47136","1":"product","2":"type-product","3":"status-publish","4":"has-post-thumbnail","6":"product_brand-surefire","7":"product_cat-batteries-2-mt","8":"product_cat-edc-mt","9":"product_cat-edc-lights-mt","10":"product_cat-light-accessories-mt","11":"product_cat-lights-mt","13":"first","14":"instock","15":"taxable","16":"shipping-taxable","17":"purchasable","18":"product-type-simple"},"acf":[],"_links":{"self":[{"href":"https:\/\/staging.nbg.eu\/mt\/wp-json\/wp\/v2\/product\/47136","targetHints":{"allow":["GET"]}}],"collection":[{"href":"https:\/\/staging.nbg.eu\/mt\/wp-json\/wp\/v2\/product"}],"about":[{"href":"https:\/\/staging.nbg.eu\/mt\/wp-json\/wp\/v2\/types\/product"}],"wp:featuredmedia":[{"embeddable":true,"href":"https:\/\/staging.nbg.eu\/mt\/wp-json\/wp\/v2\/media\/47137"}],"wp:attachment":[{"href":"https:\/\/staging.nbg.eu\/mt\/wp-json\/wp\/v2\/media?parent=47136"}],"wp:term":[{"taxonomy":"product_brand","embeddable":true,"href":"https:\/\/staging.nbg.eu\/mt\/wp-json\/wp\/v2\/product_brand?post=47136"},{"taxonomy":"product_cat","embeddable":true,"href":"https:\/\/staging.nbg.eu\/mt\/wp-json\/wp\/v2\/product_cat?post=47136"},{"taxonomy":"product_tag","embeddable":true,"href":"https:\/\/staging.nbg.eu\/mt\/wp-json\/wp\/v2\/product_tag?post=47136"}],"curies":[{"name":"wp","href":"https:\/\/api.w.org\/{rel}","templated":true}]}}